{"id":560,"date":"2021-04-28T13:38:57","date_gmt":"2021-04-28T11:38:57","guid":{"rendered":"https:\/\/oenoterris.com\/?page_id=560"},"modified":"2022-03-30T12:03:45","modified_gmt":"2022-03-30T10:03:45","slug":"politique-de-confidentialite","status":"publish","type":"page","link":"https:\/\/oenoterris.com\/pt\/politique-de-confidentialite\/","title":{"rendered":"Pol\u00edtica de Privacidade"},"content":{"rendered":"<p>Em conformidade com o artigo 13\u00ba do Regulamento Europeu sobre a Protec\u00e7\u00e3o de Dados Pessoais n\u00ba 2016\/679\/UE de 27 de Abril de 2016, SOFRALAB compromete-se, no \u00e2mbito das suas actividades, a assegurar a protec\u00e7\u00e3o, confidencialidade e seguran\u00e7a dos dados pessoais dos utilizadores dos seus servi\u00e7os, bem como a respeitar a sua privacidade.<\/p>\n<p>Esta pol\u00edtica aplica-se em particular aos clientes e utilizadores das ofertas e servi\u00e7os e aos visitantes dos s\u00edtios Web do Grupo SOFRALAB.<\/p>\n<p>This policy informs you about:<\/p>\n<ul>\n<li>A identidade do controlador<\/li>\n<li>A natureza dos dados pessoais recolhidos e a forma como SOFRALAB recolhe tais dados<\/li>\n<li>A recolha e utiliza\u00e7\u00e3o destes dados pessoais<\/li>\n<li>Processing and communication of personal data<\/li>\n<li>The website's cookies policy<\/li>\n<li>The rights of users concerning this personal data<\/li>\n<\/ul>\n<p>This privacy policy complements the general conditions of sale available on request or on our website.<\/p>\n<h3>1) The data controller<\/h3>\n<p>A pessoa respons\u00e1vel pelo tratamento dos dados pessoais \u00e9 SOFRALAB, localizada em 79 avenue A.A. Th\u00e9venet - CS11031 - 51530 MAGENTA - Fran\u00e7a.<\/p>\n<p>Ele pode ser contactado no seguinte endere\u00e7o electr\u00f3nico <a href=\"mailto:compta-clients@sofralab.com\">compta-clients@sofralab.com<\/a>.<\/p>\n<h3>2) Data collected<\/h3>\n<p>Os dados pessoais que podem ser recolhidos e armazenados no site por SOFRALAB s\u00e3o os seguintes:<\/p>\n<ul>\n<li>Dados de identifica\u00e7\u00e3o: Nome, nome pr\u00f3prio, identificador, SIREN...<\/li>\n<li>Dados de contacto: endere\u00e7o postal, e-mail, n\u00famero de telefone e outros dados pessoais fornecidos espontaneamente pela pessoa em quest\u00e3o atrav\u00e9s da p\u00e1gina \"Contactos\" dos s\u00edtios Web<\/li>\n<li>Profiles to enable customer segmentation<\/li>\n<\/ul>\nEm conformidade com o artigo 8\u00ba do Regulamento acima mencionado, SOFRALAB n\u00e3o pode aceitar<br \/>\ncollect or store data from persons under the age of 16.\n<p>Estes dados pessoais podem ser recolhidos quando o utilizador preenche um formul\u00e1rio de pedido de contacto ou quando efectua uma encomenda.<\/p>\n<h3>3) Recolha e utiliza\u00e7\u00e3o dos dados recolhidos<\/h3>\n<p>SOFRALAB processa dados pessoais apenas para fins espec\u00edficos, expl\u00edcitos e leg\u00edtimos.<\/p>\n<p><strong>Os objectivos perseguidos por SOFRALAB s\u00e3o os seguintes:<\/strong><\/p>\n<ul>\n<li>Gerir a identidade do cliente ou utilizador e autentific\u00e1-los<\/li>\n<li>Handling complaints<\/li>\n<li>Comunicar como parte da gest\u00e3o de clientes (por exemplo, mailings, organiza\u00e7\u00e3o de eventos, convites, etc.)<\/li>\n<li>Management of incoming mail<\/li>\n<\/ul>\n<p>Os dados s\u00e3o mantidos durante o tempo necess\u00e1rio para cumprir os objectivos acima mencionados, ou seja, pode cancelar a sua inscri\u00e7\u00e3o a qualquer momento.<\/p>\n<p><strong>SOFRALAB tamb\u00e9m processa os seus dados para cumprir as suas obriga\u00e7\u00f5es legais <\/strong><strong>or regulatory obligations.<\/strong><\/p>\n<p>Para este fim, os objectivos perseguidos por SOFRALAB s\u00e3o os seguintes:<\/p>\n<ul>\n<li>To keep the data required to be able to meet legal obligations<\/li>\n<li>To handle data disclosure to authorities entitled to request such disclosure<\/li>\n<\/ul>\n<p>Os seus dados podem ser retidos pelo tempo necess\u00e1rio para que SOFRALAB cumpra as suas obriga\u00e7\u00f5es legais.<\/p>\n<p>SOFRALAB s\u00f3 processa dados ou uma categoria de dados se estes forem estritamente necess\u00e1rios para o fim para o qual foram recolhidos.<\/p>\n<h3>4) Data processing and communication<\/h3>\n<p>SOFRALAB assegura que os seus dados pessoais s\u00e3o tratados com total seguran\u00e7a e confidencialidade. Para o efeito, s\u00e3o implementadas medidas t\u00e9cnicas e organizacionais adequadas para evitar a perda, utiliza\u00e7\u00e3o indevida, altera\u00e7\u00e3o e elimina\u00e7\u00e3o dos seus dados pessoais. Estas medidas s\u00e3o adaptadas em fun\u00e7\u00e3o do n\u00edvel de sensibilidade dos dados processados e do n\u00edvel de risco apresentado pelo processamento ou pela sua aplica\u00e7\u00e3o.<\/p>\n<p>Os dados recolhidos destinam-se aos servi\u00e7os internos da SOFRALAB.<\/p>\n<p>Finalmente, os dados tratados podem ser transmitidos \u00e0s autoridades competentes, a seu pedido, no contexto de pedidos de informa\u00e7\u00e3o das autoridades ou a fim de cumprir outras obriga\u00e7\u00f5es legais.<\/p>\n<p>Os dados recolhidos n\u00e3o ser\u00e3o processados fora da Uni\u00e3o Europeia.<\/p>\n<p>As informa\u00e7\u00f5es recolhidas podem ser comunicadas a terceiros ligados \u00e0 empresa por contrato para a execu\u00e7\u00e3o de tarefas subcontratadas necess\u00e1rias para a gest\u00e3o da encomenda, sem que seja necess\u00e1ria a autoriza\u00e7\u00e3o do cliente. Especifica-se que, no \u00e2mbito da execu\u00e7\u00e3o dos seus servi\u00e7os, os terceiros apenas t\u00eam acesso limitado aos dados e t\u00eam a obriga\u00e7\u00e3o contratual de os utilizar em conformidade com as disposi\u00e7\u00f5es da legisla\u00e7\u00e3o aplic\u00e1vel em mat\u00e9ria de protec\u00e7\u00e3o de dados pessoais. Para al\u00e9m dos casos acima expostos, o prestador de servi\u00e7os compromete-se a n\u00e3o vender, alugar, transferir ou dar acesso a terceiros aos dados sem o consentimento pr\u00e9vio do cliente, a menos que seja obrigado a faz\u00ea-lo por uma raz\u00e3o leg\u00edtima (obriga\u00e7\u00e3o legal, luta contra a fraude ou abuso, etc.).<\/p>\n<h3>5) Use of Cookies<\/h3>\n<p>Um cookie \u00e9 um pequeno ficheiro armazenado pelo site no disco r\u00edgido do utilizador contendo informa\u00e7\u00e3o sobre os h\u00e1bitos de navega\u00e7\u00e3o do utilizador.<\/p>\n<p>Este website utiliza o Google Analytics para recolher informa\u00e7\u00e3o de navega\u00e7\u00e3o do utilizador.<\/p>\n<p>To view Google\u2019s privacy policy on the Google Analytics service, please visit:\u00a0<a href=\"http:\/\/www.google.com\/intl\/en\/analytics\/privacyoverview.html\">http:\/\/www.google.com\/intl\/en\/analytics\/privacyoverview.html<\/a><\/p>\n<p>To view Google's privacy policy, please visit:\u00a0<a href=\"http:\/\/www.google.com\/intl\/en\/privacy\/privacy-policy.html\">http:\/\/www.google.com\/intl\/en\/privacy\/privacy-policy.html<\/a><\/p>\n<p>O utilizador pode desactivar os cookies do Google Analytics, descarregando um plugin dispon\u00edvel a partir da url : <a href=\"https:\/\/tools.google.com\/dlpage\/gaoptout\">https:\/\/tools.google.com\/dlpage\/gaoptout<\/a><\/p>\n<p>O utilizador pode opor-se \u00e0 grava\u00e7\u00e3o de cookies, configurando o seu software de navega\u00e7\u00e3o (Internet Explorer, Mozilla Firefox, Opera, Safari, etc.). Se o utilizador decidir desactivar os cookies, poder\u00e1 continuar a navegar no site. No entanto, qualquer mau funcionamento do site causado por esta manipula\u00e7\u00e3o n\u00e3o poderia ser considerado como sendo devido ao editor do site.<\/p>\n<h3>6) Users\u2019 rights<\/h3>\n<p>Em conformidade com os regulamentos relativos ao tratamento de dados pessoais, os utilizadores t\u00eam o direito de aceder, rectificar e apagar os dados que lhes dizem respeito. T\u00eam tamb\u00e9m o direito de se oporem ao processamento efectuado ou de solicitarem a sua limita\u00e7\u00e3o.<\/p>\n<p>Os utilizadores podem retirar o seu consentimento em qualquer altura, clicando nas liga\u00e7\u00f5es para cancelar a subscri\u00e7\u00e3o no fundo das nossas mensagens de correio electr\u00f3nico ou solicitando-o a n\u00f3s em : <a href=\"mailto:marketing@sofralab.com\">marketing@sofralab.com<\/a><\/p>\nSer-lhes-\u00e1 enviada uma resposta no prazo de um m\u00eas ap\u00f3s a recep\u00e7\u00e3o do seu pedido. Se SOFRALAB n\u00e3o responder, ou se os utilizadores desejarem contestar uma decis\u00e3o, ou se acreditarem que um dos seus direitos acima enumerados foi infringido, t\u00eam o direito de recorrer \u00e0 CNIL (Commission Nationale de l'Informatique et des Libert\u00e9s) ou a qualquer juiz competente.<br \/>\nThis personal data protection policy may be subject to change.\n<p>Last updated on 10\/03\/2020<\/p>","protected":false},"excerpt":{"rendered":"<p>Conform\u00e9ment \u00e0 l&rsquo;article 13 du R\u00e8glement Europ\u00e9en sur la Protection des Donn\u00e9es Personnelle n\u00b0 2016\/679\/EU du 27 avril [&hellip;]<\/p>\n","protected":false},"author":2,"featured_media":0,"parent":0,"menu_order":0,"comment_status":"closed","ping_status":"closed","template":"","meta":{"_seopress_robots_primary_cat":"","_seopress_titles_title":"","_seopress_titles_desc":"","_seopress_robots_index":"","inline_featured_image":false,"site-sidebar-layout":"no-sidebar","site-content-layout":"page-builder","ast-site-content-layout":"default","site-content-style":"default","site-sidebar-style":"default","ast-global-header-display":"","ast-banner-title-visibility":"","ast-main-header-display":"","ast-hfb-above-header-display":"","ast-hfb-below-header-display":"","ast-hfb-mobile-header-display":"","site-post-title":"disabled","ast-breadcrumbs-content":"","ast-featured-img":"disabled","footer-sml-layout":"","ast-disable-related-posts":"","theme-transparent-header-meta":"default","adv-header-id-meta":"","stick-header-meta":"default","header-above-stick-meta":null,"header-main-stick-meta":"","header-below-stick-meta":null,"astra-migrate-meta-layouts":"default","ast-page-background-enabled":"default","ast-page-background-meta":{"desktop":{"background-color":"","background-image":"","background-repeat":"repeat","background-position":"center center","background-size":"auto","background-attachment":"scroll","background-type":"","background-media":"","overlay-type":"","overlay-color":"","overlay-opacity":"","overlay-gradient":""},"tablet":{"background-color":"","background-image":"","background-repeat":"repeat","background-position":"center center","background-size":"auto","background-attachment":"scroll","background-type":"","background-media":"","overlay-type":"","overlay-color":"","overlay-opacity":"","overlay-gradient":""},"mobile":{"background-color":"","background-image":"","background-repeat":"repeat","background-position":"center center","background-size":"auto","background-attachment":"scroll","background-type":"","background-media":"","overlay-type":"","overlay-color":"","overlay-opacity":"","overlay-gradient":""}},"ast-content-background-meta":{"desktop":{"background-color":"var(--ast-global-color-5)","background-image":"","background-repeat":"repeat","background-position":"center center","background-size":"auto","background-attachment":"scroll","background-type":"","background-media":"","overlay-type":"","overlay-color":"","overlay-opacity":"","overlay-gradient":""},"tablet":{"background-color":"var(--ast-global-color-5)","background-image":"","background-repeat":"repeat","background-position":"center center","background-size":"auto","background-attachment":"scroll","background-type":"","background-media":"","overlay-type":"","overlay-color":"","overlay-opacity":"","overlay-gradient":""},"mobile":{"background-color":"var(--ast-global-color-5)","background-image":"","background-repeat":"repeat","background-position":"center center","background-size":"auto","background-attachment":"scroll","background-type":"","background-media":"","overlay-type":"","overlay-color":"","overlay-opacity":"","overlay-gradient":""}},"footnotes":""},"class_list":["post-560","page","type-page","status-publish","hentry"],"yoast_head":"<!-- This site is optimized with the Yoast SEO plugin v27.5 - https:\/\/yoast.com\/product\/yoast-seo-wordpress\/ -->\n<title>Politique de confidentialit\u00e9 - Oenoterris<\/title>\n<meta name=\"robots\" content=\"index, follow, max-snippet:-1, max-image-preview:large, max-video-preview:-1\" \/>\n<link rel=\"canonical\" href=\"https:\/\/oenoterris.com\/pt\/politique-de-confidentialite\/\" \/>\n<meta property=\"og:locale\" content=\"pt_PT\" \/>\n<meta property=\"og:type\" content=\"article\" \/>\n<meta property=\"og:title\" content=\"Politique de confidentialit\u00e9 - Oenoterris\" \/>\n<meta property=\"og:description\" content=\"Conform\u00e9ment \u00e0 l&rsquo;article 13 du R\u00e8glement Europ\u00e9en sur la Protection des Donn\u00e9es Personnelle n\u00b0 2016\/679\/EU du 27 avril [&hellip;]\" \/>\n<meta property=\"og:url\" content=\"https:\/\/oenoterris.com\/pt\/politique-de-confidentialite\/\" \/>\n<meta property=\"og:site_name\" content=\"Oenoterris\" \/>\n<meta property=\"article:modified_time\" content=\"2022-03-30T10:03:45+00:00\" \/>\n<meta name=\"twitter:card\" content=\"summary_large_image\" \/>\n<meta name=\"twitter:label1\" content=\"Tempo estimado de leitura\" \/>\n\t<meta name=\"twitter:data1\" content=\"6 minutos\" \/>\n<script type=\"application\/ld+json\" class=\"yoast-schema-graph\">{\"@context\":\"https:\\\/\\\/schema.org\",\"@graph\":[{\"@type\":\"WebPage\",\"@id\":\"https:\\\/\\\/oenoterris.com\\\/politique-de-confidentialite\\\/\",\"url\":\"https:\\\/\\\/oenoterris.com\\\/politique-de-confidentialite\\\/\",\"name\":\"Politique de confidentialit\u00e9 - Oenoterris\",\"isPartOf\":{\"@id\":\"https:\\\/\\\/oenoterris.com\\\/#website\"},\"datePublished\":\"2021-04-28T11:38:57+00:00\",\"dateModified\":\"2022-03-30T10:03:45+00:00\",\"breadcrumb\":{\"@id\":\"https:\\\/\\\/oenoterris.com\\\/politique-de-confidentialite\\\/#breadcrumb\"},\"inLanguage\":\"pt-PT\",\"potentialAction\":[{\"@type\":\"ReadAction\",\"target\":[\"https:\\\/\\\/oenoterris.com\\\/politique-de-confidentialite\\\/\"]}]},{\"@type\":\"BreadcrumbList\",\"@id\":\"https:\\\/\\\/oenoterris.com\\\/politique-de-confidentialite\\\/#breadcrumb\",\"itemListElement\":[{\"@type\":\"ListItem\",\"position\":1,\"name\":\"Accueil\",\"item\":\"https:\\\/\\\/oenoterris.com\\\/\"},{\"@type\":\"ListItem\",\"position\":2,\"name\":\"Politique de confidentialit\u00e9\"}]},{\"@type\":\"WebSite\",\"@id\":\"https:\\\/\\\/oenoterris.com\\\/#website\",\"url\":\"https:\\\/\\\/oenoterris.com\\\/\",\"name\":\"Oenoterris\",\"description\":\"De la vigne au vin\",\"publisher\":{\"@id\":\"https:\\\/\\\/oenoterris.com\\\/#organization\"},\"potentialAction\":[{\"@type\":\"SearchAction\",\"target\":{\"@type\":\"EntryPoint\",\"urlTemplate\":\"https:\\\/\\\/oenoterris.com\\\/?s={search_term_string}\"},\"query-input\":{\"@type\":\"PropertyValueSpecification\",\"valueRequired\":true,\"valueName\":\"search_term_string\"}}],\"inLanguage\":\"pt-PT\"},{\"@type\":\"Organization\",\"@id\":\"https:\\\/\\\/oenoterris.com\\\/#organization\",\"name\":\"Oenoterris\",\"url\":\"https:\\\/\\\/oenoterris.com\\\/\",\"logo\":{\"@type\":\"ImageObject\",\"inLanguage\":\"pt-PT\",\"@id\":\"https:\\\/\\\/oenoterris.com\\\/#\\\/schema\\\/logo\\\/image\\\/\",\"url\":\"https:\\\/\\\/oenoterris.com\\\/wp-content\\\/uploads\\\/2023\\\/09\\\/oenoterris-logo.png\",\"contentUrl\":\"https:\\\/\\\/oenoterris.com\\\/wp-content\\\/uploads\\\/2023\\\/09\\\/oenoterris-logo.png\",\"width\":600,\"height\":242,\"caption\":\"Oenoterris\"},\"image\":{\"@id\":\"https:\\\/\\\/oenoterris.com\\\/#\\\/schema\\\/logo\\\/image\\\/\"}}]}<\/script>\n<!-- \/ Yoast SEO plugin. -->","yoast_head_json":{"title":"Pol\u00edtica de privacidade - Oenoterris","robots":{"index":"index","follow":"follow","max-snippet":"max-snippet:-1","max-image-preview":"max-image-preview:large","max-video-preview":"max-video-preview:-1"},"canonical":"https:\/\/oenoterris.com\/pt\/politique-de-confidentialite\/","og_locale":"pt_PT","og_type":"article","og_title":"Politique de confidentialit\u00e9 - Oenoterris","og_description":"Conform\u00e9ment \u00e0 l&rsquo;article 13 du R\u00e8glement Europ\u00e9en sur la Protection des Donn\u00e9es Personnelle n\u00b0 2016\/679\/EU du 27 avril [&hellip;]","og_url":"https:\/\/oenoterris.com\/pt\/politique-de-confidentialite\/","og_site_name":"Oenoterris","article_modified_time":"2022-03-30T10:03:45+00:00","twitter_card":"summary_large_image","twitter_misc":{"Tempo estimado de leitura":"6 minutos"},"schema":{"@context":"https:\/\/schema.org","@graph":[{"@type":"WebPage","@id":"https:\/\/oenoterris.com\/politique-de-confidentialite\/","url":"https:\/\/oenoterris.com\/politique-de-confidentialite\/","name":"Pol\u00edtica de privacidade - Oenoterris","isPartOf":{"@id":"https:\/\/oenoterris.com\/#website"},"datePublished":"2021-04-28T11:38:57+00:00","dateModified":"2022-03-30T10:03:45+00:00","breadcrumb":{"@id":"https:\/\/oenoterris.com\/politique-de-confidentialite\/#breadcrumb"},"inLanguage":"pt-PT","potentialAction":[{"@type":"ReadAction","target":["https:\/\/oenoterris.com\/politique-de-confidentialite\/"]}]},{"@type":"BreadcrumbList","@id":"https:\/\/oenoterris.com\/politique-de-confidentialite\/#breadcrumb","itemListElement":[{"@type":"ListItem","position":1,"name":"Accueil","item":"https:\/\/oenoterris.com\/"},{"@type":"ListItem","position":2,"name":"Politique de confidentialit\u00e9"}]},{"@type":"WebSite","@id":"https:\/\/oenoterris.com\/#website","url":"https:\/\/oenoterris.com\/","name":"Oenoterris","description":"Da videira ao vinho","publisher":{"@id":"https:\/\/oenoterris.com\/#organization"},"potentialAction":[{"@type":"SearchAction","target":{"@type":"EntryPoint","urlTemplate":"https:\/\/oenoterris.com\/?s={search_term_string}"},"query-input":{"@type":"PropertyValueSpecification","valueRequired":true,"valueName":"search_term_string"}}],"inLanguage":"pt-PT"},{"@type":"Organization","@id":"https:\/\/oenoterris.com\/#organization","name":"Oenoterris","url":"https:\/\/oenoterris.com\/","logo":{"@type":"ImageObject","inLanguage":"pt-PT","@id":"https:\/\/oenoterris.com\/#\/schema\/logo\/image\/","url":"https:\/\/oenoterris.com\/wp-content\/uploads\/2023\/09\/oenoterris-logo.png","contentUrl":"https:\/\/oenoterris.com\/wp-content\/uploads\/2023\/09\/oenoterris-logo.png","width":600,"height":242,"caption":"Oenoterris"},"image":{"@id":"https:\/\/oenoterris.com\/#\/schema\/logo\/image\/"}}]}},"_links":{"self":[{"href":"https:\/\/oenoterris.com\/pt\/wp-json\/wp\/v2\/pages\/560","targetHints":{"allow":["GET"]}}],"collection":[{"href":"https:\/\/oenoterris.com\/pt\/wp-json\/wp\/v2\/pages"}],"about":[{"href":"https:\/\/oenoterris.com\/pt\/wp-json\/wp\/v2\/types\/page"}],"author":[{"embeddable":true,"href":"https:\/\/oenoterris.com\/pt\/wp-json\/wp\/v2\/users\/2"}],"replies":[{"embeddable":true,"href":"https:\/\/oenoterris.com\/pt\/wp-json\/wp\/v2\/comments?post=560"}],"version-history":[{"count":5,"href":"https:\/\/oenoterris.com\/pt\/wp-json\/wp\/v2\/pages\/560\/revisions"}],"predecessor-version":[{"id":2287,"href":"https:\/\/oenoterris.com\/pt\/wp-json\/wp\/v2\/pages\/560\/revisions\/2287"}],"wp:attachment":[{"href":"https:\/\/oenoterris.com\/pt\/wp-json\/wp\/v2\/media?parent=560"}],"curies":[{"name":"wp","href":"https:\/\/api.w.org\/{rel}","templated":true}]}}