{"id":554,"date":"2021-04-28T13:26:27","date_gmt":"2021-04-28T11:26:27","guid":{"rendered":"https:\/\/oenoterris.com\/?page_id=554"},"modified":"2022-03-30T12:02:10","modified_gmt":"2022-03-30T10:02:10","slug":"privacy-policy","status":"publish","type":"page","link":"https:\/\/oenoterris.com\/pt\/privacy-policy\/","title":{"rendered":"Informa\u00e7\u00e3o legal"},"content":{"rendered":"<h2>Informa\u00e7\u00e3o legal<\/h2>\n<h3>1. Apresenta\u00e7\u00e3o do site.<\/h3>\n<p>Nos termos do artigo 6\u00ba da Lei n\u00ba 2004-575 de 21 de Junho de 2004 sobre a confian\u00e7a na economia digital, os utilizadores do site s\u00e3o informados de que <a href=\"http:\/\/www.oenoterris.fr\/\">www.oenoterris.fr<\/a> a identidade das v\u00e1rias partes envolvidas na sua implementa\u00e7\u00e3o e controlo:<\/p>\n<strong>Propriet\u00e1rio<\/strong> Sofralab - SAS (n\u00famero SIRET: 57222486300041) - 79 AV A.A THEVENET 51530 MAGENTA<br \/>\n<strong>Criador<\/strong>  : <a href=\"\/pt\/www.receptive.biz\/\">Ag\u00eancia receptora<\/a><br \/>\n<strong>Respons\u00e1vel pela publica\u00e7\u00e3o<\/strong> CAILLIEAUDEAUX Robin - rcaillieaudeaux@sofralab.com<br \/>\nA pessoa respons\u00e1vel pela publica\u00e7\u00e3o \u00e9 uma pessoa singular ou colectiva.<br \/>\n<strong>Webmaster<\/strong> : Ag\u00eancia Receptiva - agence@receptive.biz<br \/>\n<strong>Anfitri\u00e3o<\/strong> O2switch - 222 Boulevard Gustave Flaubert, 63000 Clermont-Ferrand<br \/>\nCr\u00e9ditos: <br \/>\nO modelo de aviso legal \u00e9 oferecido por Subdelirium.com <a target=\"_blank\" href=\"https:\/\/www.subdelirium.com\/generateur-de-mentions-legales\/\" alt=\"generateur de mentions l\u00e9gales\" rel=\"noopener\">Gerador de avisos legais<\/a>\n<h3>2. Condi\u00e7\u00f5es gerais de utiliza\u00e7\u00e3o do site e dos servi\u00e7os oferecidos.<\/h3>\n<p>A utiliza\u00e7\u00e3o do site <a href=\"http:\/\/www.oenoterris.fr\/\">www.oenoterris.fr<\/a> implica a aceita\u00e7\u00e3o total e completa das condi\u00e7\u00f5es gerais de utiliza\u00e7\u00e3o descritas abaixo. Estas condi\u00e7\u00f5es de utiliza\u00e7\u00e3o podem ser modificadas ou complementadas em qualquer momento, os utilizadores do site <a href=\"http:\/\/www.oenoterris.fr\/\">www.oenoterris.fr<\/a> s\u00e3o, portanto, convidados a consult\u00e1-los regularmente.<\/p>\n<p>Este site \u00e9 normalmente acess\u00edvel aos utilizadores em qualquer altura. No entanto, a Sofralab pode decidir interromper o s\u00edtio para fins de manuten\u00e7\u00e3o t\u00e9cnica. Nesse caso, a Sofralab esfor\u00e7ar-se-\u00e1 por informar previamente os utilizadores das datas e horas da interven\u00e7\u00e3o.<\/p>\n<p>O site <a href=\"http:\/\/www.oenoterris.fr\/\">www.oenoterris.fr<\/a> \u00e9 actualizado regularmente pela CAILLIEAUDEAUX Robin. Da mesma forma, os avisos legais podem ser modificados em qualquer altura: s\u00e3o no entanto vinculativos para o utilizador, que \u00e9 convidado a consult\u00e1-los o mais frequentemente poss\u00edvel para tomar nota deles.<\/p>\n<h3>3. Descri\u00e7\u00e3o dos servi\u00e7os prestados.<\/h3>\n<p>O site <a href=\"http:\/\/www.oenoterris.fr\/\">www.oenoterris.fr<\/a> \u00e9 fornecer informa\u00e7\u00f5es sobre todas as actividades da empresa.<\/p>\n<p>Sofralab esfor\u00e7a-se por fornecer no site <a href=\"http:\/\/www.oenoterris.fr\/\">www.oenoterris.fr<\/a> informa\u00e7\u00e3o t\u00e3o precisa quanto poss\u00edvel. No entanto, n\u00e3o pode ser responsabilizada por omiss\u00f5es, imprecis\u00f5es e defici\u00eancias na actualiza\u00e7\u00e3o, quer estas sejam culpa sua ou de parceiros terceiros que lhe forne\u00e7am esta informa\u00e7\u00e3o.<\/p>\n<p>Toda a informa\u00e7\u00e3o no website <a href=\"http:\/\/www.oenoterris.fr\/\">www.oenoterris.fr<\/a> s\u00e3o dados apenas a t\u00edtulo informativo e est\u00e3o sujeitos a altera\u00e7\u00f5es. Al\u00e9m disso, as informa\u00e7\u00f5es no site <a href=\"http:\/\/www.oenoterris.fr\/\">www.oenoterris.fr<\/a> n\u00e3o s\u00e3o exaustivas. S\u00e3o dados sujeitos a modifica\u00e7\u00f5es desde que foram colocados em linha.<\/p>\n<h3>4. Limita\u00e7\u00f5es contratuais sobre dados t\u00e9cnicos.<\/h3>\n<p>O site utiliza tecnologia JavaScript.<\/p>\n<p>O site n\u00e3o pode ser responsabilizado por quaisquer danos materiais ligados \u00e0 utiliza\u00e7\u00e3o do site. Al\u00e9m disso, o utilizador do s\u00edtio compromete-se a aceder ao s\u00edtio utilizando equipamento recente, livre de v\u00edrus e com um navegador actualizado de \u00faltima gera\u00e7\u00e3o.<\/p>\n<h3>5. Propriedade intelectual e contrafac\u00e7\u00e3o.<\/h3>\n<p>Sofralab \u00e9 o propriet\u00e1rio dos direitos de propriedade intelectual ou det\u00e9m os direitos de utiliza\u00e7\u00e3o de todos os elementos acess\u00edveis no site, em particular os textos, imagens, gr\u00e1ficos, log\u00f3tipos, \u00edcones, sons e software.<\/p>\n<p>\u00c9 proibida qualquer reprodu\u00e7\u00e3o, representa\u00e7\u00e3o, modifica\u00e7\u00e3o, publica\u00e7\u00e3o, adapta\u00e7\u00e3o de todos ou parte dos elementos do s\u00edtio, seja qual for o meio ou processo utilizado, excepto com a autoriza\u00e7\u00e3o pr\u00e9via por escrito de : Sofralab.<\/p>\n<p>Qualquer utiliza\u00e7\u00e3o n\u00e3o autorizada do site ou de qualquer dos elementos nele contidos ser\u00e1 considerada como constituindo uma infrac\u00e7\u00e3o e ser\u00e1 processada de acordo com as disposi\u00e7\u00f5es dos artigos L.335-2 e seguintes do C\u00f3digo da Propriedade Intelectual.<\/p>\n<h3>6. Limita\u00e7\u00f5es de responsabilidade.<\/h3>\n<p>Sofralab n\u00e3o pode ser responsabilizada por danos directos e indirectos causados ao equipamento do utilizador ao aceder ao website www.oenoterris.fr, e resultantes quer da utiliza\u00e7\u00e3o de equipamento que n\u00e3o cumpra as especifica\u00e7\u00f5es indicadas no ponto 4, quer do aparecimento de um bug ou incompatibilidade.<\/p>\n<p>Sofralab n\u00e3o pode ser considerada respons\u00e1vel por qualquer dano indirecto (como perda de mercado ou perda de oportunidade) resultante da utiliza\u00e7\u00e3o do site <a href=\"http:\/\/www.oenoterris.fr\/\">www.oenoterris.fr<\/a>.<\/p>\n<p>As \u00e1reas interactivas (possibilidade de fazer perguntas na \u00e1rea de contacto) est\u00e3o dispon\u00edveis para os utilizadores. Sofralab reserva-se o direito de eliminar, sem aviso pr\u00e9vio, qualquer conte\u00fado publicado nesta \u00e1rea que viole a legisla\u00e7\u00e3o aplic\u00e1vel em Fran\u00e7a, em particular as disposi\u00e7\u00f5es relativas \u00e0 protec\u00e7\u00e3o de dados. Quando aplic\u00e1vel, Sofralab reserva-se tamb\u00e9m o direito de responsabilizar civil e\/ou criminalmente o utilizador, particularmente no caso de mensagens de natureza racista, insultuosa, difamat\u00f3ria ou pornogr\u00e1fica, qualquer que seja o meio utilizado (texto, fotografias, etc.).<\/p>\n<h3>7. Gest\u00e3o de dados pessoais.<\/h3>\n<p>Em Fran\u00e7a, os dados pessoais s\u00e3o protegidos pela lei n\u00ba 78-87 de 6 de Janeiro de 1978, lei n\u00ba 2004-801 de 6 de Agosto de 2004, artigo L. 226-13 do C\u00f3digo Penal e pela Directiva Europeia de 24 de Outubro de 1995.<\/p>\n<p>Ao utilizar o s\u00edtio <a href=\"http:\/\/www.oenoterris.fr\/\">www.oenoterris.fr<\/a>Podem ser recolhidos os seguintes dados: o URL dos links atrav\u00e9s dos quais o utilizador acedeu ao site <a href=\"http:\/\/www.oenoterris.fr\/\">www.oenoterris.fr<\/a>O endere\u00e7o Internet Protocol (IP) do utilizador.<\/p>\n<p> Em qualquer caso, Sofralab s\u00f3 recolhe informa\u00e7\u00f5es pessoais sobre o utilizador para efeitos de determinados servi\u00e7os oferecidos pelo site <a href=\"http:\/\/www.oenoterris.fr\/\">www.oenoterris.fr<\/a>. O utilizador fornece esta informa\u00e7\u00e3o com pleno conhecimento dos factos, em particular quando entra nela. \u00c9 ent\u00e3o especificado ao utilizador do site <a href=\"http:\/\/www.oenoterris.fr\/\">www.oenoterris.fr<\/a> a obriga\u00e7\u00e3o de fornecer esta informa\u00e7\u00e3o.<\/p>\n<p>Em conformidade com o disposto nos artigos 38 e seguintes da lei 78-17 de 6 de Janeiro de 1978 relativa ao tratamento de dados, ficheiros e liberdades, qualquer utilizador disp\u00f5e de um direito de acesso, rectifica\u00e7\u00e3o e oposi\u00e7\u00e3o aos dados pessoais que lhe dizem respeito, mediante pedido escrito e assinado, acompanhado de uma c\u00f3pia do bilhete de identidade com assinatura do titular do documento, especificando o endere\u00e7o para o qual a resposta deve ser enviada.<\/p>\n<p>Nenhuma informa\u00e7\u00e3o pessoal do utilizador do site <a href=\"http:\/\/www.oenoterris.fr\/\">www.oenoterris.fr<\/a> \u00e9 publicado sem o conhecimento do utilizador, trocado, transferido, cedido ou vendido em qualquer meio a terceiros. S\u00f3 a assun\u00e7\u00e3o da compra da Sofralab e dos seus direitos permitiria a transmiss\u00e3o das referidas informa\u00e7\u00f5es ao eventual comprador que, por sua vez, estaria vinculado \u00e0 mesma obriga\u00e7\u00e3o de conserva\u00e7\u00e3o e modifica\u00e7\u00e3o dos dados no que respeita ao utilizador do s\u00edtio <a href=\"http:\/\/www.oenoterris.fr\/\">www.oenoterris.fr<\/a>.<\/p>\n<p>As bases de dados s\u00e3o protegidas pelas disposi\u00e7\u00f5es da lei de 1 de Julho de 1998 que transp\u00f5e a Directiva 96\/9 de 11 de Mar\u00e7o de 1996 relativa \u00e0 protec\u00e7\u00e3o jur\u00eddica das bases de dados.<\/p>\n<h3>8. Hiperliga\u00e7\u00f5es e cookies.<\/h3>\n<p>O site <a href=\"http:\/\/www.oenoterris.fr\/\">www.oenoterris.fr<\/a> cont\u00e9m uma s\u00e9rie de hiperliga\u00e7\u00f5es para outros s\u00edtios, criadas com a autoriza\u00e7\u00e3o do Sofralab. No entanto, Sofralab n\u00e3o tem a possibilidade de verificar o conte\u00fado dos s\u00edtios visitados desta forma, e consequentemente n\u00e3o assumir\u00e1 qualquer responsabilidade por isso.<\/p>\n<p>Navegar no site <a href=\"http:\/\/www.oenoterris.fr\/\">www.oenoterris.fr<\/a> podem fazer com que os cookies sejam instalados no computador do utilizador. Um cookie \u00e9 um pequeno ficheiro que n\u00e3o permite a identifica\u00e7\u00e3o do utilizador, mas que regista informa\u00e7\u00f5es relativas \u00e0 navega\u00e7\u00e3o de um computador num s\u00edtio. Os dados assim obtidos destinam-se a facilitar a navega\u00e7\u00e3o subsequente no site, e tamb\u00e9m a permitir v\u00e1rias medidas de frequ\u00eancia.<\/p>\n<p>A recusa de instalar um cookie pode tornar imposs\u00edvel o acesso a determinados servi\u00e7os. No entanto, o utilizador pode configurar o seu computador da seguinte forma para recusar a instala\u00e7\u00e3o de cookies:<\/p>\n<p>No Internet Explorer: separador Ferramentas (\u00edcone em forma de cogumelo no canto superior direito) \/ op\u00e7\u00f5es de Internet. Clique em Confidencialidade e escolha Bloquear todos os cookies. Validar em Ok.<\/p>\nNo Firefox: no topo da janela do navegador, clique no bot\u00e3o Firefox, depois v\u00e1 para o separador Op\u00e7\u00f5es. Clique no separador Privacidade.\n  Definir as Regras de Reten\u00e7\u00e3o para: utilizar configura\u00e7\u00f5es personalizadas para hist\u00f3rico. Finalmente, desmarc\u00e1-lo para desactivar os cookies.\n<p>No Safari: Clique no \u00edcone do menu (simbolizado por uma engrenagem) na parte superior direita do navegador. Seleccionar Defini\u00e7\u00f5es. Clique em Mostrar configura\u00e7\u00f5es avan\u00e7adas. Na sec\u00e7\u00e3o 'Privacidade', clicar em 'Defini\u00e7\u00f5es de conte\u00fado'. Na sec\u00e7\u00e3o \"Cookies\", pode bloquear os cookies.<\/p>\n<p>Em Cromo: Clique no \u00edcone do menu (simbolizado por tr\u00eas linhas horizontais) na parte superior direita do navegador. Seleccionar Defini\u00e7\u00f5es. Clique em Mostrar configura\u00e7\u00f5es avan\u00e7adas. Na sec\u00e7\u00e3o \"Privacidade\", clicar em prefer\u00eancias.  No separador \"Privacidade\", pode bloquear os cookies.<\/p>\n<h3>9. Lei aplic\u00e1vel e jurisdi\u00e7\u00e3o.<\/h3>\n<p>Qualquer disputa relacionada com a utiliza\u00e7\u00e3o do site <a href=\"http:\/\/www.oenoterris.fr\/\">www.oenoterris.fr<\/a> est\u00e1 sujeito \u00e0 lei francesa. Os tribunais competentes de Paris t\u00eam jurisdi\u00e7\u00e3o exclusiva.<\/p>\n<h3>10. As principais leis envolvidas.<\/h3>\n<p>Lei n\u00b0 78-17 de 6 de Janeiro de 1978, nomeadamente alterada pela lei n\u00b0 2004-801 de 6 de Agosto de 2004 sobre tecnologias da informa\u00e7\u00e3o, ficheiros e liberdades.<\/p>\n<p> Lei n.\u00ba 2004-575 de 21 de Junho de 2004 para a confian\u00e7a na economia digital.<\/p>\n<h3>11. L\u00e9xico.<\/h3>\n<p>Utilizador: Utilizador da Internet que se liga e utiliza o s\u00edtio acima mencionado.<\/p>\n<p>Informa\u00e7\u00f5es pessoais: \"informa\u00e7\u00f5es que permitem, sob qualquer forma, directa ou indirectamente, a identifica\u00e7\u00e3o das pessoas singulares \u00e0s quais se aplica\" (artigo 4 da lei n\u00b0 78-17 de 6 de Janeiro de 1978).<\/p>","protected":false},"excerpt":{"rendered":"<p>Informations l\u00e9gales 1. Pr\u00e9sentation du site. En vertu de l&rsquo;article 6 de la loi n\u00b0 2004-575 du 21 [&hellip;]<\/p>\n","protected":false},"author":2,"featured_media":0,"parent":0,"menu_order":0,"comment_status":"closed","ping_status":"closed","template":"","meta":{"_seopress_robots_primary_cat":"","_seopress_titles_title":"","_seopress_titles_desc":"","_seopress_robots_index":"","inline_featured_image":false,"site-sidebar-layout":"no-sidebar","site-content-layout":"page-builder","ast-site-content-layout":"default","site-content-style":"default","site-sidebar-style":"default","ast-global-header-display":"","ast-banner-title-visibility":"","ast-main-header-display":"","ast-hfb-above-header-display":"","ast-hfb-below-header-display":"","ast-hfb-mobile-header-display":"","site-post-title":"disabled","ast-breadcrumbs-content":"","ast-featured-img":"disabled","footer-sml-layout":"","ast-disable-related-posts":"","theme-transparent-header-meta":"default","adv-header-id-meta":"","stick-header-meta":"default","header-above-stick-meta":"","header-main-stick-meta":"","header-below-stick-meta":"","astra-migrate-meta-layouts":"default","ast-page-background-enabled":"default","ast-page-background-meta":{"desktop":{"background-color":"","background-image":"","background-repeat":"repeat","background-position":"center center","background-size":"auto","background-attachment":"scroll","background-type":"","background-media":"","overlay-type":"","overlay-color":"","overlay-opacity":"","overlay-gradient":""},"tablet":{"background-color":"","background-image":"","background-repeat":"repeat","background-position":"center center","background-size":"auto","background-attachment":"scroll","background-type":"","background-media":"","overlay-type":"","overlay-color":"","overlay-opacity":"","overlay-gradient":""},"mobile":{"background-color":"","background-image":"","background-repeat":"repeat","background-position":"center center","background-size":"auto","background-attachment":"scroll","background-type":"","background-media":"","overlay-type":"","overlay-color":"","overlay-opacity":"","overlay-gradient":""}},"ast-content-background-meta":{"desktop":{"background-color":"var(--ast-global-color-5)","background-image":"","background-repeat":"repeat","background-position":"center center","background-size":"auto","background-attachment":"scroll","background-type":"","background-media":"","overlay-type":"","overlay-color":"","overlay-opacity":"","overlay-gradient":""},"tablet":{"background-color":"var(--ast-global-color-5)","background-image":"","background-repeat":"repeat","background-position":"center center","background-size":"auto","background-attachment":"scroll","background-type":"","background-media":"","overlay-type":"","overlay-color":"","overlay-opacity":"","overlay-gradient":""},"mobile":{"background-color":"var(--ast-global-color-5)","background-image":"","background-repeat":"repeat","background-position":"center center","background-size":"auto","background-attachment":"scroll","background-type":"","background-media":"","overlay-type":"","overlay-color":"","overlay-opacity":"","overlay-gradient":""}},"footnotes":""},"class_list":["post-554","page","type-page","status-publish","hentry"],"yoast_head":"<!-- This site is optimized with the Yoast SEO plugin v27.5 - https:\/\/yoast.com\/product\/yoast-seo-wordpress\/ -->\n<title>Mentions l\u00e9gales - Oenoterris<\/title>\n<meta name=\"robots\" content=\"index, follow, max-snippet:-1, max-image-preview:large, max-video-preview:-1\" \/>\n<link rel=\"canonical\" href=\"https:\/\/oenoterris.com\/pt\/privacy-policy\/\" \/>\n<meta property=\"og:locale\" content=\"pt_PT\" \/>\n<meta property=\"og:type\" content=\"article\" \/>\n<meta property=\"og:title\" content=\"Mentions l\u00e9gales - Oenoterris\" \/>\n<meta property=\"og:description\" content=\"Informations l\u00e9gales 1. Pr\u00e9sentation du site. En vertu de l&rsquo;article 6 de la loi n\u00b0 2004-575 du 21 [&hellip;]\" \/>\n<meta property=\"og:url\" content=\"https:\/\/oenoterris.com\/pt\/privacy-policy\/\" \/>\n<meta property=\"og:site_name\" content=\"Oenoterris\" \/>\n<meta property=\"article:modified_time\" content=\"2022-03-30T10:02:10+00:00\" \/>\n<meta name=\"twitter:card\" content=\"summary_large_image\" \/>\n<meta name=\"twitter:label1\" content=\"Tempo estimado de leitura\" \/>\n\t<meta name=\"twitter:data1\" content=\"8 minutos\" \/>\n<script type=\"application\/ld+json\" class=\"yoast-schema-graph\">{\"@context\":\"https:\\\/\\\/schema.org\",\"@graph\":[{\"@type\":\"WebPage\",\"@id\":\"https:\\\/\\\/oenoterris.com\\\/mentions-legales\\\/\",\"url\":\"https:\\\/\\\/oenoterris.com\\\/mentions-legales\\\/\",\"name\":\"Mentions l\u00e9gales - Oenoterris\",\"isPartOf\":{\"@id\":\"https:\\\/\\\/oenoterris.com\\\/#website\"},\"datePublished\":\"2021-04-28T11:26:27+00:00\",\"dateModified\":\"2022-03-30T10:02:10+00:00\",\"breadcrumb\":{\"@id\":\"https:\\\/\\\/oenoterris.com\\\/mentions-legales\\\/#breadcrumb\"},\"inLanguage\":\"pt-PT\",\"potentialAction\":[{\"@type\":\"ReadAction\",\"target\":[\"https:\\\/\\\/oenoterris.com\\\/mentions-legales\\\/\"]}]},{\"@type\":\"BreadcrumbList\",\"@id\":\"https:\\\/\\\/oenoterris.com\\\/mentions-legales\\\/#breadcrumb\",\"itemListElement\":[{\"@type\":\"ListItem\",\"position\":1,\"name\":\"Accueil\",\"item\":\"https:\\\/\\\/oenoterris.com\\\/\"},{\"@type\":\"ListItem\",\"position\":2,\"name\":\"Mentions l\u00e9gales\"}]},{\"@type\":\"WebSite\",\"@id\":\"https:\\\/\\\/oenoterris.com\\\/#website\",\"url\":\"https:\\\/\\\/oenoterris.com\\\/\",\"name\":\"Oenoterris\",\"description\":\"De la vigne au vin\",\"publisher\":{\"@id\":\"https:\\\/\\\/oenoterris.com\\\/#organization\"},\"potentialAction\":[{\"@type\":\"SearchAction\",\"target\":{\"@type\":\"EntryPoint\",\"urlTemplate\":\"https:\\\/\\\/oenoterris.com\\\/?s={search_term_string}\"},\"query-input\":{\"@type\":\"PropertyValueSpecification\",\"valueRequired\":true,\"valueName\":\"search_term_string\"}}],\"inLanguage\":\"pt-PT\"},{\"@type\":\"Organization\",\"@id\":\"https:\\\/\\\/oenoterris.com\\\/#organization\",\"name\":\"Oenoterris\",\"url\":\"https:\\\/\\\/oenoterris.com\\\/\",\"logo\":{\"@type\":\"ImageObject\",\"inLanguage\":\"pt-PT\",\"@id\":\"https:\\\/\\\/oenoterris.com\\\/#\\\/schema\\\/logo\\\/image\\\/\",\"url\":\"https:\\\/\\\/oenoterris.com\\\/wp-content\\\/uploads\\\/2023\\\/09\\\/oenoterris-logo.png\",\"contentUrl\":\"https:\\\/\\\/oenoterris.com\\\/wp-content\\\/uploads\\\/2023\\\/09\\\/oenoterris-logo.png\",\"width\":600,\"height\":242,\"caption\":\"Oenoterris\"},\"image\":{\"@id\":\"https:\\\/\\\/oenoterris.com\\\/#\\\/schema\\\/logo\\\/image\\\/\"}}]}<\/script>\n<!-- \/ Yoast SEO plugin. -->","yoast_head_json":{"title":"Informa\u00e7\u00f5es legais - Oenoterris","robots":{"index":"index","follow":"follow","max-snippet":"max-snippet:-1","max-image-preview":"max-image-preview:large","max-video-preview":"max-video-preview:-1"},"canonical":"https:\/\/oenoterris.com\/pt\/privacy-policy\/","og_locale":"pt_PT","og_type":"article","og_title":"Mentions l\u00e9gales - Oenoterris","og_description":"Informations l\u00e9gales 1. Pr\u00e9sentation du site. En vertu de l&rsquo;article 6 de la loi n\u00b0 2004-575 du 21 [&hellip;]","og_url":"https:\/\/oenoterris.com\/pt\/privacy-policy\/","og_site_name":"Oenoterris","article_modified_time":"2022-03-30T10:02:10+00:00","twitter_card":"summary_large_image","twitter_misc":{"Tempo estimado de leitura":"8 minutos"},"schema":{"@context":"https:\/\/schema.org","@graph":[{"@type":"WebPage","@id":"https:\/\/oenoterris.com\/mentions-legales\/","url":"https:\/\/oenoterris.com\/mentions-legales\/","name":"Informa\u00e7\u00f5es legais - Oenoterris","isPartOf":{"@id":"https:\/\/oenoterris.com\/#website"},"datePublished":"2021-04-28T11:26:27+00:00","dateModified":"2022-03-30T10:02:10+00:00","breadcrumb":{"@id":"https:\/\/oenoterris.com\/mentions-legales\/#breadcrumb"},"inLanguage":"pt-PT","potentialAction":[{"@type":"ReadAction","target":["https:\/\/oenoterris.com\/mentions-legales\/"]}]},{"@type":"BreadcrumbList","@id":"https:\/\/oenoterris.com\/mentions-legales\/#breadcrumb","itemListElement":[{"@type":"ListItem","position":1,"name":"Accueil","item":"https:\/\/oenoterris.com\/"},{"@type":"ListItem","position":2,"name":"Mentions l\u00e9gales"}]},{"@type":"WebSite","@id":"https:\/\/oenoterris.com\/#website","url":"https:\/\/oenoterris.com\/","name":"Oenoterris","description":"Da videira ao vinho","publisher":{"@id":"https:\/\/oenoterris.com\/#organization"},"potentialAction":[{"@type":"SearchAction","target":{"@type":"EntryPoint","urlTemplate":"https:\/\/oenoterris.com\/?s={search_term_string}"},"query-input":{"@type":"PropertyValueSpecification","valueRequired":true,"valueName":"search_term_string"}}],"inLanguage":"pt-PT"},{"@type":"Organization","@id":"https:\/\/oenoterris.com\/#organization","name":"Oenoterris","url":"https:\/\/oenoterris.com\/","logo":{"@type":"ImageObject","inLanguage":"pt-PT","@id":"https:\/\/oenoterris.com\/#\/schema\/logo\/image\/","url":"https:\/\/oenoterris.com\/wp-content\/uploads\/2023\/09\/oenoterris-logo.png","contentUrl":"https:\/\/oenoterris.com\/wp-content\/uploads\/2023\/09\/oenoterris-logo.png","width":600,"height":242,"caption":"Oenoterris"},"image":{"@id":"https:\/\/oenoterris.com\/#\/schema\/logo\/image\/"}}]}},"_links":{"self":[{"href":"https:\/\/oenoterris.com\/pt\/wp-json\/wp\/v2\/pages\/554","targetHints":{"allow":["GET"]}}],"collection":[{"href":"https:\/\/oenoterris.com\/pt\/wp-json\/wp\/v2\/pages"}],"about":[{"href":"https:\/\/oenoterris.com\/pt\/wp-json\/wp\/v2\/types\/page"}],"author":[{"embeddable":true,"href":"https:\/\/oenoterris.com\/pt\/wp-json\/wp\/v2\/users\/2"}],"replies":[{"embeddable":true,"href":"https:\/\/oenoterris.com\/pt\/wp-json\/wp\/v2\/comments?post=554"}],"version-history":[{"count":5,"href":"https:\/\/oenoterris.com\/pt\/wp-json\/wp\/v2\/pages\/554\/revisions"}],"predecessor-version":[{"id":2286,"href":"https:\/\/oenoterris.com\/pt\/wp-json\/wp\/v2\/pages\/554\/revisions\/2286"}],"wp:attachment":[{"href":"https:\/\/oenoterris.com\/pt\/wp-json\/wp\/v2\/media?parent=554"}],"curies":[{"name":"wp","href":"https:\/\/api.w.org\/{rel}","templated":true}]}}