{"id":11,"date":"2020-03-05T14:11:54","date_gmt":"2020-03-05T13:11:54","guid":{"rendered":"http:\/\/cgt-cic-sofr.lesoukdemma.fr\/?page_id=11"},"modified":"2025-09-03T09:55:56","modified_gmt":"2025-09-03T07:55:56","slug":"agro-oenologie-raisonnee-programmes-oenologiques","status":"publish","type":"page","link":"https:\/\/oenoterris.com\/pt\/","title":{"rendered":"In\u00edcio"},"content":{"rendered":"<h2>O culminar de 5 anos <br \/>de investiga\u00e7\u00e3o<\/h2>\t\t\t\n\t\t\t\t<p>O resultado do trabalho iniciado desde\u00a0<strong>5 anos de trabalho de investiga\u00e7\u00e3o e desenvolvimento<\/strong> OENOTERRIS \u00e9 um marco na hist\u00f3ria do Grupo SOFRALAB, que visa melhorar a qualidade do vinho atrav\u00e9s do desenvolvimento de programas de nutri\u00e7\u00e3o e estimula\u00e7\u00e3o da vinha e de instrumentos de apoio \u00e0 decis\u00e3o para gerir os programas de multas de mosto na adega. <strong>responder de forma inovadora aos desafios enol\u00f3gicos<\/strong>\u00a0de hoje e de amanh\u00e3.<\/p>\n\t\t\t\t<img decoding=\"async\" src=\"https:\/\/oenoterris.com\/wp-content\/uploads\/2021\/04\/home-recherche.jpg\" alt=\"Cubas na adega OENOTERRIS - Vinifica\u00e7\u00e3o agro-enol\u00f3gica\" itemprop=\"image\" height=\"606\" width=\"979\" title=\"Cubas na adega OENOTERRIS\" onerror=\"this.style.display='none'\" loading=\"lazy\" \/>\n\t\t\t<h3>Agricultura sustent\u00e1vel, um conceito inovador<\/h3>\t\t\t\n\t\t\t\t<p>As <strong>altera\u00e7\u00f5es clim\u00e1ticas,<\/strong> como o aumento das temperaturas e o n\u00famero de acidentes clim\u00e1ticos, o desenvolvimento precoce da vinha e as datas de colheita, e o desequil\u00edbrio \u00e1cido\/\u00e1lcool nos vinhos, o <strong>As t\u00e9cnicas de viticultura<\/strong> e <strong>vinifica\u00e7\u00e3o<\/strong> do mundo de hoje est\u00e3o a ser conduzidos a <strong>evoluir<\/strong> neste contexto para <strong>melhor responder \u00e0s exig\u00eancias dos consumidores.<\/strong>.<\/p>\n<p><strong>Agro-enologia fundamentada<\/strong> procura proporcionar uma melhor an\u00e1lise e compreens\u00e3o das problem\u00e1ticas, de modo a <strong>promover a diversidade<\/strong> e a escolha \"certa\" de itiner\u00e1rios tecnol\u00f3gicos desde a vinha at\u00e9 \u00e0 garrafa <strong>preservando ao mesmo tempo<\/strong> a qualidade dos vinhos.<\/p>\n\t\t\t<h4>Os objectivos de Oenoterris <\/h4>\t\t\t\n\t\t\t\t<p>OENOTERRIS \u00e9 uma <strong>abordagem de apoio personalizado<\/strong> , propondo programas racionais que respondem a <strong>objetivos enol\u00f3gicos.<\/strong>. Utiliza ferramentas para fornecer solu\u00e7\u00f5es eficazes para os problemas encontrados na vinha e na adega.<\/p>\n<h3>\n\t\t\tDa videira ao vinho\t<\/h3>\n\t\t\t\t<img decoding=\"async\" src=\"https:\/\/oenoterris.com\/wp-content\/uploads\/2024\/03\/OT_Programme_Fraicheur_blanc_PT.png\" alt=\"OT_Programme_Fra\u00eecheur_blanc_FR\" itemprop=\"image\" height=\"1108\" width=\"3327\" title=\"OT_Programme_Fra\u00eecheur_blanc_FR\" onerror=\"this.style.display='none'\" loading=\"lazy\" \/>\n\t<p>O <strong>Programa Frescura<\/strong> permet de valoriser l&rsquo;expression du profil aromatique intense et frais des vins blancs et ros\u00e9s.<\/p>\n\t\t\t\t<img decoding=\"async\" src=\"https:\/\/oenoterris.com\/wp-content\/uploads\/2022\/02\/PT.png\" alt=\"programas-reasonable-logo-white\" itemprop=\"image\" height=\"0\" width=\"0\" title=\"programas-reasonable-logo-white\" onerror=\"this.style.display='none'\" loading=\"lazy\" \/>\n\t\t\t\t<img decoding=\"async\" src=\"https:\/\/oenoterris.com\/wp-content\/uploads\/2024\/03\/OT_Programme_Buvabilite_blanc_PT.png\" alt=\"OT_Programme_Buvabilit\u00e9_blanc_FR\" itemprop=\"image\" height=\"1108\" width=\"3327\" title=\"OT_Programme_Buvabilit\u00e9_blanc_FR\" onerror=\"this.style.display='none'\" loading=\"lazy\" \/>\n\t<p>O <strong>Programa Bebabilidade<\/strong> permet de valoriser l&rsquo;expression du profil aromatique fruit\u00e9, frais et gourmand des vins rouges.<\/p>\n\t<a href=\"https:\/\/oenoterris.com\/pt\/os-programas\/\" target=\"_self\" role=\"button\" aria-label=\"Saiba mais\">\n\t\t\t\t\t\tSaiba mais\n\t\t\t\t\t<\/a>\n\t<a href=\"https:\/\/oenoterris.com\/pt\/the-biostimulants\/\" target=\"_self\" role=\"button\" aria-label=\"Saiba mais\">\n\t\t\t\t\t\tSaiba mais\n\t\t\t\t\t<\/a>\n\t\t\t\t<img decoding=\"async\" src=\"https:\/\/oenoterris.com\/wp-content\/uploads\/2022\/04\/levier_cave_PT_blanc.png\" alt=\"lever-cave-white\" title=\"lever-cave-white\" itemprop=\"image\"\/>\n\t\t<h4>Gerir a sua estrat\u00e9gia de colagem<\/h4>\t\t\t\n\t\t\t\t<p>SMART'APP Fining \u00e9 um instrumento de tomada de decis\u00e3o que permite uma melhor utiliza\u00e7\u00e3o e racioc\u00ednio do mosto para preservar as suas caracter\u00edsticas, aumentar a qualidade do sumo e optimizar os custos de produ\u00e7\u00e3o.<\/p>\n\t<a href=\"https:\/\/oenoterris.com\/pt\/la-smartapp-collage\/\" target=\"_self\" role=\"button\" aria-label=\"Saiba mais\">\n\t\t\t\t\t\tSaiba mais\n\t\t\t\t\t<\/a>\n\t\t\t\t<img decoding=\"async\" src=\"https:\/\/oenoterris.com\/wp-content\/uploads\/2023\/08\/MaturOx-postit-HD.png\" alt=\"PolyScan e MaturOx - Programas integrados de agro-oenologia e enologia\" itemprop=\"image\" height=\"2011\" width=\"2764\" title=\"PolyScan e MaturOx - Ferramentas para a agro-oenologia integrada\" onerror=\"this.style.display='none'\" loading=\"lazy\" \/>\n\t<p>Cr\u00e9ditos fotogr\u00e1ficos - Anaka\u00a9 \/ Vinventions WQS \u00a9<\/p>\n\t<p>Determina\u00e7\u00e3o da data de colheita<\/p>\n\t\t\t\t<p>MaturOx, um \u00edndice espec\u00edfico NOMASense\u2122 PolyScan, visa uma janela arom\u00e1tica.<\/p>\n\t<a href=\"https:\/\/oenoterris.com\/pt\/indice-maturox\/\" target=\"_self\" role=\"button\" aria-label=\"Saiba mais\">\n\t\t\t\t\t\tSaiba mais\n\t\t\t\t\t<\/a>\n\t\t\t<h2>Not\u00edcias<\/h2>\t\t\t\n\t<!-- Elfsight LinkedIn Feed | Untitled LinkedIn Feed -->","protected":false},"excerpt":{"rendered":"<p>L&rsquo;aboutissement de 5 ann\u00e9es de recherche R\u00e9sultat d&rsquo;un travail initi\u00e9 depuis\u00a05 ann\u00e9es en recherche et d\u00e9veloppement sur des [&hellip;]<\/p>\n","protected":false},"author":1,"featured_media":0,"parent":0,"menu_order":0,"comment_status":"closed","ping_status":"closed","template":"","meta":{"_seopress_robots_primary_cat":"","_seopress_titles_title":"","_seopress_titles_desc":"","_seopress_robots_index":"","inline_featured_image":false,"site-sidebar-layout":"no-sidebar","site-content-layout":"page-builder","ast-site-content-layout":"full-width-container","site-content-style":"unboxed","site-sidebar-style":"unboxed","ast-global-header-display":"","ast-banner-title-visibility":"","ast-main-header-display":"","ast-hfb-above-header-display":"","ast-hfb-below-header-display":"","ast-hfb-mobile-header-display":"","site-post-title":"disabled","ast-breadcrumbs-content":"","ast-featured-img":"disabled","footer-sml-layout":"","ast-disable-related-posts":"","theme-transparent-header-meta":"default","adv-header-id-meta":"","stick-header-meta":"default","header-above-stick-meta":"","header-main-stick-meta":"","header-below-stick-meta":"","astra-migrate-meta-layouts":"set","ast-page-background-enabled":"default","ast-page-background-meta":{"desktop":{"background-color":"","background-image":"","background-repeat":"repeat","background-position":"center center","background-size":"auto","background-attachment":"scroll","background-type":"","background-media":"","overlay-type":"","overlay-color":"","overlay-opacity":"","overlay-gradient":""},"tablet":{"background-color":"","background-image":"","background-repeat":"repeat","background-position":"center center","background-size":"auto","background-attachment":"scroll","background-type":"","background-media":"","overlay-type":"","overlay-color":"","overlay-opacity":"","overlay-gradient":""},"mobile":{"background-color":"","background-image":"","background-repeat":"repeat","background-position":"center center","background-size":"auto","background-attachment":"scroll","background-type":"","background-media":"","overlay-type":"","overlay-color":"","overlay-opacity":"","overlay-gradient":""}},"ast-content-background-meta":{"desktop":{"background-color":"var(--ast-global-color-5)","background-image":"","background-repeat":"repeat","background-position":"center center","background-size":"auto","background-attachment":"scroll","background-type":"","background-media":"","overlay-type":"","overlay-color":"","overlay-opacity":"","overlay-gradient":""},"tablet":{"background-color":"var(--ast-global-color-5)","background-image":"","background-repeat":"repeat","background-position":"center center","background-size":"auto","background-attachment":"scroll","background-type":"","background-media":"","overlay-type":"","overlay-color":"","overlay-opacity":"","overlay-gradient":""},"mobile":{"background-color":"var(--ast-global-color-5)","background-image":"","background-repeat":"repeat","background-position":"center center","background-size":"auto","background-attachment":"scroll","background-type":"","background-media":"","overlay-type":"","overlay-color":"","overlay-opacity":"","overlay-gradient":""}},"footnotes":""},"class_list":["post-11","page","type-page","status-publish","hentry"],"yoast_head":"<!-- This site is optimized with the Yoast SEO plugin v27.5 - https:\/\/yoast.com\/product\/yoast-seo-wordpress\/ -->\n<title>Agro-\u0153nologie raisonn\u00e9e et programmes \u0153nologiques - Accueil Oenoterris<\/title>\n<meta name=\"description\" content=\"D\u00e9couvrez l&#039;agro-\u0153nologie raisonn\u00e9e et nos programmes \u0153nologiques pour am\u00e9liorer la qualit\u00e9 des vins. Explorez OENOTERRIS d\u00e8s aujourd&#039;hui !\" \/>\n<meta name=\"robots\" content=\"index, follow, max-snippet:-1, max-image-preview:large, max-video-preview:-1\" \/>\n<link rel=\"canonical\" href=\"https:\/\/oenoterris.com\/pt\/\" \/>\n<meta property=\"og:locale\" content=\"pt_PT\" \/>\n<meta property=\"og:type\" content=\"article\" \/>\n<meta property=\"og:title\" content=\"Agro-\u0153nologie raisonn\u00e9e et programmes \u0153nologiques - Accueil Oenoterris\" \/>\n<meta property=\"og:description\" content=\"D\u00e9couvrez l&#039;agro-\u0153nologie raisonn\u00e9e et nos programmes \u0153nologiques pour am\u00e9liorer la qualit\u00e9 des vins. Explorez OENOTERRIS d\u00e8s aujourd&#039;hui !\" \/>\n<meta property=\"og:url\" content=\"https:\/\/oenoterris.com\/pt\/\" \/>\n<meta property=\"og:site_name\" content=\"Oenoterris\" \/>\n<meta property=\"article:modified_time\" content=\"2025-09-03T07:55:56+00:00\" \/>\n<meta property=\"og:image\" content=\"https:\/\/oenoterris.com\/wp-content\/uploads\/2021\/04\/home-recherche.jpg\" \/>\n<meta name=\"twitter:card\" content=\"summary_large_image\" \/>\n<meta name=\"twitter:label1\" content=\"Tempo estimado de leitura\" \/>\n\t<meta name=\"twitter:data1\" content=\"9 minutos\" \/>\n<script type=\"application\/ld+json\" class=\"yoast-schema-graph\">{\"@context\":\"https:\\\/\\\/schema.org\",\"@graph\":[{\"@type\":\"WebPage\",\"@id\":\"https:\\\/\\\/oenoterris.com\\\/\",\"url\":\"https:\\\/\\\/oenoterris.com\\\/\",\"name\":\"Agro-\u0153nologie raisonn\u00e9e et programmes \u0153nologiques - Accueil Oenoterris\",\"isPartOf\":{\"@id\":\"https:\\\/\\\/oenoterris.com\\\/#website\"},\"primaryImageOfPage\":{\"@id\":\"https:\\\/\\\/oenoterris.com\\\/#primaryimage\"},\"image\":{\"@id\":\"https:\\\/\\\/oenoterris.com\\\/#primaryimage\"},\"thumbnailUrl\":\"https:\\\/\\\/oenoterris.com\\\/wp-content\\\/uploads\\\/2021\\\/04\\\/home-recherche.jpg\",\"datePublished\":\"2020-03-05T13:11:54+00:00\",\"dateModified\":\"2025-09-03T07:55:56+00:00\",\"description\":\"D\u00e9couvrez l'agro-\u0153nologie raisonn\u00e9e et nos programmes \u0153nologiques pour am\u00e9liorer la qualit\u00e9 des vins. Explorez OENOTERRIS d\u00e8s aujourd'hui !\",\"breadcrumb\":{\"@id\":\"https:\\\/\\\/oenoterris.com\\\/#breadcrumb\"},\"inLanguage\":\"pt-PT\",\"potentialAction\":[{\"@type\":\"ReadAction\",\"target\":[\"https:\\\/\\\/oenoterris.com\\\/\"]}]},{\"@type\":\"ImageObject\",\"inLanguage\":\"pt-PT\",\"@id\":\"https:\\\/\\\/oenoterris.com\\\/#primaryimage\",\"url\":\"https:\\\/\\\/oenoterris.com\\\/wp-content\\\/uploads\\\/2021\\\/04\\\/home-recherche.jpg\",\"contentUrl\":\"https:\\\/\\\/oenoterris.com\\\/wp-content\\\/uploads\\\/2021\\\/04\\\/home-recherche.jpg\"},{\"@type\":\"BreadcrumbList\",\"@id\":\"https:\\\/\\\/oenoterris.com\\\/#breadcrumb\",\"itemListElement\":[{\"@type\":\"ListItem\",\"position\":1,\"name\":\"Accueil\",\"item\":\"https:\\\/\\\/oenoterris.com\\\/\"},{\"@type\":\"ListItem\",\"position\":2,\"name\":\"Accueil\"}]},{\"@type\":\"WebSite\",\"@id\":\"https:\\\/\\\/oenoterris.com\\\/#website\",\"url\":\"https:\\\/\\\/oenoterris.com\\\/\",\"name\":\"Oenoterris\",\"description\":\"De la vigne au vin\",\"publisher\":{\"@id\":\"https:\\\/\\\/oenoterris.com\\\/#organization\"},\"potentialAction\":[{\"@type\":\"SearchAction\",\"target\":{\"@type\":\"EntryPoint\",\"urlTemplate\":\"https:\\\/\\\/oenoterris.com\\\/?s={search_term_string}\"},\"query-input\":{\"@type\":\"PropertyValueSpecification\",\"valueRequired\":true,\"valueName\":\"search_term_string\"}}],\"inLanguage\":\"pt-PT\"},{\"@type\":\"Organization\",\"@id\":\"https:\\\/\\\/oenoterris.com\\\/#organization\",\"name\":\"Oenoterris\",\"url\":\"https:\\\/\\\/oenoterris.com\\\/\",\"logo\":{\"@type\":\"ImageObject\",\"inLanguage\":\"pt-PT\",\"@id\":\"https:\\\/\\\/oenoterris.com\\\/#\\\/schema\\\/logo\\\/image\\\/\",\"url\":\"https:\\\/\\\/oenoterris.com\\\/wp-content\\\/uploads\\\/2023\\\/09\\\/oenoterris-logo.png\",\"contentUrl\":\"https:\\\/\\\/oenoterris.com\\\/wp-content\\\/uploads\\\/2023\\\/09\\\/oenoterris-logo.png\",\"width\":600,\"height\":242,\"caption\":\"Oenoterris\"},\"image\":{\"@id\":\"https:\\\/\\\/oenoterris.com\\\/#\\\/schema\\\/logo\\\/image\\\/\"}}]}<\/script>\n<!-- \/ Yoast SEO plugin. -->","yoast_head_json":{"title":"Programas de agricultura e enologia sustent\u00e1veis - P\u00e1gina inicial da Oenoterris","description":"Descubra a agro-oenologia integrada e os nossos programas enol\u00f3gicos para melhorar a qualidade do vinho. Descubra hoje o OENOTERRIS!","robots":{"index":"index","follow":"follow","max-snippet":"max-snippet:-1","max-image-preview":"max-image-preview:large","max-video-preview":"max-video-preview:-1"},"canonical":"https:\/\/oenoterris.com\/pt\/","og_locale":"pt_PT","og_type":"article","og_title":"Agro-\u0153nologie raisonn\u00e9e et programmes \u0153nologiques - Accueil Oenoterris","og_description":"D\u00e9couvrez l'agro-\u0153nologie raisonn\u00e9e et nos programmes \u0153nologiques pour am\u00e9liorer la qualit\u00e9 des vins. Explorez OENOTERRIS d\u00e8s aujourd'hui !","og_url":"https:\/\/oenoterris.com\/pt\/","og_site_name":"Oenoterris","article_modified_time":"2025-09-03T07:55:56+00:00","og_image":[{"url":"https:\/\/oenoterris.com\/wp-content\/uploads\/2021\/04\/home-recherche.jpg","type":"","width":"","height":""}],"twitter_card":"summary_large_image","twitter_misc":{"Tempo estimado de leitura":"9 minutos"},"schema":{"@context":"https:\/\/schema.org","@graph":[{"@type":"WebPage","@id":"https:\/\/oenoterris.com\/","url":"https:\/\/oenoterris.com\/","name":"Programas de agricultura e enologia sustent\u00e1veis - P\u00e1gina inicial da Oenoterris","isPartOf":{"@id":"https:\/\/oenoterris.com\/#website"},"primaryImageOfPage":{"@id":"https:\/\/oenoterris.com\/#primaryimage"},"image":{"@id":"https:\/\/oenoterris.com\/#primaryimage"},"thumbnailUrl":"https:\/\/oenoterris.com\/wp-content\/uploads\/2021\/04\/home-recherche.jpg","datePublished":"2020-03-05T13:11:54+00:00","dateModified":"2025-09-03T07:55:56+00:00","description":"Descubra a agro-oenologia integrada e os nossos programas enol\u00f3gicos para melhorar a qualidade do vinho. Descubra hoje o OENOTERRIS!","breadcrumb":{"@id":"https:\/\/oenoterris.com\/#breadcrumb"},"inLanguage":"pt-PT","potentialAction":[{"@type":"ReadAction","target":["https:\/\/oenoterris.com\/"]}]},{"@type":"ImageObject","inLanguage":"pt-PT","@id":"https:\/\/oenoterris.com\/#primaryimage","url":"https:\/\/oenoterris.com\/wp-content\/uploads\/2021\/04\/home-recherche.jpg","contentUrl":"https:\/\/oenoterris.com\/wp-content\/uploads\/2021\/04\/home-recherche.jpg"},{"@type":"BreadcrumbList","@id":"https:\/\/oenoterris.com\/#breadcrumb","itemListElement":[{"@type":"ListItem","position":1,"name":"Accueil","item":"https:\/\/oenoterris.com\/"},{"@type":"ListItem","position":2,"name":"Accueil"}]},{"@type":"WebSite","@id":"https:\/\/oenoterris.com\/#website","url":"https:\/\/oenoterris.com\/","name":"Oenoterris","description":"Da videira ao vinho","publisher":{"@id":"https:\/\/oenoterris.com\/#organization"},"potentialAction":[{"@type":"SearchAction","target":{"@type":"EntryPoint","urlTemplate":"https:\/\/oenoterris.com\/?s={search_term_string}"},"query-input":{"@type":"PropertyValueSpecification","valueRequired":true,"valueName":"search_term_string"}}],"inLanguage":"pt-PT"},{"@type":"Organization","@id":"https:\/\/oenoterris.com\/#organization","name":"Oenoterris","url":"https:\/\/oenoterris.com\/","logo":{"@type":"ImageObject","inLanguage":"pt-PT","@id":"https:\/\/oenoterris.com\/#\/schema\/logo\/image\/","url":"https:\/\/oenoterris.com\/wp-content\/uploads\/2023\/09\/oenoterris-logo.png","contentUrl":"https:\/\/oenoterris.com\/wp-content\/uploads\/2023\/09\/oenoterris-logo.png","width":600,"height":242,"caption":"Oenoterris"},"image":{"@id":"https:\/\/oenoterris.com\/#\/schema\/logo\/image\/"}}]}},"_links":{"self":[{"href":"https:\/\/oenoterris.com\/pt\/wp-json\/wp\/v2\/pages\/11","targetHints":{"allow":["GET"]}}],"collection":[{"href":"https:\/\/oenoterris.com\/pt\/wp-json\/wp\/v2\/pages"}],"about":[{"href":"https:\/\/oenoterris.com\/pt\/wp-json\/wp\/v2\/types\/page"}],"author":[{"embeddable":true,"href":"https:\/\/oenoterris.com\/pt\/wp-json\/wp\/v2\/users\/1"}],"replies":[{"embeddable":true,"href":"https:\/\/oenoterris.com\/pt\/wp-json\/wp\/v2\/comments?post=11"}],"version-history":[{"count":26,"href":"https:\/\/oenoterris.com\/pt\/wp-json\/wp\/v2\/pages\/11\/revisions"}],"predecessor-version":[{"id":3129,"href":"https:\/\/oenoterris.com\/pt\/wp-json\/wp\/v2\/pages\/11\/revisions\/3129"}],"wp:attachment":[{"href":"https:\/\/oenoterris.com\/pt\/wp-json\/wp\/v2\/media?parent=11"}],"curies":[{"name":"wp","href":"https:\/\/api.w.org\/{rel}","templated":true}]}}