{"id":11,"date":"2020-03-05T14:11:54","date_gmt":"2020-03-05T13:11:54","guid":{"rendered":"http:\/\/cgt-cic-sofr.lesoukdemma.fr\/?page_id=11"},"modified":"2025-09-03T09:55:56","modified_gmt":"2025-09-03T07:55:56","slug":"agro-oenologie-raisonnee-programmes-oenologiques","status":"publish","type":"page","link":"https:\/\/oenoterris.com\/it\/","title":{"rendered":"Home"},"content":{"rendered":"<h2>Il culmine di 5 anni <br \/>di ricerca<\/h2>\t\t\t\n\t\t\t\t<p>Il risultato del lavoro iniziato da\u00a0<strong>un lavoro durato cinque anni<\/strong> OENOTERRIS \u00e8 una pietra miliare nella storia del Gruppo SOFRALAB, che mira a migliorare la qualit\u00e0 del vino sviluppando programmi di nutrizione e stimolazione della vite e strumenti di supporto alle decisioni per gestire i programmi di affinamento del mosto in cantina. <strong>a fornire una risposta innovativa alle sfide enologiche<\/strong>\u00a0di oggi e di domani.<\/p>\n\t\t\t\t<img decoding=\"async\" src=\"https:\/\/oenoterris.com\/wp-content\/uploads\/2021\/04\/home-recherche.jpg\" alt=\"I tini della cantina OENOTERRIS - Vinificazione agro-enologica\" itemprop=\"image\" height=\"606\" width=\"979\" title=\"I tini della cantina di OENOTERRIS\" onerror=\"this.style.display='none'\" loading=\"lazy\" \/>\n\t\t\t<h3>Agricoltura sostenibile, un concetto innovativo<\/h3>\t\t\t\n\t\t\t\t<p>La viticoltura e le tecniche di vinificazione di oggi, <strong>soggette all\u2019impatto diretto del cambiamento climatico<\/strong> come l'aumento delle temperature e il numero di incidenti climatici, lo sviluppo precoce della vite e le date di vendemmia, lo squilibrio acido\/alcolico nei vini, la <strong>lo sviluppo precoce della vite e le date di vendemmia anticipate<\/strong> , o <strong>lo squilibrio acido-alcolico nei vini,<\/strong> del mondo di oggi sono portati a <strong>evolvere<\/strong> in questo contesto per <strong>soddisfare meglio le esigenze dei consumatori.<\/strong>.<\/p>\n<p><strong>Agroalimentare ragionato<\/strong> cerca di fornire una migliore analisi e comprensione delle problematiche per <strong>promuovere la diversit\u00e0<\/strong> e la \"giusta\" scelta di itinerari tecnologici dalla vite alla bottiglia <strong>, preservando la qualit\u00e0<\/strong> dei vini.<\/p>\n\t\t\t<h4>Gli obiettivi di Oenoterris <\/h4>\t\t\t\n\t\t\t\t<p>OENOTERRIS\u00ae \u00e8 un <strong>approccio di supporto personalizzato<\/strong> che propone programmi ragionati, corrispondenti agli <strong>obiettivi enologici<\/strong>. Utilizza strumenti per fornire soluzioni efficaci ai problemi incontrati in vigna e in cantina.<\/p>\n<h3>\n\t\t\tDalla vite al vino\t<\/h3>\n\t\t\t\t<img decoding=\"async\" src=\"https:\/\/oenoterris.com\/wp-content\/uploads\/2024\/03\/OT_Programme_Fraicheur_blanc_IT.png\" alt=\"OT_Programme_Fra\u00eecheur_blanc_FR\" itemprop=\"image\" height=\"1108\" width=\"3327\" title=\"OT_Programme_Fra\u00eecheur_blanc_FR\" onerror=\"this.style.display='none'\" loading=\"lazy\" \/>\n\t<p>Il <strong>Programma Freschezza<\/strong> permet de valoriser l&rsquo;expression du profil aromatique intense et frais des vins blancs et ros\u00e9s.<\/p>\n\t\t\t\t<img decoding=\"async\" src=\"https:\/\/oenoterris.com\/wp-content\/uploads\/2022\/02\/IT.png\" alt=\"programmi-ragionevoli-logo-bianco\" itemprop=\"image\" height=\"0\" width=\"0\" title=\"programmi-ragionevoli-logo-bianco\" onerror=\"this.style.display='none'\" loading=\"lazy\" \/>\n\t\t\t\t<img decoding=\"async\" src=\"https:\/\/oenoterris.com\/wp-content\/uploads\/2024\/03\/OT_Programme_Buvabilite_blanc_IT.png\" alt=\"OT_Programme_Buvabilit\u00e9_blanc_FR\" itemprop=\"image\" height=\"1108\" width=\"3327\" title=\"OT_Programme_Buvabilit\u00e9_blanc_FR\" onerror=\"this.style.display='none'\" loading=\"lazy\" \/>\n\t<p>Il <strong>Programma Bevabilit\u00e0<\/strong> permet de valoriser l&rsquo;expression du profil aromatique fruit\u00e9, frais et gourmand des vins rouges.<\/p>\n\t<a href=\"https:\/\/oenoterris.com\/it\/i-programmi\/\" target=\"_self\" role=\"button\" aria-label=\"Per saperne di pi\u00f9\">\n\t\t\t\t\t\tPer saperne di pi\u00f9\n\t\t\t\t\t<\/a>\n\t<a href=\"https:\/\/oenoterris.com\/it\/the-biostimulants\/\" target=\"_self\" role=\"button\" aria-label=\"Per saperne di pi\u00f9\">\n\t\t\t\t\t\tPer saperne di pi\u00f9\n\t\t\t\t\t<\/a>\n\t\t\t\t<img decoding=\"async\" src=\"https:\/\/oenoterris.com\/wp-content\/uploads\/2022\/02\/levier_cave-5.png\" alt=\"leva-caverna-bianco\" title=\"leva-caverna-bianco\" itemprop=\"image\"\/>\n\t\t<h4>Monitorare la propria strategia di collaggio<\/h4>\t\t\t\n\t\t\t\t<p>SMART'APP Fining \u00e8 uno strumento decisionale che consente di utilizzare e ragionare meglio sul finissaggio del mosto per preservarne le caratteristiche, aumentare la qualit\u00e0 del succo e ottimizzare i costi di produzione.<\/p>\n\t<a href=\"https:\/\/oenoterris.com\/it\/smartapp-collage\/\" target=\"_self\" role=\"button\" aria-label=\"Per saperne di pi\u00f9\">\n\t\t\t\t\t\tPer saperne di pi\u00f9\n\t\t\t\t\t<\/a>\n\t\t\t\t<img decoding=\"async\" src=\"https:\/\/oenoterris.com\/wp-content\/uploads\/2023\/08\/MaturOx-postit-HD.png\" alt=\"PolyScan e MaturOx - Programmi integrati di agro-enologia e di enologia\" itemprop=\"image\" height=\"2011\" width=\"2764\" title=\"PolyScan e MaturOx - Strumenti per un&#039;enologia sostenibile\" onerror=\"this.style.display='none'\" loading=\"lazy\" \/>\n\t<p>Crediti fotografici - Anaka\u00a9 \/ Vinventions WQS \u00a9<\/p>\n\t<p>Determinazione della data di raccolta<\/p>\n\t\t\t\t<p>MaturOx, uno specifico indice NOMASense\u2122 PolyScan, si rivolge a una finestra aromatica.<\/p>\n\t<a href=\"https:\/\/oenoterris.com\/it\/smartapp-collage-2\/\" target=\"_self\" role=\"button\" aria-label=\"Per saperne di pi\u00f9\">\n\t\t\t\t\t\tPer saperne di pi\u00f9\n\t\t\t\t\t<\/a>\n\t\t\t<h2>Notizie<\/h2>\t\t\t\n\t<!-- Elfsight LinkedIn Feed | Untitled LinkedIn Feed -->","protected":false},"excerpt":{"rendered":"<p>L&rsquo;aboutissement de 5 ann\u00e9es de recherche R\u00e9sultat d&rsquo;un travail initi\u00e9 depuis\u00a05 ann\u00e9es en recherche et d\u00e9veloppement sur des [&hellip;]<\/p>\n","protected":false},"author":1,"featured_media":0,"parent":0,"menu_order":0,"comment_status":"closed","ping_status":"closed","template":"","meta":{"_seopress_robots_primary_cat":"","_seopress_titles_title":"","_seopress_titles_desc":"","_seopress_robots_index":"","inline_featured_image":false,"site-sidebar-layout":"no-sidebar","site-content-layout":"page-builder","ast-site-content-layout":"full-width-container","site-content-style":"unboxed","site-sidebar-style":"unboxed","ast-global-header-display":"","ast-banner-title-visibility":"","ast-main-header-display":"","ast-hfb-above-header-display":"","ast-hfb-below-header-display":"","ast-hfb-mobile-header-display":"","site-post-title":"disabled","ast-breadcrumbs-content":"","ast-featured-img":"disabled","footer-sml-layout":"","ast-disable-related-posts":"","theme-transparent-header-meta":"default","adv-header-id-meta":"","stick-header-meta":"default","header-above-stick-meta":"","header-main-stick-meta":"","header-below-stick-meta":"","astra-migrate-meta-layouts":"set","ast-page-background-enabled":"default","ast-page-background-meta":{"desktop":{"background-color":"","background-image":"","background-repeat":"repeat","background-position":"center center","background-size":"auto","background-attachment":"scroll","background-type":"","background-media":"","overlay-type":"","overlay-color":"","overlay-opacity":"","overlay-gradient":""},"tablet":{"background-color":"","background-image":"","background-repeat":"repeat","background-position":"center center","background-size":"auto","background-attachment":"scroll","background-type":"","background-media":"","overlay-type":"","overlay-color":"","overlay-opacity":"","overlay-gradient":""},"mobile":{"background-color":"","background-image":"","background-repeat":"repeat","background-position":"center center","background-size":"auto","background-attachment":"scroll","background-type":"","background-media":"","overlay-type":"","overlay-color":"","overlay-opacity":"","overlay-gradient":""}},"ast-content-background-meta":{"desktop":{"background-color":"var(--ast-global-color-5)","background-image":"","background-repeat":"repeat","background-position":"center center","background-size":"auto","background-attachment":"scroll","background-type":"","background-media":"","overlay-type":"","overlay-color":"","overlay-opacity":"","overlay-gradient":""},"tablet":{"background-color":"var(--ast-global-color-5)","background-image":"","background-repeat":"repeat","background-position":"center center","background-size":"auto","background-attachment":"scroll","background-type":"","background-media":"","overlay-type":"","overlay-color":"","overlay-opacity":"","overlay-gradient":""},"mobile":{"background-color":"var(--ast-global-color-5)","background-image":"","background-repeat":"repeat","background-position":"center center","background-size":"auto","background-attachment":"scroll","background-type":"","background-media":"","overlay-type":"","overlay-color":"","overlay-opacity":"","overlay-gradient":""}},"footnotes":""},"class_list":["post-11","page","type-page","status-publish","hentry"],"yoast_head":"<!-- This site is optimized with the Yoast SEO plugin v27.5 - https:\/\/yoast.com\/product\/yoast-seo-wordpress\/ -->\n<title>Agro-\u0153nologie raisonn\u00e9e et programmes \u0153nologiques - Accueil Oenoterris<\/title>\n<meta name=\"description\" content=\"D\u00e9couvrez l&#039;agro-\u0153nologie raisonn\u00e9e et nos programmes \u0153nologiques pour am\u00e9liorer la qualit\u00e9 des vins. Explorez OENOTERRIS d\u00e8s aujourd&#039;hui !\" \/>\n<meta name=\"robots\" content=\"index, follow, max-snippet:-1, max-image-preview:large, max-video-preview:-1\" \/>\n<link rel=\"canonical\" href=\"https:\/\/oenoterris.com\/it\/\" \/>\n<meta property=\"og:locale\" content=\"it_IT\" \/>\n<meta property=\"og:type\" content=\"article\" \/>\n<meta property=\"og:title\" content=\"Agro-\u0153nologie raisonn\u00e9e et programmes \u0153nologiques - Accueil Oenoterris\" \/>\n<meta property=\"og:description\" content=\"D\u00e9couvrez l&#039;agro-\u0153nologie raisonn\u00e9e et nos programmes \u0153nologiques pour am\u00e9liorer la qualit\u00e9 des vins. Explorez OENOTERRIS d\u00e8s aujourd&#039;hui !\" \/>\n<meta property=\"og:url\" content=\"https:\/\/oenoterris.com\/it\/\" \/>\n<meta property=\"og:site_name\" content=\"Oenoterris\" \/>\n<meta property=\"article:modified_time\" content=\"2025-09-03T07:55:56+00:00\" \/>\n<meta property=\"og:image\" content=\"https:\/\/oenoterris.com\/wp-content\/uploads\/2021\/04\/home-recherche.jpg\" \/>\n<meta name=\"twitter:card\" content=\"summary_large_image\" \/>\n<meta name=\"twitter:label1\" content=\"Tempo di lettura stimato\" \/>\n\t<meta name=\"twitter:data1\" content=\"9 minuti\" \/>\n<script type=\"application\/ld+json\" class=\"yoast-schema-graph\">{\"@context\":\"https:\\\/\\\/schema.org\",\"@graph\":[{\"@type\":\"WebPage\",\"@id\":\"https:\\\/\\\/oenoterris.com\\\/\",\"url\":\"https:\\\/\\\/oenoterris.com\\\/\",\"name\":\"Agro-\u0153nologie raisonn\u00e9e et programmes \u0153nologiques - Accueil Oenoterris\",\"isPartOf\":{\"@id\":\"https:\\\/\\\/oenoterris.com\\\/#website\"},\"primaryImageOfPage\":{\"@id\":\"https:\\\/\\\/oenoterris.com\\\/#primaryimage\"},\"image\":{\"@id\":\"https:\\\/\\\/oenoterris.com\\\/#primaryimage\"},\"thumbnailUrl\":\"https:\\\/\\\/oenoterris.com\\\/wp-content\\\/uploads\\\/2021\\\/04\\\/home-recherche.jpg\",\"datePublished\":\"2020-03-05T13:11:54+00:00\",\"dateModified\":\"2025-09-03T07:55:56+00:00\",\"description\":\"D\u00e9couvrez l'agro-\u0153nologie raisonn\u00e9e et nos programmes \u0153nologiques pour am\u00e9liorer la qualit\u00e9 des vins. Explorez OENOTERRIS d\u00e8s aujourd'hui !\",\"breadcrumb\":{\"@id\":\"https:\\\/\\\/oenoterris.com\\\/#breadcrumb\"},\"inLanguage\":\"it-IT\",\"potentialAction\":[{\"@type\":\"ReadAction\",\"target\":[\"https:\\\/\\\/oenoterris.com\\\/\"]}]},{\"@type\":\"ImageObject\",\"inLanguage\":\"it-IT\",\"@id\":\"https:\\\/\\\/oenoterris.com\\\/#primaryimage\",\"url\":\"https:\\\/\\\/oenoterris.com\\\/wp-content\\\/uploads\\\/2021\\\/04\\\/home-recherche.jpg\",\"contentUrl\":\"https:\\\/\\\/oenoterris.com\\\/wp-content\\\/uploads\\\/2021\\\/04\\\/home-recherche.jpg\"},{\"@type\":\"BreadcrumbList\",\"@id\":\"https:\\\/\\\/oenoterris.com\\\/#breadcrumb\",\"itemListElement\":[{\"@type\":\"ListItem\",\"position\":1,\"name\":\"Accueil\",\"item\":\"https:\\\/\\\/oenoterris.com\\\/\"},{\"@type\":\"ListItem\",\"position\":2,\"name\":\"Accueil\"}]},{\"@type\":\"WebSite\",\"@id\":\"https:\\\/\\\/oenoterris.com\\\/#website\",\"url\":\"https:\\\/\\\/oenoterris.com\\\/\",\"name\":\"Oenoterris\",\"description\":\"De la vigne au vin\",\"publisher\":{\"@id\":\"https:\\\/\\\/oenoterris.com\\\/#organization\"},\"potentialAction\":[{\"@type\":\"SearchAction\",\"target\":{\"@type\":\"EntryPoint\",\"urlTemplate\":\"https:\\\/\\\/oenoterris.com\\\/?s={search_term_string}\"},\"query-input\":{\"@type\":\"PropertyValueSpecification\",\"valueRequired\":true,\"valueName\":\"search_term_string\"}}],\"inLanguage\":\"it-IT\"},{\"@type\":\"Organization\",\"@id\":\"https:\\\/\\\/oenoterris.com\\\/#organization\",\"name\":\"Oenoterris\",\"url\":\"https:\\\/\\\/oenoterris.com\\\/\",\"logo\":{\"@type\":\"ImageObject\",\"inLanguage\":\"it-IT\",\"@id\":\"https:\\\/\\\/oenoterris.com\\\/#\\\/schema\\\/logo\\\/image\\\/\",\"url\":\"https:\\\/\\\/oenoterris.com\\\/wp-content\\\/uploads\\\/2023\\\/09\\\/oenoterris-logo.png\",\"contentUrl\":\"https:\\\/\\\/oenoterris.com\\\/wp-content\\\/uploads\\\/2023\\\/09\\\/oenoterris-logo.png\",\"width\":600,\"height\":242,\"caption\":\"Oenoterris\"},\"image\":{\"@id\":\"https:\\\/\\\/oenoterris.com\\\/#\\\/schema\\\/logo\\\/image\\\/\"}}]}<\/script>\n<!-- \/ Yoast SEO plugin. -->","yoast_head_json":{"title":"Programmi di agricoltura ed enologia sostenibile - Oenoterris home page","description":"Scoprite l'agro-enologia integrata e i nostri programmi enologici per migliorare la qualit\u00e0 del vino. Esplorate OENOTERRIS oggi stesso!","robots":{"index":"index","follow":"follow","max-snippet":"max-snippet:-1","max-image-preview":"max-image-preview:large","max-video-preview":"max-video-preview:-1"},"canonical":"https:\/\/oenoterris.com\/it\/","og_locale":"it_IT","og_type":"article","og_title":"Agro-\u0153nologie raisonn\u00e9e et programmes \u0153nologiques - Accueil Oenoterris","og_description":"D\u00e9couvrez l'agro-\u0153nologie raisonn\u00e9e et nos programmes \u0153nologiques pour am\u00e9liorer la qualit\u00e9 des vins. Explorez OENOTERRIS d\u00e8s aujourd'hui !","og_url":"https:\/\/oenoterris.com\/it\/","og_site_name":"Oenoterris","article_modified_time":"2025-09-03T07:55:56+00:00","og_image":[{"url":"https:\/\/oenoterris.com\/wp-content\/uploads\/2021\/04\/home-recherche.jpg","type":"","width":"","height":""}],"twitter_card":"summary_large_image","twitter_misc":{"Tempo di lettura stimato":"9 minuti"},"schema":{"@context":"https:\/\/schema.org","@graph":[{"@type":"WebPage","@id":"https:\/\/oenoterris.com\/","url":"https:\/\/oenoterris.com\/","name":"Programmi di agricoltura ed enologia sostenibile - Oenoterris home page","isPartOf":{"@id":"https:\/\/oenoterris.com\/#website"},"primaryImageOfPage":{"@id":"https:\/\/oenoterris.com\/#primaryimage"},"image":{"@id":"https:\/\/oenoterris.com\/#primaryimage"},"thumbnailUrl":"https:\/\/oenoterris.com\/wp-content\/uploads\/2021\/04\/home-recherche.jpg","datePublished":"2020-03-05T13:11:54+00:00","dateModified":"2025-09-03T07:55:56+00:00","description":"Scoprite l'agro-enologia integrata e i nostri programmi enologici per migliorare la qualit\u00e0 del vino. Esplorate OENOTERRIS oggi stesso!","breadcrumb":{"@id":"https:\/\/oenoterris.com\/#breadcrumb"},"inLanguage":"it-IT","potentialAction":[{"@type":"ReadAction","target":["https:\/\/oenoterris.com\/"]}]},{"@type":"ImageObject","inLanguage":"it-IT","@id":"https:\/\/oenoterris.com\/#primaryimage","url":"https:\/\/oenoterris.com\/wp-content\/uploads\/2021\/04\/home-recherche.jpg","contentUrl":"https:\/\/oenoterris.com\/wp-content\/uploads\/2021\/04\/home-recherche.jpg"},{"@type":"BreadcrumbList","@id":"https:\/\/oenoterris.com\/#breadcrumb","itemListElement":[{"@type":"ListItem","position":1,"name":"Accueil","item":"https:\/\/oenoterris.com\/"},{"@type":"ListItem","position":2,"name":"Accueil"}]},{"@type":"WebSite","@id":"https:\/\/oenoterris.com\/#website","url":"https:\/\/oenoterris.com\/","name":"Oenoterris","description":"Dalla vite al vino","publisher":{"@id":"https:\/\/oenoterris.com\/#organization"},"potentialAction":[{"@type":"SearchAction","target":{"@type":"EntryPoint","urlTemplate":"https:\/\/oenoterris.com\/?s={search_term_string}"},"query-input":{"@type":"PropertyValueSpecification","valueRequired":true,"valueName":"search_term_string"}}],"inLanguage":"it-IT"},{"@type":"Organization","@id":"https:\/\/oenoterris.com\/#organization","name":"Oenoterris","url":"https:\/\/oenoterris.com\/","logo":{"@type":"ImageObject","inLanguage":"it-IT","@id":"https:\/\/oenoterris.com\/#\/schema\/logo\/image\/","url":"https:\/\/oenoterris.com\/wp-content\/uploads\/2023\/09\/oenoterris-logo.png","contentUrl":"https:\/\/oenoterris.com\/wp-content\/uploads\/2023\/09\/oenoterris-logo.png","width":600,"height":242,"caption":"Oenoterris"},"image":{"@id":"https:\/\/oenoterris.com\/#\/schema\/logo\/image\/"}}]}},"_links":{"self":[{"href":"https:\/\/oenoterris.com\/it\/wp-json\/wp\/v2\/pages\/11","targetHints":{"allow":["GET"]}}],"collection":[{"href":"https:\/\/oenoterris.com\/it\/wp-json\/wp\/v2\/pages"}],"about":[{"href":"https:\/\/oenoterris.com\/it\/wp-json\/wp\/v2\/types\/page"}],"author":[{"embeddable":true,"href":"https:\/\/oenoterris.com\/it\/wp-json\/wp\/v2\/users\/1"}],"replies":[{"embeddable":true,"href":"https:\/\/oenoterris.com\/it\/wp-json\/wp\/v2\/comments?post=11"}],"version-history":[{"count":26,"href":"https:\/\/oenoterris.com\/it\/wp-json\/wp\/v2\/pages\/11\/revisions"}],"predecessor-version":[{"id":3129,"href":"https:\/\/oenoterris.com\/it\/wp-json\/wp\/v2\/pages\/11\/revisions\/3129"}],"wp:attachment":[{"href":"https:\/\/oenoterris.com\/it\/wp-json\/wp\/v2\/media?parent=11"}],"curies":[{"name":"wp","href":"https:\/\/api.w.org\/{rel}","templated":true}]}}