{"id":571,"date":"2021-04-28T15:22:10","date_gmt":"2021-04-28T13:22:10","guid":{"rendered":"https:\/\/oenoterris.com\/?page_id=571"},"modified":"2023-08-22T12:12:14","modified_gmt":"2023-08-22T10:12:14","slug":"actualidad","status":"publish","type":"page","link":"https:\/\/oenoterris.com\/es\/actualidad\/","title":{"rendered":"Actualidad"},"content":{"rendered":"<h1>\r\n\t<\/h1>\r\n<h1>\r\n\t<\/h1>\r\n\t\t\t\t<p>Descubra y comparta todas nuestras novedades: eventos, seminarios web, art\u00edculos t\u00e9cnicos y de prensa, noticias e informaci\u00f3n.<\/p>\r\n<ul><li data-filter=\"*\">Todos<\/li><li data-filter=\".uabb-masonary-cat-15\">Art\u00edculo t\u00e9cnico<\/li><li data-filter=\".uabb-masonary-cat-16\">Oenoterris\u00ae<\/li><\/ul>\r\n\t\t\t\t\t\t\t\t\t\t\t\t\t\t<a href=\"https:\/\/oenoterris.com\/es\/revues-des-oenologues\/\" target=\"_self\" title=\"Revistas de en\u00f3logos\" rel=\"noopener\">\r\n\t\t\t\t<img decoding=\"async\" src=\"https:\/\/oenoterris.com\/wp-content\/uploads\/2021\/04\/smartapp-collage.jpg\" alt=\"\" \/>\r\n\t\t\t\t<\/a>\r\n\t\t\t\t\t\t<h3>\r\n\t\t\t\t<a href=\"https:\/\/oenoterris.com\/es\/revues-des-oenologues\/\" title=\"Revistas de en\u00f3logos\" tabindex=\"0\">Revistas de en\u00f3logos<\/a>\t\t\t<\/h3>\r\n\t\t\t\t\t\t\t<h5>\r\n\t\t\t06\/05\/2021\t\t\t\r\n\t\t\t\t\t\t\t<\/h5>\r\n\t\t\t\t\t\t\t\t\tPublicaci\u00f3n cient\u00edfica Lea nuestro art\u00edculo t\u00e9cnico publicado en el n\u00famero 176 de la Revue des \u0152nologues. Programa de ...\r\n\t\t\t<a href=\"https:\/\/oenoterris.com\/es\/revues-des-oenologues\/\" target=\"_self\" role=\"button\" rel=\"noopener\">\r\n\t\t\t\t\t\t\tLeer el art\u00edculo\r\n\t\t<\/a>\r\n\t\t\t\t\t\t\t\t\t\t\t\t\t\t<a href=\"https:\/\/oenoterris.com\/es\/lanzamiento-de-oenoterris\/\" target=\"_self\" title=\"Lanzamiento de Oenoterris\u00ae\" rel=\"noopener\">\r\n\t\t\t\t<img decoding=\"async\" src=\"https:\/\/oenoterris.com\/wp-content\/uploads\/2021\/04\/footer-bg.jpg\" alt=\"\" \/>\r\n\t\t\t\t<\/a>\r\n\t\t\t\t\t\t<h3>\r\n\t\t\t\t<a href=\"https:\/\/oenoterris.com\/es\/lanzamiento-de-oenoterris\/\" title=\"Lanzamiento de Oenoterris\u00ae\" tabindex=\"0\">Lanzamiento de Oenoterris\u00ae<\/a>\t\t\t<\/h3>\r\n\t\t\t\t\t\t\t<h5>\r\n\t\t\t06\/05\/2021\t\t\t\r\n\t\t\t\t\t\t\t<\/h5>\r\n\t\t\t\t\t\t\t\t\tEl resultado de 5 a\u00f1os de investigaci\u00f3n El resultado de 5 a\u00f1os de trabajo de investigaci\u00f3n y desarrollo de ...\r\n\t\t\t<a href=\"https:\/\/oenoterris.com\/es\/lanzamiento-de-oenoterris\/\" target=\"_self\" role=\"button\" rel=\"noopener\">\r\n\t\t\t\t\t\t\tLeer el art\u00edculo\r\n\t\t<\/a>","protected":false},"excerpt":{"rendered":"<p>D\u00e9couvrez et partagez toutes nos actualit\u00e9s : \u00e9v\u00e9nements, webinaires, articles techniques et de presse, nouveaut\u00e9s &amp; informations. Tous [&hellip;]<\/p>\n","protected":false},"author":2,"featured_media":0,"parent":0,"menu_order":0,"comment_status":"closed","ping_status":"closed","template":"","meta":{"_seopress_robots_primary_cat":"","_seopress_titles_title":"","_seopress_titles_desc":"","_seopress_robots_index":"","inline_featured_image":false,"site-sidebar-layout":"no-sidebar","site-content-layout":"page-builder","ast-site-content-layout":"full-width-container","site-content-style":"unboxed","site-sidebar-style":"unboxed","ast-global-header-display":"","ast-banner-title-visibility":"","ast-main-header-display":"","ast-hfb-above-header-display":"","ast-hfb-below-header-display":"","ast-hfb-mobile-header-display":"","site-post-title":"disabled","ast-breadcrumbs-content":"","ast-featured-img":"disabled","footer-sml-layout":"","ast-disable-related-posts":"","theme-transparent-header-meta":"default","adv-header-id-meta":"","stick-header-meta":"default","header-above-stick-meta":"","header-main-stick-meta":"","header-below-stick-meta":"","astra-migrate-meta-layouts":"set","ast-page-background-enabled":"default","ast-page-background-meta":{"desktop":{"background-color":"","background-image":"","background-repeat":"repeat","background-position":"center center","background-size":"auto","background-attachment":"scroll","background-type":"","background-media":"","overlay-type":"","overlay-color":"","overlay-opacity":"","overlay-gradient":""},"tablet":{"background-color":"","background-image":"","background-repeat":"repeat","background-position":"center center","background-size":"auto","background-attachment":"scroll","background-type":"","background-media":"","overlay-type":"","overlay-color":"","overlay-opacity":"","overlay-gradient":""},"mobile":{"background-color":"","background-image":"","background-repeat":"repeat","background-position":"center center","background-size":"auto","background-attachment":"scroll","background-type":"","background-media":"","overlay-type":"","overlay-color":"","overlay-opacity":"","overlay-gradient":""}},"ast-content-background-meta":{"desktop":{"background-color":"var(--ast-global-color-5)","background-image":"","background-repeat":"repeat","background-position":"center center","background-size":"auto","background-attachment":"scroll","background-type":"","background-media":"","overlay-type":"","overlay-color":"","overlay-opacity":"","overlay-gradient":""},"tablet":{"background-color":"var(--ast-global-color-5)","background-image":"","background-repeat":"repeat","background-position":"center center","background-size":"auto","background-attachment":"scroll","background-type":"","background-media":"","overlay-type":"","overlay-color":"","overlay-opacity":"","overlay-gradient":""},"mobile":{"background-color":"var(--ast-global-color-5)","background-image":"","background-repeat":"repeat","background-position":"center center","background-size":"auto","background-attachment":"scroll","background-type":"","background-media":"","overlay-type":"","overlay-color":"","overlay-opacity":"","overlay-gradient":""}},"footnotes":""},"class_list":["post-571","page","type-page","status-publish","hentry"],"yoast_head":"<!-- This site is optimized with the Yoast SEO plugin v27.5 - https:\/\/yoast.com\/product\/yoast-seo-wordpress\/ -->\n<title>Actualit\u00e9s - Oenoterris<\/title>\n<meta name=\"robots\" content=\"index, follow, max-snippet:-1, max-image-preview:large, max-video-preview:-1\" \/>\n<link rel=\"canonical\" href=\"https:\/\/oenoterris.com\/es\/actualidad\/\" \/>\n<meta property=\"og:locale\" content=\"es_ES\" \/>\n<meta property=\"og:type\" content=\"article\" \/>\n<meta property=\"og:title\" content=\"Actualit\u00e9s - Oenoterris\" \/>\n<meta property=\"og:description\" content=\"D\u00e9couvrez et partagez toutes nos actualit\u00e9s : \u00e9v\u00e9nements, webinaires, articles techniques et de presse, nouveaut\u00e9s &amp; informations. Tous [&hellip;]\" \/>\n<meta property=\"og:url\" content=\"https:\/\/oenoterris.com\/es\/actualidad\/\" \/>\n<meta property=\"og:site_name\" content=\"Oenoterris\" \/>\n<meta property=\"article:modified_time\" content=\"2023-08-22T10:12:14+00:00\" \/>\n<meta property=\"og:image\" content=\"https:\/\/oenoterris.com\/wp-content\/uploads\/2021\/04\/smartapp-collage.jpg\" \/>\n<meta name=\"twitter:card\" content=\"summary_large_image\" \/>\n<script type=\"application\/ld+json\" class=\"yoast-schema-graph\">{\"@context\":\"https:\\\/\\\/schema.org\",\"@graph\":[{\"@type\":\"WebPage\",\"@id\":\"https:\\\/\\\/oenoterris.com\\\/actualites\\\/\",\"url\":\"https:\\\/\\\/oenoterris.com\\\/actualites\\\/\",\"name\":\"Actualit\u00e9s - Oenoterris\",\"isPartOf\":{\"@id\":\"https:\\\/\\\/oenoterris.com\\\/#website\"},\"primaryImageOfPage\":{\"@id\":\"https:\\\/\\\/oenoterris.com\\\/actualites\\\/#primaryimage\"},\"image\":{\"@id\":\"https:\\\/\\\/oenoterris.com\\\/actualites\\\/#primaryimage\"},\"thumbnailUrl\":\"https:\\\/\\\/oenoterris.com\\\/wp-content\\\/uploads\\\/2021\\\/04\\\/smartapp-collage.jpg\",\"datePublished\":\"2021-04-28T13:22:10+00:00\",\"dateModified\":\"2023-08-22T10:12:14+00:00\",\"breadcrumb\":{\"@id\":\"https:\\\/\\\/oenoterris.com\\\/actualites\\\/#breadcrumb\"},\"inLanguage\":\"es\",\"potentialAction\":[{\"@type\":\"ReadAction\",\"target\":[\"https:\\\/\\\/oenoterris.com\\\/actualites\\\/\"]}]},{\"@type\":\"ImageObject\",\"inLanguage\":\"es\",\"@id\":\"https:\\\/\\\/oenoterris.com\\\/actualites\\\/#primaryimage\",\"url\":\"https:\\\/\\\/oenoterris.com\\\/wp-content\\\/uploads\\\/2021\\\/04\\\/smartapp-collage.jpg\",\"contentUrl\":\"https:\\\/\\\/oenoterris.com\\\/wp-content\\\/uploads\\\/2021\\\/04\\\/smartapp-collage.jpg\"},{\"@type\":\"BreadcrumbList\",\"@id\":\"https:\\\/\\\/oenoterris.com\\\/actualites\\\/#breadcrumb\",\"itemListElement\":[{\"@type\":\"ListItem\",\"position\":1,\"name\":\"Accueil\",\"item\":\"https:\\\/\\\/oenoterris.com\\\/\"},{\"@type\":\"ListItem\",\"position\":2,\"name\":\"Actualit\u00e9s\"}]},{\"@type\":\"WebSite\",\"@id\":\"https:\\\/\\\/oenoterris.com\\\/#website\",\"url\":\"https:\\\/\\\/oenoterris.com\\\/\",\"name\":\"Oenoterris\",\"description\":\"De la vigne au vin\",\"publisher\":{\"@id\":\"https:\\\/\\\/oenoterris.com\\\/#organization\"},\"potentialAction\":[{\"@type\":\"SearchAction\",\"target\":{\"@type\":\"EntryPoint\",\"urlTemplate\":\"https:\\\/\\\/oenoterris.com\\\/?s={search_term_string}\"},\"query-input\":{\"@type\":\"PropertyValueSpecification\",\"valueRequired\":true,\"valueName\":\"search_term_string\"}}],\"inLanguage\":\"es\"},{\"@type\":\"Organization\",\"@id\":\"https:\\\/\\\/oenoterris.com\\\/#organization\",\"name\":\"Oenoterris\",\"url\":\"https:\\\/\\\/oenoterris.com\\\/\",\"logo\":{\"@type\":\"ImageObject\",\"inLanguage\":\"es\",\"@id\":\"https:\\\/\\\/oenoterris.com\\\/#\\\/schema\\\/logo\\\/image\\\/\",\"url\":\"https:\\\/\\\/oenoterris.com\\\/wp-content\\\/uploads\\\/2023\\\/09\\\/oenoterris-logo.png\",\"contentUrl\":\"https:\\\/\\\/oenoterris.com\\\/wp-content\\\/uploads\\\/2023\\\/09\\\/oenoterris-logo.png\",\"width\":600,\"height\":242,\"caption\":\"Oenoterris\"},\"image\":{\"@id\":\"https:\\\/\\\/oenoterris.com\\\/#\\\/schema\\\/logo\\\/image\\\/\"}}]}<\/script>\n<!-- \/ Yoast SEO plugin. -->","yoast_head_json":{"title":"Noticias - Oenoterris","robots":{"index":"index","follow":"follow","max-snippet":"max-snippet:-1","max-image-preview":"max-image-preview:large","max-video-preview":"max-video-preview:-1"},"canonical":"https:\/\/oenoterris.com\/es\/actualidad\/","og_locale":"es_ES","og_type":"article","og_title":"Actualit\u00e9s - Oenoterris","og_description":"D\u00e9couvrez et partagez toutes nos actualit\u00e9s : \u00e9v\u00e9nements, webinaires, articles techniques et de presse, nouveaut\u00e9s &amp; informations. Tous [&hellip;]","og_url":"https:\/\/oenoterris.com\/es\/actualidad\/","og_site_name":"Oenoterris","article_modified_time":"2023-08-22T10:12:14+00:00","og_image":[{"url":"https:\/\/oenoterris.com\/wp-content\/uploads\/2021\/04\/smartapp-collage.jpg","type":"","width":"","height":""}],"twitter_card":"summary_large_image","schema":{"@context":"https:\/\/schema.org","@graph":[{"@type":"WebPage","@id":"https:\/\/oenoterris.com\/actualites\/","url":"https:\/\/oenoterris.com\/actualites\/","name":"Noticias - Oenoterris","isPartOf":{"@id":"https:\/\/oenoterris.com\/#website"},"primaryImageOfPage":{"@id":"https:\/\/oenoterris.com\/actualites\/#primaryimage"},"image":{"@id":"https:\/\/oenoterris.com\/actualites\/#primaryimage"},"thumbnailUrl":"https:\/\/oenoterris.com\/wp-content\/uploads\/2021\/04\/smartapp-collage.jpg","datePublished":"2021-04-28T13:22:10+00:00","dateModified":"2023-08-22T10:12:14+00:00","breadcrumb":{"@id":"https:\/\/oenoterris.com\/actualites\/#breadcrumb"},"inLanguage":"es","potentialAction":[{"@type":"ReadAction","target":["https:\/\/oenoterris.com\/actualites\/"]}]},{"@type":"ImageObject","inLanguage":"es","@id":"https:\/\/oenoterris.com\/actualites\/#primaryimage","url":"https:\/\/oenoterris.com\/wp-content\/uploads\/2021\/04\/smartapp-collage.jpg","contentUrl":"https:\/\/oenoterris.com\/wp-content\/uploads\/2021\/04\/smartapp-collage.jpg"},{"@type":"BreadcrumbList","@id":"https:\/\/oenoterris.com\/actualites\/#breadcrumb","itemListElement":[{"@type":"ListItem","position":1,"name":"Accueil","item":"https:\/\/oenoterris.com\/"},{"@type":"ListItem","position":2,"name":"Actualit\u00e9s"}]},{"@type":"WebSite","@id":"https:\/\/oenoterris.com\/#website","url":"https:\/\/oenoterris.com\/","name":"Oenoterris","description":"De la uva al vino","publisher":{"@id":"https:\/\/oenoterris.com\/#organization"},"potentialAction":[{"@type":"SearchAction","target":{"@type":"EntryPoint","urlTemplate":"https:\/\/oenoterris.com\/?s={search_term_string}"},"query-input":{"@type":"PropertyValueSpecification","valueRequired":true,"valueName":"search_term_string"}}],"inLanguage":"es"},{"@type":"Organization","@id":"https:\/\/oenoterris.com\/#organization","name":"Oenoterris","url":"https:\/\/oenoterris.com\/","logo":{"@type":"ImageObject","inLanguage":"es","@id":"https:\/\/oenoterris.com\/#\/schema\/logo\/image\/","url":"https:\/\/oenoterris.com\/wp-content\/uploads\/2023\/09\/oenoterris-logo.png","contentUrl":"https:\/\/oenoterris.com\/wp-content\/uploads\/2023\/09\/oenoterris-logo.png","width":600,"height":242,"caption":"Oenoterris"},"image":{"@id":"https:\/\/oenoterris.com\/#\/schema\/logo\/image\/"}}]}},"_links":{"self":[{"href":"https:\/\/oenoterris.com\/es\/wp-json\/wp\/v2\/pages\/571","targetHints":{"allow":["GET"]}}],"collection":[{"href":"https:\/\/oenoterris.com\/es\/wp-json\/wp\/v2\/pages"}],"about":[{"href":"https:\/\/oenoterris.com\/es\/wp-json\/wp\/v2\/types\/page"}],"author":[{"embeddable":true,"href":"https:\/\/oenoterris.com\/es\/wp-json\/wp\/v2\/users\/2"}],"replies":[{"embeddable":true,"href":"https:\/\/oenoterris.com\/es\/wp-json\/wp\/v2\/comments?post=571"}],"version-history":[{"count":5,"href":"https:\/\/oenoterris.com\/es\/wp-json\/wp\/v2\/pages\/571\/revisions"}],"predecessor-version":[{"id":1898,"href":"https:\/\/oenoterris.com\/es\/wp-json\/wp\/v2\/pages\/571\/revisions\/1898"}],"wp:attachment":[{"href":"https:\/\/oenoterris.com\/es\/wp-json\/wp\/v2\/media?parent=571"}],"curies":[{"name":"wp","href":"https:\/\/api.w.org\/{rel}","templated":true}]}}