{"id":349,"date":"2021-04-20T11:22:02","date_gmt":"2021-04-20T09:22:02","guid":{"rendered":"https:\/\/oenoterris.com\/?page_id=349"},"modified":"2024-03-04T11:34:43","modified_gmt":"2024-03-04T10:34:43","slug":"los-programas","status":"publish","type":"page","link":"https:\/\/oenoterris.com\/es\/los-programas\/","title":{"rendered":"Los programas"},"content":{"rendered":"<h2>De la uva al vino<\/h2>\t\t\t\n\t\t\t\t<p>OENOTERRIS es un<strong>para el acompa\u00f1amiento personalizado<\/strong> que ofrece programas razonados <strong>, de la vi\u00f1a al vino<\/strong>. Utiliza herramientas que activan <strong>las actuaciones clave identificadas en la vi\u00f1a y en la bodega<\/strong> para dar una respuesta precisa a los retos enol\u00f3gicos actuales.<\/p>\n\t\t\t\t<img loading=\"lazy\" decoding=\"async\" src=\"https:\/\/oenoterris.com\/wp-content\/uploads\/2024\/03\/OT_Programme_Fraicheur_blanc_ES.png\" alt=\"OT_Programme_Fra\u00eecheur_blanc_FR\" itemprop=\"image\" height=\"1108\" width=\"3327\" title=\"OT_Programme_Fra\u00eecheur_blanc_FR\" onerror=\"this.style.display='none'\"  \/>\n\t<p>Le Programme Fra\u00eecheur permet de valoriser l&rsquo;expression du profil aromatique intense et frais des vins blancs et ros\u00e9s.<\/p>\n\t<a href=\"https:\/\/oenoterris.com\/es\/le-programme-fraicheur\/\" target=\"_self\" role=\"button\" aria-label=\"Descubrir\" rel=\"noopener\">\n\t\t\t\t\t\tDescubrir\n\t\t\t\t\t<\/a>\n\t\t\t\t<img loading=\"lazy\" decoding=\"async\" src=\"https:\/\/oenoterris.com\/wp-content\/uploads\/2024\/03\/OT_Programme_Buvabilite_blanc_ES.png\" alt=\"OT_Programme_Buvabilit\u00e9_blanc_FR\" itemprop=\"image\" height=\"1108\" width=\"3327\" title=\"OT_Programme_Buvabilit\u00e9_blanc_FR\" onerror=\"this.style.display='none'\"  \/>\n\t<p>Le Programme Buvabilit\u00e9 permet de valoriser l&rsquo;expression du profil aromatique fruit\u00e9, frais et gourmand des vins rouges.<\/p>\n\t<a href=\"https:\/\/oenoterris.com\/es\/le-programme-buvabilite\/\" target=\"_self\" role=\"button\" aria-label=\"Descubrir\" rel=\"noopener\">\n\t\t\t\t\t\tDescubrir\n\t\t\t\t\t<\/a>","protected":false},"excerpt":{"rendered":"<p>De la vigne au vin OENOTERRIS est une d\u00e9marche d&rsquo;accompagnement personnalis\u00e9 qui propose des programmes raisonn\u00e9s de la [&hellip;]<\/p>\n","protected":false},"author":2,"featured_media":0,"parent":0,"menu_order":0,"comment_status":"closed","ping_status":"closed","template":"","meta":{"_seopress_robots_primary_cat":"","_seopress_titles_title":"","_seopress_titles_desc":"","_seopress_robots_index":"","inline_featured_image":false,"site-sidebar-layout":"no-sidebar","site-content-layout":"page-builder","ast-site-content-layout":"default","site-content-style":"default","site-sidebar-style":"default","ast-global-header-display":"","ast-banner-title-visibility":"","ast-main-header-display":"","ast-hfb-above-header-display":"","ast-hfb-below-header-display":"","ast-hfb-mobile-header-display":"","site-post-title":"disabled","ast-breadcrumbs-content":"","ast-featured-img":"disabled","footer-sml-layout":"","ast-disable-related-posts":"","theme-transparent-header-meta":"default","adv-header-id-meta":"","stick-header-meta":"","header-above-stick-meta":null,"header-main-stick-meta":"","header-below-stick-meta":null,"astra-migrate-meta-layouts":"default","ast-page-background-enabled":"default","ast-page-background-meta":{"desktop":{"background-color":"","background-image":"","background-repeat":"repeat","background-position":"center center","background-size":"auto","background-attachment":"scroll","background-type":"","background-media":"","overlay-type":"","overlay-color":"","overlay-opacity":"","overlay-gradient":""},"tablet":{"background-color":"","background-image":"","background-repeat":"repeat","background-position":"center center","background-size":"auto","background-attachment":"scroll","background-type":"","background-media":"","overlay-type":"","overlay-color":"","overlay-opacity":"","overlay-gradient":""},"mobile":{"background-color":"","background-image":"","background-repeat":"repeat","background-position":"center center","background-size":"auto","background-attachment":"scroll","background-type":"","background-media":"","overlay-type":"","overlay-color":"","overlay-opacity":"","overlay-gradient":""}},"ast-content-background-meta":{"desktop":{"background-color":"var(--ast-global-color-5)","background-image":"","background-repeat":"repeat","background-position":"center center","background-size":"auto","background-attachment":"scroll","background-type":"","background-media":"","overlay-type":"","overlay-color":"","overlay-opacity":"","overlay-gradient":""},"tablet":{"background-color":"var(--ast-global-color-5)","background-image":"","background-repeat":"repeat","background-position":"center center","background-size":"auto","background-attachment":"scroll","background-type":"","background-media":"","overlay-type":"","overlay-color":"","overlay-opacity":"","overlay-gradient":""},"mobile":{"background-color":"var(--ast-global-color-5)","background-image":"","background-repeat":"repeat","background-position":"center center","background-size":"auto","background-attachment":"scroll","background-type":"","background-media":"","overlay-type":"","overlay-color":"","overlay-opacity":"","overlay-gradient":""}},"footnotes":""},"class_list":["post-349","page","type-page","status-publish","hentry"],"yoast_head":"<!-- This site is optimized with the Yoast SEO plugin v27.5 - https:\/\/yoast.com\/product\/yoast-seo-wordpress\/ -->\n<title>Les programmes - Oenoterris<\/title>\n<meta name=\"robots\" content=\"index, follow, max-snippet:-1, max-image-preview:large, max-video-preview:-1\" \/>\n<link rel=\"canonical\" href=\"https:\/\/oenoterris.com\/es\/los-programas\/\" \/>\n<meta property=\"og:locale\" content=\"es_ES\" \/>\n<meta property=\"og:type\" content=\"article\" \/>\n<meta property=\"og:title\" content=\"Les programmes - Oenoterris\" \/>\n<meta property=\"og:description\" content=\"De la vigne au vin OENOTERRIS est une d\u00e9marche d&rsquo;accompagnement personnalis\u00e9 qui propose des programmes raisonn\u00e9s de la [&hellip;]\" \/>\n<meta property=\"og:url\" content=\"https:\/\/oenoterris.com\/es\/los-programas\/\" \/>\n<meta property=\"og:site_name\" content=\"Oenoterris\" \/>\n<meta property=\"article:modified_time\" content=\"2024-03-04T10:34:43+00:00\" \/>\n<meta property=\"og:image\" content=\"https:\/\/oenoterris.com\/wp-content\/uploads\/2024\/03\/OT_Programme_Fraicheur_blanc_FR.png\" \/>\n<meta name=\"twitter:card\" content=\"summary_large_image\" \/>\n<script type=\"application\/ld+json\" class=\"yoast-schema-graph\">{\"@context\":\"https:\\\/\\\/schema.org\",\"@graph\":[{\"@type\":\"WebPage\",\"@id\":\"https:\\\/\\\/oenoterris.com\\\/les-programmes\\\/\",\"url\":\"https:\\\/\\\/oenoterris.com\\\/les-programmes\\\/\",\"name\":\"Les programmes - Oenoterris\",\"isPartOf\":{\"@id\":\"https:\\\/\\\/oenoterris.com\\\/#website\"},\"primaryImageOfPage\":{\"@id\":\"https:\\\/\\\/oenoterris.com\\\/les-programmes\\\/#primaryimage\"},\"image\":{\"@id\":\"https:\\\/\\\/oenoterris.com\\\/les-programmes\\\/#primaryimage\"},\"thumbnailUrl\":\"https:\\\/\\\/oenoterris.com\\\/wp-content\\\/uploads\\\/2024\\\/03\\\/OT_Programme_Fraicheur_blanc_FR.png\",\"datePublished\":\"2021-04-20T09:22:02+00:00\",\"dateModified\":\"2024-03-04T10:34:43+00:00\",\"breadcrumb\":{\"@id\":\"https:\\\/\\\/oenoterris.com\\\/les-programmes\\\/#breadcrumb\"},\"inLanguage\":\"es\",\"potentialAction\":[{\"@type\":\"ReadAction\",\"target\":[\"https:\\\/\\\/oenoterris.com\\\/les-programmes\\\/\"]}]},{\"@type\":\"ImageObject\",\"inLanguage\":\"es\",\"@id\":\"https:\\\/\\\/oenoterris.com\\\/les-programmes\\\/#primaryimage\",\"url\":\"https:\\\/\\\/oenoterris.com\\\/wp-content\\\/uploads\\\/2024\\\/03\\\/OT_Programme_Fraicheur_blanc_FR.png\",\"contentUrl\":\"https:\\\/\\\/oenoterris.com\\\/wp-content\\\/uploads\\\/2024\\\/03\\\/OT_Programme_Fraicheur_blanc_FR.png\"},{\"@type\":\"BreadcrumbList\",\"@id\":\"https:\\\/\\\/oenoterris.com\\\/les-programmes\\\/#breadcrumb\",\"itemListElement\":[{\"@type\":\"ListItem\",\"position\":1,\"name\":\"Accueil\",\"item\":\"https:\\\/\\\/oenoterris.com\\\/\"},{\"@type\":\"ListItem\",\"position\":2,\"name\":\"Les programmes\"}]},{\"@type\":\"WebSite\",\"@id\":\"https:\\\/\\\/oenoterris.com\\\/#website\",\"url\":\"https:\\\/\\\/oenoterris.com\\\/\",\"name\":\"Oenoterris\",\"description\":\"De la vigne au vin\",\"publisher\":{\"@id\":\"https:\\\/\\\/oenoterris.com\\\/#organization\"},\"potentialAction\":[{\"@type\":\"SearchAction\",\"target\":{\"@type\":\"EntryPoint\",\"urlTemplate\":\"https:\\\/\\\/oenoterris.com\\\/?s={search_term_string}\"},\"query-input\":{\"@type\":\"PropertyValueSpecification\",\"valueRequired\":true,\"valueName\":\"search_term_string\"}}],\"inLanguage\":\"es\"},{\"@type\":\"Organization\",\"@id\":\"https:\\\/\\\/oenoterris.com\\\/#organization\",\"name\":\"Oenoterris\",\"url\":\"https:\\\/\\\/oenoterris.com\\\/\",\"logo\":{\"@type\":\"ImageObject\",\"inLanguage\":\"es\",\"@id\":\"https:\\\/\\\/oenoterris.com\\\/#\\\/schema\\\/logo\\\/image\\\/\",\"url\":\"https:\\\/\\\/oenoterris.com\\\/wp-content\\\/uploads\\\/2023\\\/09\\\/oenoterris-logo.png\",\"contentUrl\":\"https:\\\/\\\/oenoterris.com\\\/wp-content\\\/uploads\\\/2023\\\/09\\\/oenoterris-logo.png\",\"width\":600,\"height\":242,\"caption\":\"Oenoterris\"},\"image\":{\"@id\":\"https:\\\/\\\/oenoterris.com\\\/#\\\/schema\\\/logo\\\/image\\\/\"}}]}<\/script>\n<!-- \/ Yoast SEO plugin. -->","yoast_head_json":{"title":"Programas - Oenoterris","robots":{"index":"index","follow":"follow","max-snippet":"max-snippet:-1","max-image-preview":"max-image-preview:large","max-video-preview":"max-video-preview:-1"},"canonical":"https:\/\/oenoterris.com\/es\/los-programas\/","og_locale":"es_ES","og_type":"article","og_title":"Les programmes - Oenoterris","og_description":"De la vigne au vin OENOTERRIS est une d\u00e9marche d&rsquo;accompagnement personnalis\u00e9 qui propose des programmes raisonn\u00e9s de la [&hellip;]","og_url":"https:\/\/oenoterris.com\/es\/los-programas\/","og_site_name":"Oenoterris","article_modified_time":"2024-03-04T10:34:43+00:00","og_image":[{"url":"https:\/\/oenoterris.com\/wp-content\/uploads\/2024\/03\/OT_Programme_Fraicheur_blanc_FR.png","type":"","width":"","height":""}],"twitter_card":"summary_large_image","schema":{"@context":"https:\/\/schema.org","@graph":[{"@type":"WebPage","@id":"https:\/\/oenoterris.com\/les-programmes\/","url":"https:\/\/oenoterris.com\/les-programmes\/","name":"Programas - Oenoterris","isPartOf":{"@id":"https:\/\/oenoterris.com\/#website"},"primaryImageOfPage":{"@id":"https:\/\/oenoterris.com\/les-programmes\/#primaryimage"},"image":{"@id":"https:\/\/oenoterris.com\/les-programmes\/#primaryimage"},"thumbnailUrl":"https:\/\/oenoterris.com\/wp-content\/uploads\/2024\/03\/OT_Programme_Fraicheur_blanc_FR.png","datePublished":"2021-04-20T09:22:02+00:00","dateModified":"2024-03-04T10:34:43+00:00","breadcrumb":{"@id":"https:\/\/oenoterris.com\/les-programmes\/#breadcrumb"},"inLanguage":"es","potentialAction":[{"@type":"ReadAction","target":["https:\/\/oenoterris.com\/les-programmes\/"]}]},{"@type":"ImageObject","inLanguage":"es","@id":"https:\/\/oenoterris.com\/les-programmes\/#primaryimage","url":"https:\/\/oenoterris.com\/wp-content\/uploads\/2024\/03\/OT_Programme_Fraicheur_blanc_FR.png","contentUrl":"https:\/\/oenoterris.com\/wp-content\/uploads\/2024\/03\/OT_Programme_Fraicheur_blanc_FR.png"},{"@type":"BreadcrumbList","@id":"https:\/\/oenoterris.com\/les-programmes\/#breadcrumb","itemListElement":[{"@type":"ListItem","position":1,"name":"Accueil","item":"https:\/\/oenoterris.com\/"},{"@type":"ListItem","position":2,"name":"Les programmes"}]},{"@type":"WebSite","@id":"https:\/\/oenoterris.com\/#website","url":"https:\/\/oenoterris.com\/","name":"Oenoterris","description":"De la uva al vino","publisher":{"@id":"https:\/\/oenoterris.com\/#organization"},"potentialAction":[{"@type":"SearchAction","target":{"@type":"EntryPoint","urlTemplate":"https:\/\/oenoterris.com\/?s={search_term_string}"},"query-input":{"@type":"PropertyValueSpecification","valueRequired":true,"valueName":"search_term_string"}}],"inLanguage":"es"},{"@type":"Organization","@id":"https:\/\/oenoterris.com\/#organization","name":"Oenoterris","url":"https:\/\/oenoterris.com\/","logo":{"@type":"ImageObject","inLanguage":"es","@id":"https:\/\/oenoterris.com\/#\/schema\/logo\/image\/","url":"https:\/\/oenoterris.com\/wp-content\/uploads\/2023\/09\/oenoterris-logo.png","contentUrl":"https:\/\/oenoterris.com\/wp-content\/uploads\/2023\/09\/oenoterris-logo.png","width":600,"height":242,"caption":"Oenoterris"},"image":{"@id":"https:\/\/oenoterris.com\/#\/schema\/logo\/image\/"}}]}},"_links":{"self":[{"href":"https:\/\/oenoterris.com\/es\/wp-json\/wp\/v2\/pages\/349","targetHints":{"allow":["GET"]}}],"collection":[{"href":"https:\/\/oenoterris.com\/es\/wp-json\/wp\/v2\/pages"}],"about":[{"href":"https:\/\/oenoterris.com\/es\/wp-json\/wp\/v2\/types\/page"}],"author":[{"embeddable":true,"href":"https:\/\/oenoterris.com\/es\/wp-json\/wp\/v2\/users\/2"}],"replies":[{"embeddable":true,"href":"https:\/\/oenoterris.com\/es\/wp-json\/wp\/v2\/comments?post=349"}],"version-history":[{"count":20,"href":"https:\/\/oenoterris.com\/es\/wp-json\/wp\/v2\/pages\/349\/revisions"}],"predecessor-version":[{"id":3071,"href":"https:\/\/oenoterris.com\/es\/wp-json\/wp\/v2\/pages\/349\/revisions\/3071"}],"wp:attachment":[{"href":"https:\/\/oenoterris.com\/es\/wp-json\/wp\/v2\/media?parent=349"}],"curies":[{"name":"wp","href":"https:\/\/api.w.org\/{rel}","templated":true}]}}