{"id":277,"date":"2021-04-15T15:21:45","date_gmt":"2021-04-15T13:21:45","guid":{"rendered":"https:\/\/oenoterris.com\/?page_id=277"},"modified":"2023-12-14T11:33:25","modified_gmt":"2023-12-14T10:33:25","slug":"pourquoi-oenoterris","status":"publish","type":"page","link":"https:\/\/oenoterris.com\/en_us\/pourquoi-oenoterris\/","title":{"rendered":"Why Oenoterris?"},"content":{"rendered":"<h2>Our environment<\/h2>\t\t\t\n\t\t\t\t<p>Climate change has been studied for several decades now and the conclusion of the observations made is clear: <strong>profound changes are taking place in our vineyards<\/strong>. These environmental pressures as well as the societal evolution of consumer expectations require winegrowers, winemakers and oenologists to adapt in a multidisciplinary way in order to provide more and more complex answers.<\/p>\n\t<p><strong>The decrease in the water balance<\/strong> of nearly 200 mm in 60 years (data: Saint-Emilion, see opposite) illustrates <strong>increased drought<\/strong> summers.<\/p>\n\t\t\t\t<img loading=\"lazy\" decoding=\"async\" src=\"https:\/\/oenoterris.com\/wp-content\/uploads\/2021\/04\/figure1-po.jpg\" alt=\"figure1-po\" itemprop=\"image\" height=\"606\" width=\"979\" title=\"figure1-po\" onerror=\"this.style.display='none'\"  \/>\n\t<p>Evolution of the climatic water balance from 1952 to 2012 by modeling the climatic water balance calculated between April 1 and September 30 for the Saint-Emilion region. Water balance calculated from Lebon et al. 2003; parameterization: RU = 0 mm and no stomatal regulation).<\/p>\n\t<p>As a result of <strong>temperature rise<\/strong>, grapevines develop <strong>earlier<\/strong> and consequently harvest dates are <strong>brought forward<\/strong>.<\/p>\n\t\t\t\t<img loading=\"lazy\" decoding=\"async\" src=\"https:\/\/oenoterris.com\/wp-content\/uploads\/2021\/04\/figure2-po.jpg\" alt=\"figure2-po\" itemprop=\"image\" height=\"606\" width=\"979\" title=\"figure2-po\" onerror=\"this.style.display='none'\"  \/>\n\t<p>Evolution of harvest dates in Ch\u00e2teauneuf du Pape between 1945 and 2013. Source: ONERC 2014.<\/p>\n\t<p>The <strong>increase in the number of climatic accidents<\/strong> (heavy rainfall in spring, heat waves and water stress in summer) <strong>impact the physico-chemical composition of the grapes<\/strong> (polyphenol and aromatic precursor content, heterogeneous maturity, bitterness or structural imbalance) which is <strong>reflected in the wines<\/strong> (hardness, bitterness, instability of the color or masking of the aromatic intensity).<\/p>\n\t\t\t\t<img loading=\"lazy\" decoding=\"async\" src=\"https:\/\/oenoterris.com\/wp-content\/uploads\/2023\/12\/figure3-po.jpg\" alt=\"figure3-po\" itemprop=\"image\" height=\"682\" width=\"979\" title=\"figure3-po\" onerror=\"this.style.display='none'\"  \/>\n\t\t\t\t<img loading=\"lazy\" decoding=\"async\" src=\"https:\/\/oenoterris.com\/wp-content\/uploads\/2021\/04\/figure4-po.jpg\" alt=\"figure4-po\" itemprop=\"image\" height=\"682\" width=\"979\" title=\"figure4-po\" onerror=\"this.style.display='none'\"  \/>\n\t<p>Evolution of the estimated alcoholic strength, acidity and pH of the grape must in the Languedoc vineyard between 1984 and 2013.<\/p>\n\t<p>The wines produced are <strong>less and less balanced<\/strong>.  In effect, there is <strong>higher potential alcohol content<\/strong> potential and pH with a <strong>reduction of acidity<\/strong> (data: Languedoc, see opposite).<\/p>\n\t\t\t<h2>The result of 5 years of research<\/h2>\t\t\t\n\t\t\t\t<p>One of the first levers of response to oenological or market expectations is in the vineyard. This observation led to the implementation of a study in 2014 and during the <strong>5 vintages<\/strong> following. The evaluation of different protocols in the vineyard and in the cellar based on an organic nutrition rich in amino acids has allowed to obtain significant results on the analytical and sensory levels.<\/p>\n\t<a href=\"https:\/\/oenoterris.com\/en_us\/les-programmes\/\" target=\"_self\" role=\"button\" aria-label=\"Discover our programs\" rel=\"noopener\">\n\t\t\t\t\t\tDiscover our programs\n\t\t\t\t\t<\/a>\n\t\t\t\t<img decoding=\"async\" src=\"https:\/\/oenoterris.com\/wp-content\/uploads\/2022\/10\/levier_vigne_EN_couleur.png\" alt=\"vine lever\" title=\"vine lever\" itemprop=\"image\"\/>\n\t\t<h3>Solutions for the vineyard<\/h3>\t\t\t\n\t\t\t\t<p>One of the first agro-oenological actions is the nutrition of the vine. It plays on the cultural and climatic effects and constitutes, with the hydric regime, one of the important and determining themes in the balance of the yields, of the constitution of the berries, of the composition of the musts, and finally, of the quality and of the desired profile of the wine.<\/p>\n\t\t\t<h3>Precision programs<\/h3>\t\t\t\n\t\t\t\t<p>An agronomic precision program was set up and applied on a plot of Syrah located in the Crest Petit area (66) combining the climate and soil constraints that this grape variety is sensitive to. The plot is divided into two parts: the control and the nutrition and stimulation program (NSP).<\/p>\n\t\t\t\t<img loading=\"lazy\" decoding=\"async\" src=\"https:\/\/oenoterris.com\/wp-content\/uploads\/2021\/04\/crest-oenoterris.jpg\" alt=\"crest-oenoterris\" itemprop=\"image\" height=\"682\" width=\"979\" title=\"crest-oenoterris\" onerror=\"this.style.display='none'\"  \/>\n\t<p>Plot of Syrah Crest Petit - North\/South slope position - Soil of limestone garrigue clearing with outcropping bedrock of low fertility, a crushed limestone soil with a very low rate of fine earth, with high ph (8.2) at risk of iron chlorosis.<\/p>\n\t\t\t\t<a href=\"https:\/\/oenoterris.com\/wp-content\/uploads\/2022\/03\/Rendement-EN.png\" target=\"_self\" itemprop=\"url\" rel=\"noopener\">\n\t\t\t\t<img loading=\"lazy\" decoding=\"async\" src=\"https:\/\/oenoterris.com\/wp-content\/uploads\/2022\/03\/Rendement-EN.png\" alt=\"yield-oenoterris\" itemprop=\"image\" height=\"682\" width=\"979\" title=\"yield-oenoterris\" onerror=\"this.style.display='none'\"  \/>\n\t\t\t\t<\/a>\n\t<p>Yield evolution in kg\/ha in Crest Petit Syrah control and NSP plots, from 2011 to 2019 (2019 vintage, NSP zone: + 35%; average 2011-2019, NSP zone: + 22%).<\/p>\n\t\t\t<h3>Monitoring of agronomic indicators<\/h3>\t\t\t\n\t\t\t\t<p>Since 2011, agronomic measurements of production have been made at grape harvest. These measurements are agronomic indicators as to the production of the two parts of the plot: control and nutrition and stimulation program (NSP). An average yield increase of 35% is observed for the 2019 vintage. This increase is 22% over the entire study.<\/p>\n\t\t\t<h4>Our expertise at your service<\/h4>\t\t\t\n\t\t\t\t<p>Are you interested in our integrated agro-oenology programs and would you like to know if your plots are eligible? Contact us and benefit from the expertise of our oenologists.<\/p>\n\t<a href=\"https:\/\/oenoterris.com\/en_us\/contact\/\" target=\"_self\" role=\"button\" aria-label=\"Contact us\" rel=\"noopener\">\n\t\t\t\t\t\tContact us\n\t\t\t\t\t<\/a>\n\t\t\t\t<img decoding=\"async\" src=\"https:\/\/oenoterris.com\/wp-content\/uploads\/2022\/10\/levier_cave_EN_couleur.png\" alt=\"lever-cave-green\" title=\"lever-cave-green\" itemprop=\"image\"\/>\n\t\t<h3>Solutions for the cellar<\/h3>\t\t\t\n\t\t\t\t<p>In order to measure the impact of the protocols implemented in the vineyard on the balance of the musts and the organoleptic characteristics of the wines, two winemaking protocols were compared, one using classic nutrition (classic winemaking) with a neutral yeast strain, and the other using complex nutrition (organic winemaking) with an aroma-revealing yeast strain. These vinifications were carried out at the experimental cellar of the Sofralab Group's oenological campus, located in Montagnac (34).<\/p>\n\t\t\t\t<img loading=\"lazy\" decoding=\"async\" src=\"https:\/\/oenoterris.com\/wp-content\/uploads\/2021\/04\/campus-montagnac.svg\" alt=\"campus-montagnac\" itemprop=\"image\" height=\"0\" width=\"0\" title=\"campus-montagnac\" onerror=\"this.style.display='none'\"  \/>\n\t<p>The results of must analyses from the control and SNP plots showed that there was no significant difference in the chemical parameters studied (volatile acidity, alcoholic degree, total acidity, pH), thus confirming that the oenological qualities of the musts are preserved despite the increase in yield.<\/p>\n\t\t\t<h3>Analysis results<\/h3>\t\t\t\n\t\t\t\t<p>The composition of volatile compounds such as thiols and esters was also analyzed on the wines after bottling. The two wines made from the musts of the SNP plot (classic vinification and organic vinification) had higher average concentrations of volatile compounds of the thiol type than those observed in the wine from the control plot. This increase is even more pronounced between the control and the wine vinified with the aroma-revealing yeast strain.<\/p>\n\t\t\t\t<img loading=\"lazy\" decoding=\"async\" src=\"https:\/\/oenoterris.com\/wp-content\/uploads\/2022\/04\/Thiols-vins-EN.png\" alt=\"graph1\" itemprop=\"image\" height=\"682\" width=\"979\" title=\"graph1\" onerror=\"this.style.display='none'\"  \/>\n\t<p>Average concentrations of volatile thiol-related compounds (ng\/l) in wines after bottling, observed over 2015 to 2018 vintages.<\/p>\n\t\t\t\t<a href=\"https:\/\/oenoterris.com\/wp-content\/uploads\/2022\/04\/Radar-degust-EN.png\" target=\"_self\" itemprop=\"url\" rel=\"noopener\">\n\t\t\t\t<img loading=\"lazy\" decoding=\"async\" src=\"https:\/\/oenoterris.com\/wp-content\/uploads\/2022\/04\/Radar-degust-EN.png\" alt=\"graph2\" itemprop=\"image\" height=\"682\" width=\"979\" title=\"graph2\" onerror=\"this.style.display='none'\"  \/>\n\t\t\t\t<\/a>\n\t<p>Star chart of the averages in the 2015 to 2018 vintages during the tastings of the 3 modalities: classic vinification control, NSP + classic vinification, and NSP + organic vinification.<\/p>\n\t\t\t<h3>Sensory analysis<\/h3>\t\t\t\n\t\t\t\t<p>Tasting results show that the wines from the NSP plots got higher overall scores. They are noted as fruitier, more intense and with a citrus-like thiol profile. A synergy was observed between the organic nutrition and stimulation program in the vineyard and organic nutrition in the cellar.<\/p>\n\t\t\t<h4>The birth of the Oenoterris programs<\/h4>\t\t\t\n\t\t\t\t<p>After five vintages of study, the results show a synergy between a nutrition\/stimulation program in the vineyard and an organic program in the wine-making process. Despite the vintage effects on must and wine analyses, organoleptic results show significant differences between the different modalities and this in a repeatable way over the 5 vintages studied. The same trends were also observed on other trial plots (different grape varieties) as well as on the agronomic results and the oenological results on volatile and organoleptic compounds.<br \/><strong>These tests, carried out over several years, enabled the Oenoterris reasoned programs to come into being.<\/strong><\/p>","protected":false},"excerpt":{"rendered":"<p>Notre environnement Les changements climatiques sont \u00e9tudi\u00e9s depuis maintenant plusieurs dizaines d&rsquo;ann\u00e9es et la conclusion des observations faites [&hellip;]<\/p>\n","protected":false},"author":2,"featured_media":0,"parent":0,"menu_order":0,"comment_status":"closed","ping_status":"closed","template":"","meta":{"_seopress_robots_primary_cat":"","_seopress_titles_title":"","_seopress_titles_desc":"","_seopress_robots_index":"","inline_featured_image":false,"site-sidebar-layout":"no-sidebar","site-content-layout":"page-builder","ast-site-content-layout":"default","site-content-style":"default","site-sidebar-style":"default","ast-global-header-display":"","ast-banner-title-visibility":"","ast-main-header-display":"","ast-hfb-above-header-display":"","ast-hfb-below-header-display":"","ast-hfb-mobile-header-display":"","site-post-title":"disabled","ast-breadcrumbs-content":"","ast-featured-img":"disabled","footer-sml-layout":"","ast-disable-related-posts":"","theme-transparent-header-meta":"default","adv-header-id-meta":"","stick-header-meta":"default","header-above-stick-meta":"","header-main-stick-meta":"","header-below-stick-meta":"","astra-migrate-meta-layouts":"default","ast-page-background-enabled":"default","ast-page-background-meta":{"desktop":{"background-color":"","background-image":"","background-repeat":"repeat","background-position":"center center","background-size":"auto","background-attachment":"scroll","background-type":"","background-media":"","overlay-type":"","overlay-color":"","overlay-opacity":"","overlay-gradient":""},"tablet":{"background-color":"","background-image":"","background-repeat":"repeat","background-position":"center center","background-size":"auto","background-attachment":"scroll","background-type":"","background-media":"","overlay-type":"","overlay-color":"","overlay-opacity":"","overlay-gradient":""},"mobile":{"background-color":"","background-image":"","background-repeat":"repeat","background-position":"center center","background-size":"auto","background-attachment":"scroll","background-type":"","background-media":"","overlay-type":"","overlay-color":"","overlay-opacity":"","overlay-gradient":""}},"ast-content-background-meta":{"desktop":{"background-color":"var(--ast-global-color-5)","background-image":"","background-repeat":"repeat","background-position":"center center","background-size":"auto","background-attachment":"scroll","background-type":"","background-media":"","overlay-type":"","overlay-color":"","overlay-opacity":"","overlay-gradient":""},"tablet":{"background-color":"var(--ast-global-color-5)","background-image":"","background-repeat":"repeat","background-position":"center center","background-size":"auto","background-attachment":"scroll","background-type":"","background-media":"","overlay-type":"","overlay-color":"","overlay-opacity":"","overlay-gradient":""},"mobile":{"background-color":"var(--ast-global-color-5)","background-image":"","background-repeat":"repeat","background-position":"center center","background-size":"auto","background-attachment":"scroll","background-type":"","background-media":"","overlay-type":"","overlay-color":"","overlay-opacity":"","overlay-gradient":""}},"footnotes":""},"class_list":["post-277","page","type-page","status-publish","hentry"],"yoast_head":"<!-- This site is optimized with the Yoast SEO plugin v27.5 - https:\/\/yoast.com\/product\/yoast-seo-wordpress\/ -->\n<title>Pourquoi Oenoterris ? - Oenoterris<\/title>\n<meta name=\"robots\" content=\"index, follow, max-snippet:-1, max-image-preview:large, max-video-preview:-1\" \/>\n<link rel=\"canonical\" href=\"https:\/\/oenoterris.com\/en_us\/pourquoi-oenoterris\/\" \/>\n<meta property=\"og:locale\" content=\"en_US\" \/>\n<meta property=\"og:type\" content=\"article\" \/>\n<meta property=\"og:title\" content=\"Pourquoi Oenoterris ? - Oenoterris\" \/>\n<meta property=\"og:description\" content=\"Notre environnement Les changements climatiques sont \u00e9tudi\u00e9s depuis maintenant plusieurs dizaines d&rsquo;ann\u00e9es et la conclusion des observations faites [&hellip;]\" \/>\n<meta property=\"og:url\" content=\"https:\/\/oenoterris.com\/en_us\/pourquoi-oenoterris\/\" \/>\n<meta property=\"og:site_name\" content=\"Oenoterris\" \/>\n<meta property=\"article:modified_time\" content=\"2023-12-14T10:33:25+00:00\" \/>\n<meta property=\"og:image\" content=\"https:\/\/oenoterris.com\/wp-content\/uploads\/2021\/04\/figure1-po.jpg\" \/>\n<meta name=\"twitter:card\" content=\"summary_large_image\" \/>\n<meta name=\"twitter:label1\" content=\"Est. reading time\" \/>\n\t<meta name=\"twitter:data1\" content=\"6 minutes\" \/>\n<script type=\"application\/ld+json\" class=\"yoast-schema-graph\">{\"@context\":\"https:\\\/\\\/schema.org\",\"@graph\":[{\"@type\":\"WebPage\",\"@id\":\"https:\\\/\\\/oenoterris.com\\\/pourquoi-oenoterris\\\/\",\"url\":\"https:\\\/\\\/oenoterris.com\\\/pourquoi-oenoterris\\\/\",\"name\":\"Pourquoi Oenoterris ? - Oenoterris\",\"isPartOf\":{\"@id\":\"https:\\\/\\\/oenoterris.com\\\/#website\"},\"primaryImageOfPage\":{\"@id\":\"https:\\\/\\\/oenoterris.com\\\/pourquoi-oenoterris\\\/#primaryimage\"},\"image\":{\"@id\":\"https:\\\/\\\/oenoterris.com\\\/pourquoi-oenoterris\\\/#primaryimage\"},\"thumbnailUrl\":\"https:\\\/\\\/oenoterris.com\\\/wp-content\\\/uploads\\\/2021\\\/04\\\/figure1-po.jpg\",\"datePublished\":\"2021-04-15T13:21:45+00:00\",\"dateModified\":\"2023-12-14T10:33:25+00:00\",\"breadcrumb\":{\"@id\":\"https:\\\/\\\/oenoterris.com\\\/pourquoi-oenoterris\\\/#breadcrumb\"},\"inLanguage\":\"en-US\",\"potentialAction\":[{\"@type\":\"ReadAction\",\"target\":[\"https:\\\/\\\/oenoterris.com\\\/pourquoi-oenoterris\\\/\"]}]},{\"@type\":\"ImageObject\",\"inLanguage\":\"en-US\",\"@id\":\"https:\\\/\\\/oenoterris.com\\\/pourquoi-oenoterris\\\/#primaryimage\",\"url\":\"https:\\\/\\\/oenoterris.com\\\/wp-content\\\/uploads\\\/2021\\\/04\\\/figure1-po.jpg\",\"contentUrl\":\"https:\\\/\\\/oenoterris.com\\\/wp-content\\\/uploads\\\/2021\\\/04\\\/figure1-po.jpg\"},{\"@type\":\"BreadcrumbList\",\"@id\":\"https:\\\/\\\/oenoterris.com\\\/pourquoi-oenoterris\\\/#breadcrumb\",\"itemListElement\":[{\"@type\":\"ListItem\",\"position\":1,\"name\":\"Accueil\",\"item\":\"https:\\\/\\\/oenoterris.com\\\/\"},{\"@type\":\"ListItem\",\"position\":2,\"name\":\"Pourquoi Oenoterris ?\"}]},{\"@type\":\"WebSite\",\"@id\":\"https:\\\/\\\/oenoterris.com\\\/#website\",\"url\":\"https:\\\/\\\/oenoterris.com\\\/\",\"name\":\"Oenoterris\",\"description\":\"De la vigne au vin\",\"publisher\":{\"@id\":\"https:\\\/\\\/oenoterris.com\\\/#organization\"},\"potentialAction\":[{\"@type\":\"SearchAction\",\"target\":{\"@type\":\"EntryPoint\",\"urlTemplate\":\"https:\\\/\\\/oenoterris.com\\\/?s={search_term_string}\"},\"query-input\":{\"@type\":\"PropertyValueSpecification\",\"valueRequired\":true,\"valueName\":\"search_term_string\"}}],\"inLanguage\":\"en-US\"},{\"@type\":\"Organization\",\"@id\":\"https:\\\/\\\/oenoterris.com\\\/#organization\",\"name\":\"Oenoterris\",\"url\":\"https:\\\/\\\/oenoterris.com\\\/\",\"logo\":{\"@type\":\"ImageObject\",\"inLanguage\":\"en-US\",\"@id\":\"https:\\\/\\\/oenoterris.com\\\/#\\\/schema\\\/logo\\\/image\\\/\",\"url\":\"https:\\\/\\\/oenoterris.com\\\/wp-content\\\/uploads\\\/2023\\\/09\\\/oenoterris-logo.png\",\"contentUrl\":\"https:\\\/\\\/oenoterris.com\\\/wp-content\\\/uploads\\\/2023\\\/09\\\/oenoterris-logo.png\",\"width\":600,\"height\":242,\"caption\":\"Oenoterris\"},\"image\":{\"@id\":\"https:\\\/\\\/oenoterris.com\\\/#\\\/schema\\\/logo\\\/image\\\/\"}}]}<\/script>\n<!-- \/ Yoast SEO plugin. -->","yoast_head_json":{"title":"Why Oenoterris? - Oenoterris","robots":{"index":"index","follow":"follow","max-snippet":"max-snippet:-1","max-image-preview":"max-image-preview:large","max-video-preview":"max-video-preview:-1"},"canonical":"https:\/\/oenoterris.com\/en_us\/pourquoi-oenoterris\/","og_locale":"en_US","og_type":"article","og_title":"Pourquoi Oenoterris ? - Oenoterris","og_description":"Notre environnement Les changements climatiques sont \u00e9tudi\u00e9s depuis maintenant plusieurs dizaines d&rsquo;ann\u00e9es et la conclusion des observations faites [&hellip;]","og_url":"https:\/\/oenoterris.com\/en_us\/pourquoi-oenoterris\/","og_site_name":"Oenoterris","article_modified_time":"2023-12-14T10:33:25+00:00","og_image":[{"url":"https:\/\/oenoterris.com\/wp-content\/uploads\/2021\/04\/figure1-po.jpg","type":"","width":"","height":""}],"twitter_card":"summary_large_image","twitter_misc":{"Est. reading time":"6 minutes"},"schema":{"@context":"https:\/\/schema.org","@graph":[{"@type":"WebPage","@id":"https:\/\/oenoterris.com\/pourquoi-oenoterris\/","url":"https:\/\/oenoterris.com\/pourquoi-oenoterris\/","name":"Why Oenoterris? - Oenoterris","isPartOf":{"@id":"https:\/\/oenoterris.com\/#website"},"primaryImageOfPage":{"@id":"https:\/\/oenoterris.com\/pourquoi-oenoterris\/#primaryimage"},"image":{"@id":"https:\/\/oenoterris.com\/pourquoi-oenoterris\/#primaryimage"},"thumbnailUrl":"https:\/\/oenoterris.com\/wp-content\/uploads\/2021\/04\/figure1-po.jpg","datePublished":"2021-04-15T13:21:45+00:00","dateModified":"2023-12-14T10:33:25+00:00","breadcrumb":{"@id":"https:\/\/oenoterris.com\/pourquoi-oenoterris\/#breadcrumb"},"inLanguage":"en-US","potentialAction":[{"@type":"ReadAction","target":["https:\/\/oenoterris.com\/pourquoi-oenoterris\/"]}]},{"@type":"ImageObject","inLanguage":"en-US","@id":"https:\/\/oenoterris.com\/pourquoi-oenoterris\/#primaryimage","url":"https:\/\/oenoterris.com\/wp-content\/uploads\/2021\/04\/figure1-po.jpg","contentUrl":"https:\/\/oenoterris.com\/wp-content\/uploads\/2021\/04\/figure1-po.jpg"},{"@type":"BreadcrumbList","@id":"https:\/\/oenoterris.com\/pourquoi-oenoterris\/#breadcrumb","itemListElement":[{"@type":"ListItem","position":1,"name":"Accueil","item":"https:\/\/oenoterris.com\/"},{"@type":"ListItem","position":2,"name":"Pourquoi Oenoterris ?"}]},{"@type":"WebSite","@id":"https:\/\/oenoterris.com\/#website","url":"https:\/\/oenoterris.com\/","name":"Oenoterris","description":"From grapevine to wine","publisher":{"@id":"https:\/\/oenoterris.com\/#organization"},"potentialAction":[{"@type":"SearchAction","target":{"@type":"EntryPoint","urlTemplate":"https:\/\/oenoterris.com\/?s={search_term_string}"},"query-input":{"@type":"PropertyValueSpecification","valueRequired":true,"valueName":"search_term_string"}}],"inLanguage":"en-US"},{"@type":"Organization","@id":"https:\/\/oenoterris.com\/#organization","name":"Oenoterris","url":"https:\/\/oenoterris.com\/","logo":{"@type":"ImageObject","inLanguage":"en-US","@id":"https:\/\/oenoterris.com\/#\/schema\/logo\/image\/","url":"https:\/\/oenoterris.com\/wp-content\/uploads\/2023\/09\/oenoterris-logo.png","contentUrl":"https:\/\/oenoterris.com\/wp-content\/uploads\/2023\/09\/oenoterris-logo.png","width":600,"height":242,"caption":"Oenoterris"},"image":{"@id":"https:\/\/oenoterris.com\/#\/schema\/logo\/image\/"}}]}},"_links":{"self":[{"href":"https:\/\/oenoterris.com\/en_us\/wp-json\/wp\/v2\/pages\/277","targetHints":{"allow":["GET"]}}],"collection":[{"href":"https:\/\/oenoterris.com\/en_us\/wp-json\/wp\/v2\/pages"}],"about":[{"href":"https:\/\/oenoterris.com\/en_us\/wp-json\/wp\/v2\/types\/page"}],"author":[{"embeddable":true,"href":"https:\/\/oenoterris.com\/en_us\/wp-json\/wp\/v2\/users\/2"}],"replies":[{"embeddable":true,"href":"https:\/\/oenoterris.com\/en_us\/wp-json\/wp\/v2\/comments?post=277"}],"version-history":[{"count":6,"href":"https:\/\/oenoterris.com\/en_us\/wp-json\/wp\/v2\/pages\/277\/revisions"}],"predecessor-version":[{"id":2970,"href":"https:\/\/oenoterris.com\/en_us\/wp-json\/wp\/v2\/pages\/277\/revisions\/2970"}],"wp:attachment":[{"href":"https:\/\/oenoterris.com\/en_us\/wp-json\/wp\/v2\/media?parent=277"}],"curies":[{"name":"wp","href":"https:\/\/api.w.org\/{rel}","templated":true}]}}