{"id":2766,"date":"2023-08-08T11:47:00","date_gmt":"2023-08-08T09:47:00","guid":{"rendered":"https:\/\/oenoterris.com\/?page_id=2766"},"modified":"2023-08-08T11:47:49","modified_gmt":"2023-08-08T09:47:49","slug":"indice-maturox","status":"publish","type":"page","link":"https:\/\/oenoterris.com\/en_us\/indice-maturox\/","title":{"rendered":"The MaturOx index"},"content":{"rendered":"<h1>\n\t\tTarget the right aromatic window\n\t<\/h1>\n<h3>\n\t\t<br \/>Objectives: fresh, easy-to-drink wines\n\t<\/h3>\n\tA number of criteria are taken into account when determining<br \/>\ndate de r\u00e9colte optimale. Bas\u00e9e sur la mesure d&rsquo;indicateurs<br \/>\ntechnological maturity indicators (sugars, organic acids, pH) or<br \/>\nph\u00e9nolique (anthocyanes), la m\u00e9thode dite \u00ab classique \u00bb n&rsquo;est<br \/>\nprecise enough to target the right aromatic<br \/>\n.\n\t\t\t<a href=\"https:\/\/oenoterris.com\/en_us\/documentation-technique\/\" target=\"_blank\" role=\"button\" rel=\"noopener\">\n\t\t\t\t\t\tDownloadable files\n\t\t\t\t\t<\/a>\n<h3>\n\t\tThe MaturOx index\n\t<\/h3>\n\t<p>L&rsquo;arr\u00eat de chargement en sucre des baies est un indicateur compl\u00e9mentaire qui permet de pr\u00e9dire le profil aromatique du futur vin car il pr\u00e9c\u00e8de le d\u00e9but de diff\u00e9rentes s\u00e9quences aromatiques.<\/p>\n<p>Le MaturOx, un indice sp\u00e9cifique du NOMASense\u2122 PolyScan (WQS by Vinventions), permet d&rsquo;identifier le moment de l&rsquo;arr\u00eat de chargement en sucres et le d\u00e9but de la s\u00e9quence aromatique. Il propose \u00e0 l&rsquo;utilisateur plusieurs fen\u00eatres aromatiques et permet de s\u00e9lectionner un profil plus frais.<\/p>\n\t\t\t<a href=\"https:\/\/oenoterris.com\/en_us\/documentation-technique\/\" target=\"_blank\" role=\"button\" rel=\"noopener\">\n\t\t\t\t\t\tDownloadable files\n\t\t\t\t\t<\/a>","protected":false},"excerpt":{"rendered":"<p>Ciblez la bonne fen\u00eatre aromatique Objectifs fra\u00eecheur et buvabilit\u00e9 des vins De nombreux crit\u00e8res sont pris en compte [&hellip;]<\/p>\n","protected":false},"author":5,"featured_media":0,"parent":0,"menu_order":0,"comment_status":"closed","ping_status":"closed","template":"","meta":{"_seopress_robots_primary_cat":"","_seopress_titles_title":"","_seopress_titles_desc":"","_seopress_robots_index":"","inline_featured_image":false,"site-sidebar-layout":"no-sidebar","site-content-layout":"page-builder","ast-site-content-layout":"default","site-content-style":"default","site-sidebar-style":"default","ast-global-header-display":"","ast-banner-title-visibility":"","ast-main-header-display":"","ast-hfb-above-header-display":"","ast-hfb-below-header-display":"","ast-hfb-mobile-header-display":"","site-post-title":"disabled","ast-breadcrumbs-content":"","ast-featured-img":"disabled","footer-sml-layout":"","ast-disable-related-posts":"","theme-transparent-header-meta":"default","adv-header-id-meta":"","stick-header-meta":"default","header-above-stick-meta":"","header-main-stick-meta":"","header-below-stick-meta":"","astra-migrate-meta-layouts":"default","ast-page-background-enabled":"default","ast-page-background-meta":{"desktop":{"background-color":"","background-image":"","background-repeat":"repeat","background-position":"center center","background-size":"auto","background-attachment":"scroll","background-type":"","background-media":"","overlay-type":"","overlay-color":"","overlay-opacity":"","overlay-gradient":""},"tablet":{"background-color":"","background-image":"","background-repeat":"repeat","background-position":"center center","background-size":"auto","background-attachment":"scroll","background-type":"","background-media":"","overlay-type":"","overlay-color":"","overlay-opacity":"","overlay-gradient":""},"mobile":{"background-color":"","background-image":"","background-repeat":"repeat","background-position":"center center","background-size":"auto","background-attachment":"scroll","background-type":"","background-media":"","overlay-type":"","overlay-color":"","overlay-opacity":"","overlay-gradient":""}},"ast-content-background-meta":{"desktop":{"background-color":"var(--ast-global-color-5)","background-image":"","background-repeat":"repeat","background-position":"center center","background-size":"auto","background-attachment":"scroll","background-type":"","background-media":"","overlay-type":"","overlay-color":"","overlay-opacity":"","overlay-gradient":""},"tablet":{"background-color":"var(--ast-global-color-5)","background-image":"","background-repeat":"repeat","background-position":"center center","background-size":"auto","background-attachment":"scroll","background-type":"","background-media":"","overlay-type":"","overlay-color":"","overlay-opacity":"","overlay-gradient":""},"mobile":{"background-color":"var(--ast-global-color-5)","background-image":"","background-repeat":"repeat","background-position":"center center","background-size":"auto","background-attachment":"scroll","background-type":"","background-media":"","overlay-type":"","overlay-color":"","overlay-opacity":"","overlay-gradient":""}},"footnotes":""},"class_list":["post-2766","page","type-page","status-publish","hentry"],"yoast_head":"<!-- This site is optimized with the Yoast SEO plugin v27.5 - https:\/\/yoast.com\/product\/yoast-seo-wordpress\/ -->\n<title>L&#039;indice MaturOx - Oenoterris<\/title>\n<meta name=\"robots\" content=\"index, follow, max-snippet:-1, max-image-preview:large, max-video-preview:-1\" \/>\n<link rel=\"canonical\" href=\"https:\/\/oenoterris.com\/en_us\/indice-maturox\/\" \/>\n<meta property=\"og:locale\" content=\"en_US\" \/>\n<meta property=\"og:type\" content=\"article\" \/>\n<meta property=\"og:title\" content=\"L&#039;indice MaturOx - Oenoterris\" \/>\n<meta property=\"og:description\" content=\"Ciblez la bonne fen\u00eatre aromatique Objectifs fra\u00eecheur et buvabilit\u00e9 des vins De nombreux crit\u00e8res sont pris en compte [&hellip;]\" \/>\n<meta property=\"og:url\" content=\"https:\/\/oenoterris.com\/en_us\/indice-maturox\/\" \/>\n<meta property=\"og:site_name\" content=\"Oenoterris\" \/>\n<meta property=\"article:modified_time\" content=\"2023-08-08T09:47:49+00:00\" \/>\n<meta name=\"twitter:card\" content=\"summary_large_image\" \/>\n<meta name=\"twitter:label1\" content=\"Est. reading time\" \/>\n\t<meta name=\"twitter:data1\" content=\"1 minute\" \/>\n<script type=\"application\/ld+json\" class=\"yoast-schema-graph\">{\"@context\":\"https:\\\/\\\/schema.org\",\"@graph\":[{\"@type\":\"WebPage\",\"@id\":\"https:\\\/\\\/oenoterris.com\\\/indice-maturox\\\/\",\"url\":\"https:\\\/\\\/oenoterris.com\\\/indice-maturox\\\/\",\"name\":\"L'indice MaturOx - Oenoterris\",\"isPartOf\":{\"@id\":\"https:\\\/\\\/oenoterris.com\\\/#website\"},\"datePublished\":\"2023-08-08T09:47:00+00:00\",\"dateModified\":\"2023-08-08T09:47:49+00:00\",\"breadcrumb\":{\"@id\":\"https:\\\/\\\/oenoterris.com\\\/indice-maturox\\\/#breadcrumb\"},\"inLanguage\":\"en-US\",\"potentialAction\":[{\"@type\":\"ReadAction\",\"target\":[\"https:\\\/\\\/oenoterris.com\\\/indice-maturox\\\/\"]}]},{\"@type\":\"BreadcrumbList\",\"@id\":\"https:\\\/\\\/oenoterris.com\\\/indice-maturox\\\/#breadcrumb\",\"itemListElement\":[{\"@type\":\"ListItem\",\"position\":1,\"name\":\"Accueil\",\"item\":\"https:\\\/\\\/oenoterris.com\\\/\"},{\"@type\":\"ListItem\",\"position\":2,\"name\":\"L&rsquo;indice MaturOx\"}]},{\"@type\":\"WebSite\",\"@id\":\"https:\\\/\\\/oenoterris.com\\\/#website\",\"url\":\"https:\\\/\\\/oenoterris.com\\\/\",\"name\":\"Oenoterris\",\"description\":\"De la vigne au vin\",\"publisher\":{\"@id\":\"https:\\\/\\\/oenoterris.com\\\/#organization\"},\"potentialAction\":[{\"@type\":\"SearchAction\",\"target\":{\"@type\":\"EntryPoint\",\"urlTemplate\":\"https:\\\/\\\/oenoterris.com\\\/?s={search_term_string}\"},\"query-input\":{\"@type\":\"PropertyValueSpecification\",\"valueRequired\":true,\"valueName\":\"search_term_string\"}}],\"inLanguage\":\"en-US\"},{\"@type\":\"Organization\",\"@id\":\"https:\\\/\\\/oenoterris.com\\\/#organization\",\"name\":\"Oenoterris\",\"url\":\"https:\\\/\\\/oenoterris.com\\\/\",\"logo\":{\"@type\":\"ImageObject\",\"inLanguage\":\"en-US\",\"@id\":\"https:\\\/\\\/oenoterris.com\\\/#\\\/schema\\\/logo\\\/image\\\/\",\"url\":\"https:\\\/\\\/oenoterris.com\\\/wp-content\\\/uploads\\\/2023\\\/09\\\/oenoterris-logo.png\",\"contentUrl\":\"https:\\\/\\\/oenoterris.com\\\/wp-content\\\/uploads\\\/2023\\\/09\\\/oenoterris-logo.png\",\"width\":600,\"height\":242,\"caption\":\"Oenoterris\"},\"image\":{\"@id\":\"https:\\\/\\\/oenoterris.com\\\/#\\\/schema\\\/logo\\\/image\\\/\"}}]}<\/script>\n<!-- \/ Yoast SEO plugin. -->","yoast_head_json":{"title":"MaturOx Index - Oenoterris","robots":{"index":"index","follow":"follow","max-snippet":"max-snippet:-1","max-image-preview":"max-image-preview:large","max-video-preview":"max-video-preview:-1"},"canonical":"https:\/\/oenoterris.com\/en_us\/indice-maturox\/","og_locale":"en_US","og_type":"article","og_title":"L'indice MaturOx - Oenoterris","og_description":"Ciblez la bonne fen\u00eatre aromatique Objectifs fra\u00eecheur et buvabilit\u00e9 des vins De nombreux crit\u00e8res sont pris en compte [&hellip;]","og_url":"https:\/\/oenoterris.com\/en_us\/indice-maturox\/","og_site_name":"Oenoterris","article_modified_time":"2023-08-08T09:47:49+00:00","twitter_card":"summary_large_image","twitter_misc":{"Est. reading time":"1 minute"},"schema":{"@context":"https:\/\/schema.org","@graph":[{"@type":"WebPage","@id":"https:\/\/oenoterris.com\/indice-maturox\/","url":"https:\/\/oenoterris.com\/indice-maturox\/","name":"MaturOx Index - Oenoterris","isPartOf":{"@id":"https:\/\/oenoterris.com\/#website"},"datePublished":"2023-08-08T09:47:00+00:00","dateModified":"2023-08-08T09:47:49+00:00","breadcrumb":{"@id":"https:\/\/oenoterris.com\/indice-maturox\/#breadcrumb"},"inLanguage":"en-US","potentialAction":[{"@type":"ReadAction","target":["https:\/\/oenoterris.com\/indice-maturox\/"]}]},{"@type":"BreadcrumbList","@id":"https:\/\/oenoterris.com\/indice-maturox\/#breadcrumb","itemListElement":[{"@type":"ListItem","position":1,"name":"Accueil","item":"https:\/\/oenoterris.com\/"},{"@type":"ListItem","position":2,"name":"L&rsquo;indice MaturOx"}]},{"@type":"WebSite","@id":"https:\/\/oenoterris.com\/#website","url":"https:\/\/oenoterris.com\/","name":"Oenoterris","description":"From grapevine to wine","publisher":{"@id":"https:\/\/oenoterris.com\/#organization"},"potentialAction":[{"@type":"SearchAction","target":{"@type":"EntryPoint","urlTemplate":"https:\/\/oenoterris.com\/?s={search_term_string}"},"query-input":{"@type":"PropertyValueSpecification","valueRequired":true,"valueName":"search_term_string"}}],"inLanguage":"en-US"},{"@type":"Organization","@id":"https:\/\/oenoterris.com\/#organization","name":"Oenoterris","url":"https:\/\/oenoterris.com\/","logo":{"@type":"ImageObject","inLanguage":"en-US","@id":"https:\/\/oenoterris.com\/#\/schema\/logo\/image\/","url":"https:\/\/oenoterris.com\/wp-content\/uploads\/2023\/09\/oenoterris-logo.png","contentUrl":"https:\/\/oenoterris.com\/wp-content\/uploads\/2023\/09\/oenoterris-logo.png","width":600,"height":242,"caption":"Oenoterris"},"image":{"@id":"https:\/\/oenoterris.com\/#\/schema\/logo\/image\/"}}]}},"_links":{"self":[{"href":"https:\/\/oenoterris.com\/en_us\/wp-json\/wp\/v2\/pages\/2766","targetHints":{"allow":["GET"]}}],"collection":[{"href":"https:\/\/oenoterris.com\/en_us\/wp-json\/wp\/v2\/pages"}],"about":[{"href":"https:\/\/oenoterris.com\/en_us\/wp-json\/wp\/v2\/types\/page"}],"author":[{"embeddable":true,"href":"https:\/\/oenoterris.com\/en_us\/wp-json\/wp\/v2\/users\/5"}],"replies":[{"embeddable":true,"href":"https:\/\/oenoterris.com\/en_us\/wp-json\/wp\/v2\/comments?post=2766"}],"version-history":[{"count":2,"href":"https:\/\/oenoterris.com\/en_us\/wp-json\/wp\/v2\/pages\/2766\/revisions"}],"predecessor-version":[{"id":2770,"href":"https:\/\/oenoterris.com\/en_us\/wp-json\/wp\/v2\/pages\/2766\/revisions\/2770"}],"wp:attachment":[{"href":"https:\/\/oenoterris.com\/en_us\/wp-json\/wp\/v2\/media?parent=2766"}],"curies":[{"name":"wp","href":"https:\/\/api.w.org\/{rel}","templated":true}]}}