{"id":2027,"date":"2021-09-14T15:58:07","date_gmt":"2021-09-14T13:58:07","guid":{"rendered":"https:\/\/oenoterris.com\/?page_id=2027"},"modified":"2022-03-30T11:14:42","modified_gmt":"2022-03-30T09:14:42","slug":"la-smartapp-collage","status":"publish","type":"page","link":"https:\/\/oenoterris.com\/en_us\/la-smartapp-collage\/","title":{"rendered":"The Smart'app Collage"},"content":{"rendered":"<h1>\n\t\tEnter the era of intelligent collage\n\t<\/h1>\n<h3>\n\t\t<br \/>The Smart'App Collage, a new decision support tool<br \/>for must fining\n\t<\/h3>\n\t\t\t\t<img loading=\"lazy\" decoding=\"async\" src=\"https:\/\/oenoterris.com\/wp-content\/uploads\/2021\/09\/Picto-precision.png\" alt=\"Picto precision\" itemprop=\"image\" height=\"131\" width=\"131\" title=\"Picto precision\" onerror=\"this.style.display='none'\"  \/>\n<h3>\n\t\tSimple, accurate and instantaneous measurement without calibration\n\t<\/h3>\n\t\t\t\t<img loading=\"lazy\" decoding=\"async\" src=\"https:\/\/oenoterris.com\/wp-content\/uploads\/2021\/09\/Picto-objectifs.png\" alt=\"Picto objectives\" itemprop=\"image\" height=\"142\" width=\"142\" title=\"Picto objectives\" onerror=\"this.style.display='none'\"  \/>\n<h3>\n\t\tChoice of fining agent adapted to the must and the objectives\n\t<\/h3>\n\t\t\t\t<img loading=\"lazy\" decoding=\"async\" src=\"https:\/\/oenoterris.com\/wp-content\/uploads\/2021\/09\/Picto-raisonne.png\" alt=\"Picto reasoned\" itemprop=\"image\" height=\"131\" width=\"133\" title=\"Picto reasoned\" onerror=\"this.style.display='none'\"  \/>\n<h3>\n\t\tReasoned input<br \/>=<br \/>optimized cost\n\t<\/h3>\n\t\t\t<a href=\"https:\/\/oenoterris.com\/en_us\/documentation-technique\/\" target=\"_blank\" role=\"button\" rel=\"noopener\">\n\t\t\t\t\t\tDownloadable files\n\t\t\t\t\t<\/a>\n<h3>\n\t\tBetter input\" objective\n\t<\/h3>\n\t<p>A new application of the Polyscan (WQS) tool, born of the synergy between the expertise of Vinventions and the SOFRALAB Group, the Smart'App Collage applies the \"best input\" policy. It allows the use and reasoning of must fining to preserve its characteristics, increase juice quality and optimize production costs.<\/p>\n\t\t\t<a href=\"https:\/\/oenoterris.com\/en_us\/documentation-technique\/\" target=\"_blank\" role=\"button\" rel=\"noopener\">\n\t\t\t\t\t\tDownloadable files\n\t\t\t\t\t<\/a>\n\t<p>Thanks to the Phenox (total polyphenol content) and Easyox (easily oxidizable polyphenols) measurements, it is possible to classify and rank the musts at the end of pressing. Following the 3 vintages of collaboration and the classification of the impact of our glues on these indices, business rules have been defined which allow us to propose the most adapted glue according to the objectives of the fining: clarification, impact on the color and\/or organoleptic impact.<\/p>\n\t<p>How does it work?<\/p>\n\t<iframe loading=\"lazy\" title=\"Smart&#039;app Collage: How does it work?\" width=\"500\" height=\"281\" src=\"https:\/\/www.youtube.com\/embed\/oq311yxwiQ0?feature=oembed\" frameborder=\"0\" allow=\"accelerometer; autoplay; clipboard-write; encrypted-media; gyroscope; picture-in-picture\" allowfullscreen><\/iframe>","protected":false},"excerpt":{"rendered":"<p>Entrez dans l&rsquo;\u00e8re du collage intelligent La Smart&rsquo;App Collage, un nouvel outil d&rsquo;aide \u00e0 la d\u00e9cisionpour le collage [&hellip;]<\/p>\n","protected":false},"author":5,"featured_media":0,"parent":0,"menu_order":0,"comment_status":"closed","ping_status":"closed","template":"","meta":{"_seopress_robots_primary_cat":"","_seopress_titles_title":"","_seopress_titles_desc":"","_seopress_robots_index":"","inline_featured_image":false,"site-sidebar-layout":"no-sidebar","site-content-layout":"page-builder","ast-site-content-layout":"default","site-content-style":"default","site-sidebar-style":"default","ast-global-header-display":"","ast-banner-title-visibility":"","ast-main-header-display":"","ast-hfb-above-header-display":"","ast-hfb-below-header-display":"","ast-hfb-mobile-header-display":"","site-post-title":"disabled","ast-breadcrumbs-content":"","ast-featured-img":"disabled","footer-sml-layout":"","ast-disable-related-posts":"","theme-transparent-header-meta":"default","adv-header-id-meta":"","stick-header-meta":"default","header-above-stick-meta":"","header-main-stick-meta":"","header-below-stick-meta":"","astra-migrate-meta-layouts":"default","ast-page-background-enabled":"default","ast-page-background-meta":{"desktop":{"background-color":"","background-image":"","background-repeat":"repeat","background-position":"center center","background-size":"auto","background-attachment":"scroll","background-type":"","background-media":"","overlay-type":"","overlay-color":"","overlay-opacity":"","overlay-gradient":""},"tablet":{"background-color":"","background-image":"","background-repeat":"repeat","background-position":"center center","background-size":"auto","background-attachment":"scroll","background-type":"","background-media":"","overlay-type":"","overlay-color":"","overlay-opacity":"","overlay-gradient":""},"mobile":{"background-color":"","background-image":"","background-repeat":"repeat","background-position":"center center","background-size":"auto","background-attachment":"scroll","background-type":"","background-media":"","overlay-type":"","overlay-color":"","overlay-opacity":"","overlay-gradient":""}},"ast-content-background-meta":{"desktop":{"background-color":"var(--ast-global-color-5)","background-image":"","background-repeat":"repeat","background-position":"center center","background-size":"auto","background-attachment":"scroll","background-type":"","background-media":"","overlay-type":"","overlay-color":"","overlay-opacity":"","overlay-gradient":""},"tablet":{"background-color":"var(--ast-global-color-5)","background-image":"","background-repeat":"repeat","background-position":"center center","background-size":"auto","background-attachment":"scroll","background-type":"","background-media":"","overlay-type":"","overlay-color":"","overlay-opacity":"","overlay-gradient":""},"mobile":{"background-color":"var(--ast-global-color-5)","background-image":"","background-repeat":"repeat","background-position":"center center","background-size":"auto","background-attachment":"scroll","background-type":"","background-media":"","overlay-type":"","overlay-color":"","overlay-opacity":"","overlay-gradient":""}},"footnotes":""},"class_list":["post-2027","page","type-page","status-publish","hentry"],"yoast_head":"<!-- This site is optimized with the Yoast SEO plugin v27.5 - https:\/\/yoast.com\/product\/yoast-seo-wordpress\/ -->\n<title>La Smart&#039;app Collage - Oenoterris<\/title>\n<meta name=\"robots\" content=\"index, follow, max-snippet:-1, max-image-preview:large, max-video-preview:-1\" \/>\n<link rel=\"canonical\" href=\"https:\/\/oenoterris.com\/en_us\/la-smartapp-collage\/\" \/>\n<meta property=\"og:locale\" content=\"en_US\" \/>\n<meta property=\"og:type\" content=\"article\" \/>\n<meta property=\"og:title\" content=\"La Smart&#039;app Collage - Oenoterris\" \/>\n<meta property=\"og:description\" content=\"Entrez dans l&rsquo;\u00e8re du collage intelligent La Smart&rsquo;App Collage, un nouvel outil d&rsquo;aide \u00e0 la d\u00e9cisionpour le collage [&hellip;]\" \/>\n<meta property=\"og:url\" content=\"https:\/\/oenoterris.com\/en_us\/la-smartapp-collage\/\" \/>\n<meta property=\"og:site_name\" content=\"Oenoterris\" \/>\n<meta property=\"article:modified_time\" content=\"2022-03-30T09:14:42+00:00\" \/>\n<meta property=\"og:image\" content=\"https:\/\/oenoterris.com\/wp-content\/uploads\/2021\/09\/Picto-precision.png\" \/>\n<meta name=\"twitter:card\" content=\"summary_large_image\" \/>\n<meta name=\"twitter:label1\" content=\"Est. reading time\" \/>\n\t<meta name=\"twitter:data1\" content=\"1 minute\" \/>\n<script type=\"application\/ld+json\" class=\"yoast-schema-graph\">{\"@context\":\"https:\\\/\\\/schema.org\",\"@graph\":[{\"@type\":\"WebPage\",\"@id\":\"https:\\\/\\\/oenoterris.com\\\/la-smartapp-collage\\\/\",\"url\":\"https:\\\/\\\/oenoterris.com\\\/la-smartapp-collage\\\/\",\"name\":\"La Smart'app Collage - Oenoterris\",\"isPartOf\":{\"@id\":\"https:\\\/\\\/oenoterris.com\\\/#website\"},\"primaryImageOfPage\":{\"@id\":\"https:\\\/\\\/oenoterris.com\\\/la-smartapp-collage\\\/#primaryimage\"},\"image\":{\"@id\":\"https:\\\/\\\/oenoterris.com\\\/la-smartapp-collage\\\/#primaryimage\"},\"thumbnailUrl\":\"https:\\\/\\\/oenoterris.com\\\/wp-content\\\/uploads\\\/2021\\\/09\\\/Picto-precision.png\",\"datePublished\":\"2021-09-14T13:58:07+00:00\",\"dateModified\":\"2022-03-30T09:14:42+00:00\",\"breadcrumb\":{\"@id\":\"https:\\\/\\\/oenoterris.com\\\/la-smartapp-collage\\\/#breadcrumb\"},\"inLanguage\":\"en-US\",\"potentialAction\":[{\"@type\":\"ReadAction\",\"target\":[\"https:\\\/\\\/oenoterris.com\\\/la-smartapp-collage\\\/\"]}]},{\"@type\":\"ImageObject\",\"inLanguage\":\"en-US\",\"@id\":\"https:\\\/\\\/oenoterris.com\\\/la-smartapp-collage\\\/#primaryimage\",\"url\":\"https:\\\/\\\/oenoterris.com\\\/wp-content\\\/uploads\\\/2021\\\/09\\\/Picto-precision.png\",\"contentUrl\":\"https:\\\/\\\/oenoterris.com\\\/wp-content\\\/uploads\\\/2021\\\/09\\\/Picto-precision.png\"},{\"@type\":\"BreadcrumbList\",\"@id\":\"https:\\\/\\\/oenoterris.com\\\/la-smartapp-collage\\\/#breadcrumb\",\"itemListElement\":[{\"@type\":\"ListItem\",\"position\":1,\"name\":\"Accueil\",\"item\":\"https:\\\/\\\/oenoterris.com\\\/\"},{\"@type\":\"ListItem\",\"position\":2,\"name\":\"La Smart&rsquo;app Collage\"}]},{\"@type\":\"WebSite\",\"@id\":\"https:\\\/\\\/oenoterris.com\\\/#website\",\"url\":\"https:\\\/\\\/oenoterris.com\\\/\",\"name\":\"Oenoterris\",\"description\":\"De la vigne au vin\",\"publisher\":{\"@id\":\"https:\\\/\\\/oenoterris.com\\\/#organization\"},\"potentialAction\":[{\"@type\":\"SearchAction\",\"target\":{\"@type\":\"EntryPoint\",\"urlTemplate\":\"https:\\\/\\\/oenoterris.com\\\/?s={search_term_string}\"},\"query-input\":{\"@type\":\"PropertyValueSpecification\",\"valueRequired\":true,\"valueName\":\"search_term_string\"}}],\"inLanguage\":\"en-US\"},{\"@type\":\"Organization\",\"@id\":\"https:\\\/\\\/oenoterris.com\\\/#organization\",\"name\":\"Oenoterris\",\"url\":\"https:\\\/\\\/oenoterris.com\\\/\",\"logo\":{\"@type\":\"ImageObject\",\"inLanguage\":\"en-US\",\"@id\":\"https:\\\/\\\/oenoterris.com\\\/#\\\/schema\\\/logo\\\/image\\\/\",\"url\":\"https:\\\/\\\/oenoterris.com\\\/wp-content\\\/uploads\\\/2023\\\/09\\\/oenoterris-logo.png\",\"contentUrl\":\"https:\\\/\\\/oenoterris.com\\\/wp-content\\\/uploads\\\/2023\\\/09\\\/oenoterris-logo.png\",\"width\":600,\"height\":242,\"caption\":\"Oenoterris\"},\"image\":{\"@id\":\"https:\\\/\\\/oenoterris.com\\\/#\\\/schema\\\/logo\\\/image\\\/\"}}]}<\/script>\n<!-- \/ Yoast SEO plugin. -->","yoast_head_json":{"title":"The Smart'app Collage - Oenoterris","robots":{"index":"index","follow":"follow","max-snippet":"max-snippet:-1","max-image-preview":"max-image-preview:large","max-video-preview":"max-video-preview:-1"},"canonical":"https:\/\/oenoterris.com\/en_us\/la-smartapp-collage\/","og_locale":"en_US","og_type":"article","og_title":"La Smart'app Collage - Oenoterris","og_description":"Entrez dans l&rsquo;\u00e8re du collage intelligent La Smart&rsquo;App Collage, un nouvel outil d&rsquo;aide \u00e0 la d\u00e9cisionpour le collage [&hellip;]","og_url":"https:\/\/oenoterris.com\/en_us\/la-smartapp-collage\/","og_site_name":"Oenoterris","article_modified_time":"2022-03-30T09:14:42+00:00","og_image":[{"url":"https:\/\/oenoterris.com\/wp-content\/uploads\/2021\/09\/Picto-precision.png","type":"","width":"","height":""}],"twitter_card":"summary_large_image","twitter_misc":{"Est. reading time":"1 minute"},"schema":{"@context":"https:\/\/schema.org","@graph":[{"@type":"WebPage","@id":"https:\/\/oenoterris.com\/la-smartapp-collage\/","url":"https:\/\/oenoterris.com\/la-smartapp-collage\/","name":"The Smart'app Collage - Oenoterris","isPartOf":{"@id":"https:\/\/oenoterris.com\/#website"},"primaryImageOfPage":{"@id":"https:\/\/oenoterris.com\/la-smartapp-collage\/#primaryimage"},"image":{"@id":"https:\/\/oenoterris.com\/la-smartapp-collage\/#primaryimage"},"thumbnailUrl":"https:\/\/oenoterris.com\/wp-content\/uploads\/2021\/09\/Picto-precision.png","datePublished":"2021-09-14T13:58:07+00:00","dateModified":"2022-03-30T09:14:42+00:00","breadcrumb":{"@id":"https:\/\/oenoterris.com\/la-smartapp-collage\/#breadcrumb"},"inLanguage":"en-US","potentialAction":[{"@type":"ReadAction","target":["https:\/\/oenoterris.com\/la-smartapp-collage\/"]}]},{"@type":"ImageObject","inLanguage":"en-US","@id":"https:\/\/oenoterris.com\/la-smartapp-collage\/#primaryimage","url":"https:\/\/oenoterris.com\/wp-content\/uploads\/2021\/09\/Picto-precision.png","contentUrl":"https:\/\/oenoterris.com\/wp-content\/uploads\/2021\/09\/Picto-precision.png"},{"@type":"BreadcrumbList","@id":"https:\/\/oenoterris.com\/la-smartapp-collage\/#breadcrumb","itemListElement":[{"@type":"ListItem","position":1,"name":"Accueil","item":"https:\/\/oenoterris.com\/"},{"@type":"ListItem","position":2,"name":"La Smart&rsquo;app Collage"}]},{"@type":"WebSite","@id":"https:\/\/oenoterris.com\/#website","url":"https:\/\/oenoterris.com\/","name":"Oenoterris","description":"From grapevine to wine","publisher":{"@id":"https:\/\/oenoterris.com\/#organization"},"potentialAction":[{"@type":"SearchAction","target":{"@type":"EntryPoint","urlTemplate":"https:\/\/oenoterris.com\/?s={search_term_string}"},"query-input":{"@type":"PropertyValueSpecification","valueRequired":true,"valueName":"search_term_string"}}],"inLanguage":"en-US"},{"@type":"Organization","@id":"https:\/\/oenoterris.com\/#organization","name":"Oenoterris","url":"https:\/\/oenoterris.com\/","logo":{"@type":"ImageObject","inLanguage":"en-US","@id":"https:\/\/oenoterris.com\/#\/schema\/logo\/image\/","url":"https:\/\/oenoterris.com\/wp-content\/uploads\/2023\/09\/oenoterris-logo.png","contentUrl":"https:\/\/oenoterris.com\/wp-content\/uploads\/2023\/09\/oenoterris-logo.png","width":600,"height":242,"caption":"Oenoterris"},"image":{"@id":"https:\/\/oenoterris.com\/#\/schema\/logo\/image\/"}}]}},"_links":{"self":[{"href":"https:\/\/oenoterris.com\/en_us\/wp-json\/wp\/v2\/pages\/2027","targetHints":{"allow":["GET"]}}],"collection":[{"href":"https:\/\/oenoterris.com\/en_us\/wp-json\/wp\/v2\/pages"}],"about":[{"href":"https:\/\/oenoterris.com\/en_us\/wp-json\/wp\/v2\/types\/page"}],"author":[{"embeddable":true,"href":"https:\/\/oenoterris.com\/en_us\/wp-json\/wp\/v2\/users\/5"}],"replies":[{"embeddable":true,"href":"https:\/\/oenoterris.com\/en_us\/wp-json\/wp\/v2\/comments?post=2027"}],"version-history":[{"count":5,"href":"https:\/\/oenoterris.com\/en_us\/wp-json\/wp\/v2\/pages\/2027\/revisions"}],"predecessor-version":[{"id":2270,"href":"https:\/\/oenoterris.com\/en_us\/wp-json\/wp\/v2\/pages\/2027\/revisions\/2270"}],"wp:attachment":[{"href":"https:\/\/oenoterris.com\/en_us\/wp-json\/wp\/v2\/media?parent=2027"}],"curies":[{"name":"wp","href":"https:\/\/api.w.org\/{rel}","templated":true}]}}