{"id":579,"date":"2021-04-28T15:44:51","date_gmt":"2021-04-28T13:44:51","guid":{"rendered":"https:\/\/oenoterris.com\/?page_id=579"},"modified":"2022-03-30T11:10:21","modified_gmt":"2022-03-30T09:10:21","slug":"contact","status":"publish","type":"page","link":"https:\/\/oenoterris.com\/en\/contact\/","title":{"rendered":"Contact"},"content":{"rendered":"<h2>Contact details<\/h2>\t\t\t\n\t\t\t\t<p>Thank you for your interest in Oenoterris!<br \/>Please fill in the contact form below and we will respond to your request.<\/p>\n\t<ul>\n\t\t<li>\t\t\t\t\n\t\tSofralab Group <br \/> 79 avenue A. A. Th\u00e9venet <br \/> CS 11031 - 51530 Magenta<\/li><li>\t\t\t\t\n\t\t+33 3 26 51 29 30<\/li><li>\t\t\t\t\n\t\tmarketing@sofralab.com <\/li>\t<\/ul>","protected":false},"excerpt":{"rendered":"<p>Coordonn\u00e9es Merci de votre int\u00e9r\u00eat pour Oenoterris !Veuillez remplir le formulaire de contact ci-dessous et nous r\u00e9pondrons \u00e0 [&hellip;]<\/p>\n","protected":false},"author":2,"featured_media":0,"parent":0,"menu_order":0,"comment_status":"closed","ping_status":"closed","template":"","meta":{"_seopress_robots_primary_cat":"","_seopress_titles_title":"","_seopress_titles_desc":"","_seopress_robots_index":"","inline_featured_image":false,"site-sidebar-layout":"no-sidebar","site-content-layout":"page-builder","ast-site-content-layout":"default","site-content-style":"default","site-sidebar-style":"default","ast-global-header-display":"","ast-banner-title-visibility":"","ast-main-header-display":"","ast-hfb-above-header-display":"","ast-hfb-below-header-display":"","ast-hfb-mobile-header-display":"","site-post-title":"disabled","ast-breadcrumbs-content":"","ast-featured-img":"disabled","footer-sml-layout":"","ast-disable-related-posts":"","theme-transparent-header-meta":"default","adv-header-id-meta":"","stick-header-meta":"default","header-above-stick-meta":null,"header-main-stick-meta":"","header-below-stick-meta":null,"astra-migrate-meta-layouts":"default","ast-page-background-enabled":"default","ast-page-background-meta":{"desktop":{"background-color":"","background-image":"","background-repeat":"repeat","background-position":"center center","background-size":"auto","background-attachment":"scroll","background-type":"","background-media":"","overlay-type":"","overlay-color":"","overlay-opacity":"","overlay-gradient":""},"tablet":{"background-color":"","background-image":"","background-repeat":"repeat","background-position":"center center","background-size":"auto","background-attachment":"scroll","background-type":"","background-media":"","overlay-type":"","overlay-color":"","overlay-opacity":"","overlay-gradient":""},"mobile":{"background-color":"","background-image":"","background-repeat":"repeat","background-position":"center center","background-size":"auto","background-attachment":"scroll","background-type":"","background-media":"","overlay-type":"","overlay-color":"","overlay-opacity":"","overlay-gradient":""}},"ast-content-background-meta":{"desktop":{"background-color":"var(--ast-global-color-5)","background-image":"","background-repeat":"repeat","background-position":"center center","background-size":"auto","background-attachment":"scroll","background-type":"","background-media":"","overlay-type":"","overlay-color":"","overlay-opacity":"","overlay-gradient":""},"tablet":{"background-color":"var(--ast-global-color-5)","background-image":"","background-repeat":"repeat","background-position":"center center","background-size":"auto","background-attachment":"scroll","background-type":"","background-media":"","overlay-type":"","overlay-color":"","overlay-opacity":"","overlay-gradient":""},"mobile":{"background-color":"var(--ast-global-color-5)","background-image":"","background-repeat":"repeat","background-position":"center center","background-size":"auto","background-attachment":"scroll","background-type":"","background-media":"","overlay-type":"","overlay-color":"","overlay-opacity":"","overlay-gradient":""}},"footnotes":""},"class_list":["post-579","page","type-page","status-publish","hentry"],"yoast_head":"<!-- This site is optimized with the Yoast SEO plugin v27.5 - https:\/\/yoast.com\/product\/yoast-seo-wordpress\/ -->\n<title>Contact - Oenoterris<\/title>\n<meta name=\"robots\" content=\"index, follow, max-snippet:-1, max-image-preview:large, max-video-preview:-1\" \/>\n<link rel=\"canonical\" href=\"https:\/\/oenoterris.com\/en\/contact\/\" \/>\n<meta property=\"og:locale\" content=\"en_GB\" \/>\n<meta property=\"og:type\" content=\"article\" \/>\n<meta property=\"og:title\" content=\"Contact - Oenoterris\" \/>\n<meta property=\"og:description\" content=\"Coordonn\u00e9es Merci de votre int\u00e9r\u00eat pour Oenoterris !Veuillez remplir le formulaire de contact ci-dessous et nous r\u00e9pondrons \u00e0 [&hellip;]\" \/>\n<meta property=\"og:url\" content=\"https:\/\/oenoterris.com\/en\/contact\/\" \/>\n<meta property=\"og:site_name\" content=\"Oenoterris\" \/>\n<meta property=\"article:modified_time\" content=\"2022-03-30T09:10:21+00:00\" \/>\n<meta name=\"twitter:card\" content=\"summary_large_image\" \/>\n<script type=\"application\/ld+json\" class=\"yoast-schema-graph\">{\"@context\":\"https:\\\/\\\/schema.org\",\"@graph\":[{\"@type\":\"WebPage\",\"@id\":\"https:\\\/\\\/oenoterris.com\\\/contact\\\/\",\"url\":\"https:\\\/\\\/oenoterris.com\\\/contact\\\/\",\"name\":\"Contact - Oenoterris\",\"isPartOf\":{\"@id\":\"https:\\\/\\\/oenoterris.com\\\/#website\"},\"datePublished\":\"2021-04-28T13:44:51+00:00\",\"dateModified\":\"2022-03-30T09:10:21+00:00\",\"breadcrumb\":{\"@id\":\"https:\\\/\\\/oenoterris.com\\\/contact\\\/#breadcrumb\"},\"inLanguage\":\"en-GB\",\"potentialAction\":[{\"@type\":\"ReadAction\",\"target\":[\"https:\\\/\\\/oenoterris.com\\\/contact\\\/\"]}]},{\"@type\":\"BreadcrumbList\",\"@id\":\"https:\\\/\\\/oenoterris.com\\\/contact\\\/#breadcrumb\",\"itemListElement\":[{\"@type\":\"ListItem\",\"position\":1,\"name\":\"Accueil\",\"item\":\"https:\\\/\\\/oenoterris.com\\\/\"},{\"@type\":\"ListItem\",\"position\":2,\"name\":\"Contact\"}]},{\"@type\":\"WebSite\",\"@id\":\"https:\\\/\\\/oenoterris.com\\\/#website\",\"url\":\"https:\\\/\\\/oenoterris.com\\\/\",\"name\":\"Oenoterris\",\"description\":\"De la vigne au vin\",\"publisher\":{\"@id\":\"https:\\\/\\\/oenoterris.com\\\/#organization\"},\"potentialAction\":[{\"@type\":\"SearchAction\",\"target\":{\"@type\":\"EntryPoint\",\"urlTemplate\":\"https:\\\/\\\/oenoterris.com\\\/?s={search_term_string}\"},\"query-input\":{\"@type\":\"PropertyValueSpecification\",\"valueRequired\":true,\"valueName\":\"search_term_string\"}}],\"inLanguage\":\"en-GB\"},{\"@type\":\"Organization\",\"@id\":\"https:\\\/\\\/oenoterris.com\\\/#organization\",\"name\":\"Oenoterris\",\"url\":\"https:\\\/\\\/oenoterris.com\\\/\",\"logo\":{\"@type\":\"ImageObject\",\"inLanguage\":\"en-GB\",\"@id\":\"https:\\\/\\\/oenoterris.com\\\/#\\\/schema\\\/logo\\\/image\\\/\",\"url\":\"https:\\\/\\\/oenoterris.com\\\/wp-content\\\/uploads\\\/2023\\\/09\\\/oenoterris-logo.png\",\"contentUrl\":\"https:\\\/\\\/oenoterris.com\\\/wp-content\\\/uploads\\\/2023\\\/09\\\/oenoterris-logo.png\",\"width\":600,\"height\":242,\"caption\":\"Oenoterris\"},\"image\":{\"@id\":\"https:\\\/\\\/oenoterris.com\\\/#\\\/schema\\\/logo\\\/image\\\/\"}}]}<\/script>\n<!-- \/ Yoast SEO plugin. -->","yoast_head_json":{"title":"Contact - Oenoterris","robots":{"index":"index","follow":"follow","max-snippet":"max-snippet:-1","max-image-preview":"max-image-preview:large","max-video-preview":"max-video-preview:-1"},"canonical":"https:\/\/oenoterris.com\/en\/contact\/","og_locale":"en_GB","og_type":"article","og_title":"Contact - Oenoterris","og_description":"Coordonn\u00e9es Merci de votre int\u00e9r\u00eat pour Oenoterris !Veuillez remplir le formulaire de contact ci-dessous et nous r\u00e9pondrons \u00e0 [&hellip;]","og_url":"https:\/\/oenoterris.com\/en\/contact\/","og_site_name":"Oenoterris","article_modified_time":"2022-03-30T09:10:21+00:00","twitter_card":"summary_large_image","schema":{"@context":"https:\/\/schema.org","@graph":[{"@type":"WebPage","@id":"https:\/\/oenoterris.com\/contact\/","url":"https:\/\/oenoterris.com\/contact\/","name":"Contact - Oenoterris","isPartOf":{"@id":"https:\/\/oenoterris.com\/#website"},"datePublished":"2021-04-28T13:44:51+00:00","dateModified":"2022-03-30T09:10:21+00:00","breadcrumb":{"@id":"https:\/\/oenoterris.com\/contact\/#breadcrumb"},"inLanguage":"en-GB","potentialAction":[{"@type":"ReadAction","target":["https:\/\/oenoterris.com\/contact\/"]}]},{"@type":"BreadcrumbList","@id":"https:\/\/oenoterris.com\/contact\/#breadcrumb","itemListElement":[{"@type":"ListItem","position":1,"name":"Accueil","item":"https:\/\/oenoterris.com\/"},{"@type":"ListItem","position":2,"name":"Contact"}]},{"@type":"WebSite","@id":"https:\/\/oenoterris.com\/#website","url":"https:\/\/oenoterris.com\/","name":"Oenoterris","description":"From grapevine to wine","publisher":{"@id":"https:\/\/oenoterris.com\/#organization"},"potentialAction":[{"@type":"SearchAction","target":{"@type":"EntryPoint","urlTemplate":"https:\/\/oenoterris.com\/?s={search_term_string}"},"query-input":{"@type":"PropertyValueSpecification","valueRequired":true,"valueName":"search_term_string"}}],"inLanguage":"en-GB"},{"@type":"Organization","@id":"https:\/\/oenoterris.com\/#organization","name":"Oenoterris","url":"https:\/\/oenoterris.com\/","logo":{"@type":"ImageObject","inLanguage":"en-GB","@id":"https:\/\/oenoterris.com\/#\/schema\/logo\/image\/","url":"https:\/\/oenoterris.com\/wp-content\/uploads\/2023\/09\/oenoterris-logo.png","contentUrl":"https:\/\/oenoterris.com\/wp-content\/uploads\/2023\/09\/oenoterris-logo.png","width":600,"height":242,"caption":"Oenoterris"},"image":{"@id":"https:\/\/oenoterris.com\/#\/schema\/logo\/image\/"}}]}},"_links":{"self":[{"href":"https:\/\/oenoterris.com\/en\/wp-json\/wp\/v2\/pages\/579","targetHints":{"allow":["GET"]}}],"collection":[{"href":"https:\/\/oenoterris.com\/en\/wp-json\/wp\/v2\/pages"}],"about":[{"href":"https:\/\/oenoterris.com\/en\/wp-json\/wp\/v2\/types\/page"}],"author":[{"embeddable":true,"href":"https:\/\/oenoterris.com\/en\/wp-json\/wp\/v2\/users\/2"}],"replies":[{"embeddable":true,"href":"https:\/\/oenoterris.com\/en\/wp-json\/wp\/v2\/comments?post=579"}],"version-history":[{"count":5,"href":"https:\/\/oenoterris.com\/en\/wp-json\/wp\/v2\/pages\/579\/revisions"}],"predecessor-version":[{"id":2269,"href":"https:\/\/oenoterris.com\/en\/wp-json\/wp\/v2\/pages\/579\/revisions\/2269"}],"wp:attachment":[{"href":"https:\/\/oenoterris.com\/en\/wp-json\/wp\/v2\/media?parent=579"}],"curies":[{"name":"wp","href":"https:\/\/api.w.org\/{rel}","templated":true}]}}