{"id":560,"date":"2021-04-28T13:38:57","date_gmt":"2021-04-28T11:38:57","guid":{"rendered":"https:\/\/oenoterris.com\/?page_id=560"},"modified":"2022-03-30T12:03:45","modified_gmt":"2022-03-30T10:03:45","slug":"politique-de-confidentialite","status":"publish","type":"page","link":"https:\/\/oenoterris.com\/en\/politique-de-confidentialite\/","title":{"rendered":"Privacy Policy"},"content":{"rendered":"<p>In accordance with Article 13 of the European Regulation on the Protection of Personal Data No. 2016\/679\/EU of 27 April 2016, SOFRALAB undertakes, within the framework of its activities, to ensure the protection, confidentiality and security of the personal data of the users of its services, as well as to respect their privacy.<\/p>\n<p>This policy applies in particular to customers and users of the offers and services and to visitors to the SOFRALAB Group websites.<\/p>\n<p>This policy informs you about:<\/p>\n<ul>\n<li>The identity of the controller<\/li>\n<li>The nature of the personal data collected and the way in which SOFRALAB collects such data<\/li>\n<li>The collection and use of this personal data<\/li>\n<li>Processing and communication of personal data<\/li>\n<li>The website's cookies policy<\/li>\n<li>The rights of users concerning this personal data<\/li>\n<\/ul>\n<p>This privacy policy complements the general conditions of sale available on request or on our website.<\/p>\n<h3>1) The data controller<\/h3>\n<p>The person responsible for processing personal data is SOFRALAB, located at 79 avenue A.A. Th\u00e9venet - CS11031 - 51530 MAGENTA - France.<\/p>\n<p>He can be contacted at the following e-mail address <a href=\"mailto:compta-clients@sofralab.com\">compta-clients@sofralab.com<\/a>.<\/p>\n<h3>2) Data collected<\/h3>\n<p>The personal data that may be collected and stored on the site by SOFRALAB are the following:<\/p>\n<ul>\n<li>Identification data: Name, first name, identifier, SIREN...<\/li>\n<li>Contact data: postal address, email, telephone number and other personal data provided spontaneously by the person concerned through the \"Contacts\" page of the websites<\/li>\n<li>Profiles to enable customer segmentation<\/li>\n<\/ul>\nIn accordance with Article 8 of the above-mentioned Regulation, SOFRALAB may not accept<br \/>\ncollect or store data from persons under the age of 16.\n<p>This personal data may be collected when the user fills in a contact request form or when placing an order.<\/p>\n<h3>3) Collection and use of collected data<\/h3>\n<p>SOFRALAB processes personal data only for specified, explicit and legitimate purposes.<\/p>\n<p><strong>The purposes pursued by SOFRALAB are the following:<\/strong><\/p>\n<ul>\n<li>Manage the identity of the client or user and authenticate them<\/li>\n<li>Handling complaints<\/li>\n<li>Communicating as part of customer management (e.g. mailings, organisation of events, invitations, etc.)<\/li>\n<li>Management of incoming mail<\/li>\n<\/ul>\n<p>The data is kept for the time necessary to fulfil the above-mentioned purposes, i.e. you can unsubscribe at any time.<\/p>\n<p><strong>SOFRALAB also processes your data to meet its legal obligations <\/strong><strong>or regulatory obligations.<\/strong><\/p>\n<p>To this end, the purposes pursued by SOFRALAB are the following:<\/p>\n<ul>\n<li>To keep the data required to be able to meet legal obligations<\/li>\n<li>To handle data disclosure to authorities entitled to request such disclosure<\/li>\n<\/ul>\n<p>Your data may be retained for as long as is necessary for SOFRALAB to meet its legal obligations.<\/p>\n<p>SOFRALAB only processes data or a category of data if it is strictly necessary for the purpose for which it was collected.<\/p>\n<h3>4) Data processing and communication<\/h3>\n<p>SOFRALAB ensures that your personal data is treated with complete security and confidentiality. To this end, appropriate technical and organisational measures are put in place to prevent the loss, misuse, alteration and deletion of your personal data. These measures are adapted according to the level of sensitivity of the data processed and according to the level of risk that the processing or its implementation presents.<\/p>\n<p>The data collected is intended for SOFRALAB's internal services.<\/p>\n<p>Finally, the processed data may be transmitted to the competent authorities, at their request, in the context of requests for information from the authorities or in order to comply with other legal obligations.<\/p>\n<p>The data collected will not be processed outside the European Union.<\/p>\n<p>The information collected may be communicated to third parties linked to the company by contract for the execution of subcontracted tasks necessary for the management of the order, without the customer's authorisation being necessary. It is specified that, within the framework of the execution of their services, the third parties have only limited access to the data and have a contractual obligation to use them in compliance with the provisions of the applicable legislation on the protection of personal data. Apart from the cases set out above, the service provider undertakes not to sell, rent, transfer or give access to third parties to the data without the client's prior consent, unless forced to do so for a legitimate reason (legal obligation, fight against fraud or abuse, etc.).<\/p>\n<h3>5) Use of Cookies<\/h3>\n<p>A cookie is a small file stored by the site on the user's hard drive containing information about the user's browsing habits.<\/p>\n<p>This website uses Google Analytics to collect user navigation information.<\/p>\n<p>To view Google\u2019s privacy policy on the Google Analytics service, please visit:\u00a0<a href=\"http:\/\/www.google.com\/intl\/en\/analytics\/privacyoverview.html\">http:\/\/www.google.com\/intl\/en\/analytics\/privacyoverview.html<\/a><\/p>\n<p>To view Google's privacy policy, please visit:\u00a0<a href=\"http:\/\/www.google.com\/intl\/en\/privacy\/privacy-policy.html\">http:\/\/www.google.com\/intl\/en\/privacy\/privacy-policy.html<\/a><\/p>\n<p>The user can disable Google Analytics cookies by downloading a plugin available from the url : <a href=\"https:\/\/tools.google.com\/dlpage\/gaoptout\">https:\/\/tools.google.com\/dlpage\/gaoptout<\/a><\/p>\n<p>The user can oppose the recording of cookies by configuring his browser software (Internet Explorer, Mozilla Firefox, Opera, Safari etc.). If the user decides to deactivate the cookies, he\/she will be able to continue browsing the site. However, any malfunction of the site caused by this manipulation could not be considered as being due to the site editor.<\/p>\n<h3>6) Users\u2019 rights<\/h3>\n<p>In accordance with the regulations concerning the processing of personal data, users have the right to access, rectify and delete data concerning them. They also have the right to object to the processing carried out or to request its limitation.<\/p>\n<p>Users may withdraw their consent at any time by clicking on the unsubscribe links at the bottom of our e-mailings or by requesting it from us at : <a href=\"mailto:marketing@sofralab.com\">marketing@sofralab.com<\/a><\/p>\nA reply will be sent to them within one month of receiving your request. If SOFRALAB does not respond, or if users wish to contest a decision, or if they believe that one of their rights listed above has been infringed, they are entitled to refer the matter to the CNIL (Commission Nationale de l'Informatique et des Libert\u00e9s) or to any competent judge.<br \/>\nThis personal data protection policy may be subject to change.\n<p>Last updated on 10\/03\/2020<\/p>","protected":false},"excerpt":{"rendered":"<p>Conform\u00e9ment \u00e0 l&rsquo;article 13 du R\u00e8glement Europ\u00e9en sur la Protection des Donn\u00e9es Personnelle n\u00b0 2016\/679\/EU du 27 avril [&hellip;]<\/p>\n","protected":false},"author":2,"featured_media":0,"parent":0,"menu_order":0,"comment_status":"closed","ping_status":"closed","template":"","meta":{"_seopress_robots_primary_cat":"","_seopress_titles_title":"","_seopress_titles_desc":"","_seopress_robots_index":"","inline_featured_image":false,"site-sidebar-layout":"no-sidebar","site-content-layout":"page-builder","ast-site-content-layout":"default","site-content-style":"default","site-sidebar-style":"default","ast-global-header-display":"","ast-banner-title-visibility":"","ast-main-header-display":"","ast-hfb-above-header-display":"","ast-hfb-below-header-display":"","ast-hfb-mobile-header-display":"","site-post-title":"disabled","ast-breadcrumbs-content":"","ast-featured-img":"disabled","footer-sml-layout":"","ast-disable-related-posts":"","theme-transparent-header-meta":"default","adv-header-id-meta":"","stick-header-meta":"default","header-above-stick-meta":null,"header-main-stick-meta":"","header-below-stick-meta":null,"astra-migrate-meta-layouts":"default","ast-page-background-enabled":"default","ast-page-background-meta":{"desktop":{"background-color":"","background-image":"","background-repeat":"repeat","background-position":"center center","background-size":"auto","background-attachment":"scroll","background-type":"","background-media":"","overlay-type":"","overlay-color":"","overlay-opacity":"","overlay-gradient":""},"tablet":{"background-color":"","background-image":"","background-repeat":"repeat","background-position":"center center","background-size":"auto","background-attachment":"scroll","background-type":"","background-media":"","overlay-type":"","overlay-color":"","overlay-opacity":"","overlay-gradient":""},"mobile":{"background-color":"","background-image":"","background-repeat":"repeat","background-position":"center center","background-size":"auto","background-attachment":"scroll","background-type":"","background-media":"","overlay-type":"","overlay-color":"","overlay-opacity":"","overlay-gradient":""}},"ast-content-background-meta":{"desktop":{"background-color":"var(--ast-global-color-5)","background-image":"","background-repeat":"repeat","background-position":"center center","background-size":"auto","background-attachment":"scroll","background-type":"","background-media":"","overlay-type":"","overlay-color":"","overlay-opacity":"","overlay-gradient":""},"tablet":{"background-color":"var(--ast-global-color-5)","background-image":"","background-repeat":"repeat","background-position":"center center","background-size":"auto","background-attachment":"scroll","background-type":"","background-media":"","overlay-type":"","overlay-color":"","overlay-opacity":"","overlay-gradient":""},"mobile":{"background-color":"var(--ast-global-color-5)","background-image":"","background-repeat":"repeat","background-position":"center center","background-size":"auto","background-attachment":"scroll","background-type":"","background-media":"","overlay-type":"","overlay-color":"","overlay-opacity":"","overlay-gradient":""}},"footnotes":""},"class_list":["post-560","page","type-page","status-publish","hentry"],"yoast_head":"<!-- This site is optimized with the Yoast SEO plugin v27.5 - https:\/\/yoast.com\/product\/yoast-seo-wordpress\/ -->\n<title>Politique de confidentialit\u00e9 - Oenoterris<\/title>\n<meta name=\"robots\" content=\"index, follow, max-snippet:-1, max-image-preview:large, max-video-preview:-1\" \/>\n<link rel=\"canonical\" href=\"https:\/\/oenoterris.com\/en\/politique-de-confidentialite\/\" \/>\n<meta property=\"og:locale\" content=\"en_GB\" \/>\n<meta property=\"og:type\" content=\"article\" \/>\n<meta property=\"og:title\" content=\"Politique de confidentialit\u00e9 - Oenoterris\" \/>\n<meta property=\"og:description\" content=\"Conform\u00e9ment \u00e0 l&rsquo;article 13 du R\u00e8glement Europ\u00e9en sur la Protection des Donn\u00e9es Personnelle n\u00b0 2016\/679\/EU du 27 avril [&hellip;]\" \/>\n<meta property=\"og:url\" content=\"https:\/\/oenoterris.com\/en\/politique-de-confidentialite\/\" \/>\n<meta property=\"og:site_name\" content=\"Oenoterris\" \/>\n<meta property=\"article:modified_time\" content=\"2022-03-30T10:03:45+00:00\" \/>\n<meta name=\"twitter:card\" content=\"summary_large_image\" \/>\n<meta name=\"twitter:label1\" content=\"Estimated reading time\" \/>\n\t<meta name=\"twitter:data1\" content=\"6 minutes\" \/>\n<script type=\"application\/ld+json\" class=\"yoast-schema-graph\">{\"@context\":\"https:\\\/\\\/schema.org\",\"@graph\":[{\"@type\":\"WebPage\",\"@id\":\"https:\\\/\\\/oenoterris.com\\\/politique-de-confidentialite\\\/\",\"url\":\"https:\\\/\\\/oenoterris.com\\\/politique-de-confidentialite\\\/\",\"name\":\"Politique de confidentialit\u00e9 - Oenoterris\",\"isPartOf\":{\"@id\":\"https:\\\/\\\/oenoterris.com\\\/#website\"},\"datePublished\":\"2021-04-28T11:38:57+00:00\",\"dateModified\":\"2022-03-30T10:03:45+00:00\",\"breadcrumb\":{\"@id\":\"https:\\\/\\\/oenoterris.com\\\/politique-de-confidentialite\\\/#breadcrumb\"},\"inLanguage\":\"en-GB\",\"potentialAction\":[{\"@type\":\"ReadAction\",\"target\":[\"https:\\\/\\\/oenoterris.com\\\/politique-de-confidentialite\\\/\"]}]},{\"@type\":\"BreadcrumbList\",\"@id\":\"https:\\\/\\\/oenoterris.com\\\/politique-de-confidentialite\\\/#breadcrumb\",\"itemListElement\":[{\"@type\":\"ListItem\",\"position\":1,\"name\":\"Accueil\",\"item\":\"https:\\\/\\\/oenoterris.com\\\/\"},{\"@type\":\"ListItem\",\"position\":2,\"name\":\"Politique de confidentialit\u00e9\"}]},{\"@type\":\"WebSite\",\"@id\":\"https:\\\/\\\/oenoterris.com\\\/#website\",\"url\":\"https:\\\/\\\/oenoterris.com\\\/\",\"name\":\"Oenoterris\",\"description\":\"De la vigne au vin\",\"publisher\":{\"@id\":\"https:\\\/\\\/oenoterris.com\\\/#organization\"},\"potentialAction\":[{\"@type\":\"SearchAction\",\"target\":{\"@type\":\"EntryPoint\",\"urlTemplate\":\"https:\\\/\\\/oenoterris.com\\\/?s={search_term_string}\"},\"query-input\":{\"@type\":\"PropertyValueSpecification\",\"valueRequired\":true,\"valueName\":\"search_term_string\"}}],\"inLanguage\":\"en-GB\"},{\"@type\":\"Organization\",\"@id\":\"https:\\\/\\\/oenoterris.com\\\/#organization\",\"name\":\"Oenoterris\",\"url\":\"https:\\\/\\\/oenoterris.com\\\/\",\"logo\":{\"@type\":\"ImageObject\",\"inLanguage\":\"en-GB\",\"@id\":\"https:\\\/\\\/oenoterris.com\\\/#\\\/schema\\\/logo\\\/image\\\/\",\"url\":\"https:\\\/\\\/oenoterris.com\\\/wp-content\\\/uploads\\\/2023\\\/09\\\/oenoterris-logo.png\",\"contentUrl\":\"https:\\\/\\\/oenoterris.com\\\/wp-content\\\/uploads\\\/2023\\\/09\\\/oenoterris-logo.png\",\"width\":600,\"height\":242,\"caption\":\"Oenoterris\"},\"image\":{\"@id\":\"https:\\\/\\\/oenoterris.com\\\/#\\\/schema\\\/logo\\\/image\\\/\"}}]}<\/script>\n<!-- \/ Yoast SEO plugin. -->","yoast_head_json":{"title":"Privacy policy - Oenoterris","robots":{"index":"index","follow":"follow","max-snippet":"max-snippet:-1","max-image-preview":"max-image-preview:large","max-video-preview":"max-video-preview:-1"},"canonical":"https:\/\/oenoterris.com\/en\/politique-de-confidentialite\/","og_locale":"en_GB","og_type":"article","og_title":"Politique de confidentialit\u00e9 - Oenoterris","og_description":"Conform\u00e9ment \u00e0 l&rsquo;article 13 du R\u00e8glement Europ\u00e9en sur la Protection des Donn\u00e9es Personnelle n\u00b0 2016\/679\/EU du 27 avril [&hellip;]","og_url":"https:\/\/oenoterris.com\/en\/politique-de-confidentialite\/","og_site_name":"Oenoterris","article_modified_time":"2022-03-30T10:03:45+00:00","twitter_card":"summary_large_image","twitter_misc":{"Estimated reading time":"6 minutes"},"schema":{"@context":"https:\/\/schema.org","@graph":[{"@type":"WebPage","@id":"https:\/\/oenoterris.com\/politique-de-confidentialite\/","url":"https:\/\/oenoterris.com\/politique-de-confidentialite\/","name":"Privacy policy - Oenoterris","isPartOf":{"@id":"https:\/\/oenoterris.com\/#website"},"datePublished":"2021-04-28T11:38:57+00:00","dateModified":"2022-03-30T10:03:45+00:00","breadcrumb":{"@id":"https:\/\/oenoterris.com\/politique-de-confidentialite\/#breadcrumb"},"inLanguage":"en-GB","potentialAction":[{"@type":"ReadAction","target":["https:\/\/oenoterris.com\/politique-de-confidentialite\/"]}]},{"@type":"BreadcrumbList","@id":"https:\/\/oenoterris.com\/politique-de-confidentialite\/#breadcrumb","itemListElement":[{"@type":"ListItem","position":1,"name":"Accueil","item":"https:\/\/oenoterris.com\/"},{"@type":"ListItem","position":2,"name":"Politique de confidentialit\u00e9"}]},{"@type":"WebSite","@id":"https:\/\/oenoterris.com\/#website","url":"https:\/\/oenoterris.com\/","name":"Oenoterris","description":"From grapevine to wine","publisher":{"@id":"https:\/\/oenoterris.com\/#organization"},"potentialAction":[{"@type":"SearchAction","target":{"@type":"EntryPoint","urlTemplate":"https:\/\/oenoterris.com\/?s={search_term_string}"},"query-input":{"@type":"PropertyValueSpecification","valueRequired":true,"valueName":"search_term_string"}}],"inLanguage":"en-GB"},{"@type":"Organization","@id":"https:\/\/oenoterris.com\/#organization","name":"Oenoterris","url":"https:\/\/oenoterris.com\/","logo":{"@type":"ImageObject","inLanguage":"en-GB","@id":"https:\/\/oenoterris.com\/#\/schema\/logo\/image\/","url":"https:\/\/oenoterris.com\/wp-content\/uploads\/2023\/09\/oenoterris-logo.png","contentUrl":"https:\/\/oenoterris.com\/wp-content\/uploads\/2023\/09\/oenoterris-logo.png","width":600,"height":242,"caption":"Oenoterris"},"image":{"@id":"https:\/\/oenoterris.com\/#\/schema\/logo\/image\/"}}]}},"_links":{"self":[{"href":"https:\/\/oenoterris.com\/en\/wp-json\/wp\/v2\/pages\/560","targetHints":{"allow":["GET"]}}],"collection":[{"href":"https:\/\/oenoterris.com\/en\/wp-json\/wp\/v2\/pages"}],"about":[{"href":"https:\/\/oenoterris.com\/en\/wp-json\/wp\/v2\/types\/page"}],"author":[{"embeddable":true,"href":"https:\/\/oenoterris.com\/en\/wp-json\/wp\/v2\/users\/2"}],"replies":[{"embeddable":true,"href":"https:\/\/oenoterris.com\/en\/wp-json\/wp\/v2\/comments?post=560"}],"version-history":[{"count":5,"href":"https:\/\/oenoterris.com\/en\/wp-json\/wp\/v2\/pages\/560\/revisions"}],"predecessor-version":[{"id":2287,"href":"https:\/\/oenoterris.com\/en\/wp-json\/wp\/v2\/pages\/560\/revisions\/2287"}],"wp:attachment":[{"href":"https:\/\/oenoterris.com\/en\/wp-json\/wp\/v2\/media?parent=560"}],"curies":[{"name":"wp","href":"https:\/\/api.w.org\/{rel}","templated":true}]}}