{"id":2939,"date":"2023-08-23T15:16:17","date_gmt":"2023-08-23T13:16:17","guid":{"rendered":"https:\/\/oenoterris.com\/?page_id=2939"},"modified":"2024-02-28T16:18:42","modified_gmt":"2024-02-28T15:18:42","slug":"mediatheque","status":"publish","type":"page","link":"https:\/\/oenoterris.com\/en\/mediatheque\/","title":{"rendered":"Media library"},"content":{"rendered":"\n<h1>\n\t\tM\u00e9diath\u00e8que\n\t<\/h1>\n<h3>\n\t\t<br \/>Retrouvez ci-dessous tout le contenu multim\u00e9dia Oenoterris\u00ae\n\t<\/h3>\n<h2>\n\t\tLes t\u00e9moignages\n\t<\/h2>\n\t<b>PROVENCE<br \/>\nDomaine Jas Monges &amp; Oenolyse<\/b>\n\t<iframe loading=\"lazy\" title=\"[T\u00c9MOIGNAGE] - OENOTERRIS\u00ae EN PROVENCE\" width=\"500\" height=\"281\" src=\"https:\/\/www.youtube.com\/embed\/YhWkgg6HD20?feature=oembed\" frameborder=\"0\" allow=\"accelerometer; autoplay; clipboard-write; encrypted-media; gyroscope; picture-in-picture; web-share\" allowfullscreen><\/iframe>\n\t<b>ALSACE<br \/>\nDomaine Scherb<\/b>\n\t<iframe loading=\"lazy\" title=\"[TEMOIGNAGE] - OENOTERRIS\u00ae EN ALSACE\" width=\"500\" height=\"281\" src=\"https:\/\/www.youtube.com\/embed\/QH_ybspLngA?feature=oembed\" frameborder=\"0\" allow=\"accelerometer; autoplay; clipboard-write; encrypted-media; gyroscope; picture-in-picture; web-share\" allowfullscreen><\/iframe>\n\t<b>OCCITANIE<br \/>\nVignobles de Carsac<\/b>\n\t<iframe loading=\"lazy\" title=\"[\ud835\udde7\ud835\uddd8\ud835\udde0\ud835\udde2\ud835\udddc\ud835\uddda\ud835\udde1\ud835\uddd4\ud835\uddda\ud835\uddd8] - \ud835\udde2\ud835\uddd8\ud835\udde1\ud835\udde2\ud835\udde7\ud835\uddd8\ud835\udde5\ud835\udde5\ud835\udddc\ud835\udde6\u00ae \ud835\uddd8\ud835\udde1 OCCITANIE\" width=\"500\" height=\"281\" src=\"https:\/\/www.youtube.com\/embed\/BNyTwzYtWN8?feature=oembed\" frameborder=\"0\" allow=\"accelerometer; autoplay; clipboard-write; encrypted-media; gyroscope; picture-in-picture; web-share\" allowfullscreen><\/iframe>\n<h2>\n\t\tLa d\u00e9marche\n\t<\/h2>\n\t<strong>OENOTERRIS\u00ae<\/strong><br \/>\n<strong>par le GROUPE SOFRALAB\u00ae<\/strong>\n\t<iframe loading=\"lazy\" title=\"Le  Groupe Sofralab\u00ae pr\u00e9sente l&#039;agro-oenologie raisonn\u00e9e : Oenoterris\u00ae\" width=\"500\" height=\"281\" src=\"https:\/\/www.youtube.com\/embed\/3RHdBszzFvA?list=PLs5t3UvyhTUb1IZSRaHMOXyPNaUay3Lz9\" frameborder=\"0\" allow=\"accelerometer; autoplay; clipboard-write; encrypted-media; gyroscope; picture-in-picture; web-share\" allowfullscreen><\/iframe>\n\t<b>Les programmes<br \/>\nd&rsquo;agro-oenologie raisonn\u00e9e<\/b>\n\t<iframe loading=\"lazy\" title=\"D\u00e9couvrez nos programmes d&#039;agro-\u0153nologie raisonn\u00e9e OENOTERRIS\" width=\"500\" height=\"281\" src=\"https:\/\/www.youtube.com\/embed\/VGdzjPlI42w?list=PLs5t3UvyhTUb1IZSRaHMOXyPNaUay3Lz9\" frameborder=\"0\" allow=\"accelerometer; autoplay; clipboard-write; encrypted-media; gyroscope; picture-in-picture; web-share\" allowfullscreen><\/iframe>\n\t<strong>Les outils<br \/>\nOENOTERRIS\u00ae<\/strong>\n\t<iframe loading=\"lazy\" title=\"OENOTERRIS : des outils pour une agro-oenologie raisonn\u00e9e.\" width=\"500\" height=\"281\" src=\"https:\/\/www.youtube.com\/embed\/3XesJWc7Nv8?list=PLs5t3UvyhTUb1IZSRaHMOXyPNaUay3Lz9\" frameborder=\"0\" allow=\"accelerometer; autoplay; clipboard-write; encrypted-media; gyroscope; picture-in-picture; web-share\" allowfullscreen><\/iframe>\n<h2>\n\t\tLes tutos\n\t<\/h2>\n\t<p><b>La Smart&rsquo;App Collage<\/b><\/p>\n\t<iframe loading=\"lazy\" title=\"La Smart&#039;app Collage : comment \u00e7a fonctionne ?\" width=\"500\" height=\"281\" src=\"https:\/\/www.youtube.com\/embed\/OySLlAdvAkc?feature=oembed\" frameborder=\"0\" allow=\"accelerometer; autoplay; clipboard-write; encrypted-media; gyroscope; picture-in-picture; web-share\" allowfullscreen><\/iframe>\n\t\t\t<a href=\"https:\/\/oenoterris.com\/documentation-technique\/\" target=\"_blank\" rel=\"noopener\">\n\t\t\t\t\t\tFichiers t\u00e9l\u00e9chargeables\n\t\t\t\t\t<\/a>\n\t\t\t<a href=\"https:\/\/oenoterris.com\/documentation-technique\/\" target=\"_blank\" rel=\"noopener\">\n\t\t\t\t\t\tFichiers t\u00e9l\u00e9chargeables\n\t\t\t\t\t<\/a>\n\n","protected":false},"excerpt":{"rendered":"<p>M\u00e9diath\u00e8que Retrouvez ci-dessous tout le contenu multim\u00e9dia Oenoterris\u00ae Les t\u00e9moignages PROVENCE Domaine Jas Monges &amp; Oenolyse ALSACE Domaine [&hellip;]<\/p>\n","protected":false},"author":5,"featured_media":0,"parent":0,"menu_order":0,"comment_status":"closed","ping_status":"closed","template":"","meta":{"_seopress_robots_primary_cat":"","_seopress_titles_title":"","_seopress_titles_desc":"","_seopress_robots_index":"","inline_featured_image":false,"site-sidebar-layout":"no-sidebar","site-content-layout":"page-builder","ast-site-content-layout":"default","site-content-style":"default","site-sidebar-style":"default","ast-global-header-display":"","ast-banner-title-visibility":"","ast-main-header-display":"","ast-hfb-above-header-display":"","ast-hfb-below-header-display":"","ast-hfb-mobile-header-display":"","site-post-title":"disabled","ast-breadcrumbs-content":"","ast-featured-img":"disabled","footer-sml-layout":"","ast-disable-related-posts":"","theme-transparent-header-meta":"default","adv-header-id-meta":"","stick-header-meta":"default","header-above-stick-meta":"","header-main-stick-meta":"","header-below-stick-meta":"","astra-migrate-meta-layouts":"default","ast-page-background-enabled":"default","ast-page-background-meta":{"desktop":{"background-color":"","background-image":"","background-repeat":"repeat","background-position":"center center","background-size":"auto","background-attachment":"scroll","background-type":"","background-media":"","overlay-type":"","overlay-color":"","overlay-opacity":"","overlay-gradient":""},"tablet":{"background-color":"","background-image":"","background-repeat":"repeat","background-position":"center center","background-size":"auto","background-attachment":"scroll","background-type":"","background-media":"","overlay-type":"","overlay-color":"","overlay-opacity":"","overlay-gradient":""},"mobile":{"background-color":"","background-image":"","background-repeat":"repeat","background-position":"center center","background-size":"auto","background-attachment":"scroll","background-type":"","background-media":"","overlay-type":"","overlay-color":"","overlay-opacity":"","overlay-gradient":""}},"ast-content-background-meta":{"desktop":{"background-color":"var(--ast-global-color-5)","background-image":"","background-repeat":"repeat","background-position":"center center","background-size":"auto","background-attachment":"scroll","background-type":"","background-media":"","overlay-type":"","overlay-color":"","overlay-opacity":"","overlay-gradient":""},"tablet":{"background-color":"var(--ast-global-color-5)","background-image":"","background-repeat":"repeat","background-position":"center center","background-size":"auto","background-attachment":"scroll","background-type":"","background-media":"","overlay-type":"","overlay-color":"","overlay-opacity":"","overlay-gradient":""},"mobile":{"background-color":"var(--ast-global-color-5)","background-image":"","background-repeat":"repeat","background-position":"center center","background-size":"auto","background-attachment":"scroll","background-type":"","background-media":"","overlay-type":"","overlay-color":"","overlay-opacity":"","overlay-gradient":""}},"footnotes":""},"class_list":["post-2939","page","type-page","status-publish","hentry"],"yoast_head":"<!-- This site is optimized with the Yoast SEO plugin v27.5 - https:\/\/yoast.com\/product\/yoast-seo-wordpress\/ -->\n<title>M\u00e9diath\u00e8que - Oenoterris<\/title>\n<meta name=\"robots\" content=\"index, follow, max-snippet:-1, max-image-preview:large, max-video-preview:-1\" \/>\n<link rel=\"canonical\" href=\"https:\/\/oenoterris.com\/en\/mediatheque\/\" \/>\n<meta property=\"og:locale\" content=\"en_GB\" \/>\n<meta property=\"og:type\" content=\"article\" \/>\n<meta property=\"og:title\" content=\"M\u00e9diath\u00e8que - Oenoterris\" \/>\n<meta property=\"og:description\" content=\"M\u00e9diath\u00e8que Retrouvez ci-dessous tout le contenu multim\u00e9dia Oenoterris\u00ae Les t\u00e9moignages PROVENCE Domaine Jas Monges &amp; Oenolyse ALSACE Domaine [&hellip;]\" \/>\n<meta property=\"og:url\" content=\"https:\/\/oenoterris.com\/en\/mediatheque\/\" \/>\n<meta property=\"og:site_name\" content=\"Oenoterris\" \/>\n<meta property=\"article:modified_time\" content=\"2024-02-28T15:18:42+00:00\" \/>\n<meta name=\"twitter:card\" content=\"summary_large_image\" \/>\n<script type=\"application\/ld+json\" class=\"yoast-schema-graph\">{\"@context\":\"https:\\\/\\\/schema.org\",\"@graph\":[{\"@type\":\"WebPage\",\"@id\":\"https:\\\/\\\/oenoterris.com\\\/mediatheque\\\/\",\"url\":\"https:\\\/\\\/oenoterris.com\\\/mediatheque\\\/\",\"name\":\"M\u00e9diath\u00e8que - Oenoterris\",\"isPartOf\":{\"@id\":\"https:\\\/\\\/oenoterris.com\\\/#website\"},\"datePublished\":\"2023-08-23T13:16:17+00:00\",\"dateModified\":\"2024-02-28T15:18:42+00:00\",\"breadcrumb\":{\"@id\":\"https:\\\/\\\/oenoterris.com\\\/mediatheque\\\/#breadcrumb\"},\"inLanguage\":\"en-GB\",\"potentialAction\":[{\"@type\":\"ReadAction\",\"target\":[\"https:\\\/\\\/oenoterris.com\\\/mediatheque\\\/\"]}]},{\"@type\":\"BreadcrumbList\",\"@id\":\"https:\\\/\\\/oenoterris.com\\\/mediatheque\\\/#breadcrumb\",\"itemListElement\":[{\"@type\":\"ListItem\",\"position\":1,\"name\":\"Accueil\",\"item\":\"https:\\\/\\\/oenoterris.com\\\/\"},{\"@type\":\"ListItem\",\"position\":2,\"name\":\"M\u00e9diath\u00e8que\"}]},{\"@type\":\"WebSite\",\"@id\":\"https:\\\/\\\/oenoterris.com\\\/#website\",\"url\":\"https:\\\/\\\/oenoterris.com\\\/\",\"name\":\"Oenoterris\",\"description\":\"De la vigne au vin\",\"publisher\":{\"@id\":\"https:\\\/\\\/oenoterris.com\\\/#organization\"},\"potentialAction\":[{\"@type\":\"SearchAction\",\"target\":{\"@type\":\"EntryPoint\",\"urlTemplate\":\"https:\\\/\\\/oenoterris.com\\\/?s={search_term_string}\"},\"query-input\":{\"@type\":\"PropertyValueSpecification\",\"valueRequired\":true,\"valueName\":\"search_term_string\"}}],\"inLanguage\":\"en-GB\"},{\"@type\":\"Organization\",\"@id\":\"https:\\\/\\\/oenoterris.com\\\/#organization\",\"name\":\"Oenoterris\",\"url\":\"https:\\\/\\\/oenoterris.com\\\/\",\"logo\":{\"@type\":\"ImageObject\",\"inLanguage\":\"en-GB\",\"@id\":\"https:\\\/\\\/oenoterris.com\\\/#\\\/schema\\\/logo\\\/image\\\/\",\"url\":\"https:\\\/\\\/oenoterris.com\\\/wp-content\\\/uploads\\\/2023\\\/09\\\/oenoterris-logo.png\",\"contentUrl\":\"https:\\\/\\\/oenoterris.com\\\/wp-content\\\/uploads\\\/2023\\\/09\\\/oenoterris-logo.png\",\"width\":600,\"height\":242,\"caption\":\"Oenoterris\"},\"image\":{\"@id\":\"https:\\\/\\\/oenoterris.com\\\/#\\\/schema\\\/logo\\\/image\\\/\"}}]}<\/script>\n<!-- \/ Yoast SEO plugin. -->","yoast_head_json":{"title":"Media library - Oenoterris","robots":{"index":"index","follow":"follow","max-snippet":"max-snippet:-1","max-image-preview":"max-image-preview:large","max-video-preview":"max-video-preview:-1"},"canonical":"https:\/\/oenoterris.com\/en\/mediatheque\/","og_locale":"en_GB","og_type":"article","og_title":"M\u00e9diath\u00e8que - Oenoterris","og_description":"M\u00e9diath\u00e8que Retrouvez ci-dessous tout le contenu multim\u00e9dia Oenoterris\u00ae Les t\u00e9moignages PROVENCE Domaine Jas Monges &amp; Oenolyse ALSACE Domaine [&hellip;]","og_url":"https:\/\/oenoterris.com\/en\/mediatheque\/","og_site_name":"Oenoterris","article_modified_time":"2024-02-28T15:18:42+00:00","twitter_card":"summary_large_image","schema":{"@context":"https:\/\/schema.org","@graph":[{"@type":"WebPage","@id":"https:\/\/oenoterris.com\/mediatheque\/","url":"https:\/\/oenoterris.com\/mediatheque\/","name":"Media library - Oenoterris","isPartOf":{"@id":"https:\/\/oenoterris.com\/#website"},"datePublished":"2023-08-23T13:16:17+00:00","dateModified":"2024-02-28T15:18:42+00:00","breadcrumb":{"@id":"https:\/\/oenoterris.com\/mediatheque\/#breadcrumb"},"inLanguage":"en-GB","potentialAction":[{"@type":"ReadAction","target":["https:\/\/oenoterris.com\/mediatheque\/"]}]},{"@type":"BreadcrumbList","@id":"https:\/\/oenoterris.com\/mediatheque\/#breadcrumb","itemListElement":[{"@type":"ListItem","position":1,"name":"Accueil","item":"https:\/\/oenoterris.com\/"},{"@type":"ListItem","position":2,"name":"M\u00e9diath\u00e8que"}]},{"@type":"WebSite","@id":"https:\/\/oenoterris.com\/#website","url":"https:\/\/oenoterris.com\/","name":"Oenoterris","description":"From grapevine to wine","publisher":{"@id":"https:\/\/oenoterris.com\/#organization"},"potentialAction":[{"@type":"SearchAction","target":{"@type":"EntryPoint","urlTemplate":"https:\/\/oenoterris.com\/?s={search_term_string}"},"query-input":{"@type":"PropertyValueSpecification","valueRequired":true,"valueName":"search_term_string"}}],"inLanguage":"en-GB"},{"@type":"Organization","@id":"https:\/\/oenoterris.com\/#organization","name":"Oenoterris","url":"https:\/\/oenoterris.com\/","logo":{"@type":"ImageObject","inLanguage":"en-GB","@id":"https:\/\/oenoterris.com\/#\/schema\/logo\/image\/","url":"https:\/\/oenoterris.com\/wp-content\/uploads\/2023\/09\/oenoterris-logo.png","contentUrl":"https:\/\/oenoterris.com\/wp-content\/uploads\/2023\/09\/oenoterris-logo.png","width":600,"height":242,"caption":"Oenoterris"},"image":{"@id":"https:\/\/oenoterris.com\/#\/schema\/logo\/image\/"}}]}},"_links":{"self":[{"href":"https:\/\/oenoterris.com\/en\/wp-json\/wp\/v2\/pages\/2939","targetHints":{"allow":["GET"]}}],"collection":[{"href":"https:\/\/oenoterris.com\/en\/wp-json\/wp\/v2\/pages"}],"about":[{"href":"https:\/\/oenoterris.com\/en\/wp-json\/wp\/v2\/types\/page"}],"author":[{"embeddable":true,"href":"https:\/\/oenoterris.com\/en\/wp-json\/wp\/v2\/users\/5"}],"replies":[{"embeddable":true,"href":"https:\/\/oenoterris.com\/en\/wp-json\/wp\/v2\/comments?post=2939"}],"version-history":[{"count":6,"href":"https:\/\/oenoterris.com\/en\/wp-json\/wp\/v2\/pages\/2939\/revisions"}],"predecessor-version":[{"id":2978,"href":"https:\/\/oenoterris.com\/en\/wp-json\/wp\/v2\/pages\/2939\/revisions\/2978"}],"wp:attachment":[{"href":"https:\/\/oenoterris.com\/en\/wp-json\/wp\/v2\/media?parent=2939"}],"curies":[{"name":"wp","href":"https:\/\/api.w.org\/{rel}","templated":true}]}}