{"id":2449,"date":"2022-08-05T16:13:30","date_gmt":"2022-08-05T14:13:30","guid":{"rendered":"https:\/\/oenoterris.com\/?page_id=2449"},"modified":"2024-03-01T15:44:31","modified_gmt":"2024-03-01T14:44:31","slug":"the-results","status":"publish","type":"page","link":"https:\/\/oenoterris.com\/en\/the-results\/","title":{"rendered":"The results"},"content":{"rendered":"<h2>In the vineyard<\/h2>\t\t\t\n\t\t\t\t<p>One of the first levers to respond to oenological or market expectations is in the vineyard. The Oenoterris\u00ae range of nutritional biostimulants aims to <strong>correct imbalances encountered in plots<\/strong> and <strong>to optimise the grape potential<\/strong>. It is coupled with the monitoring of agronomic indicators such as those presented below.<\/p>\n\t<h3>Nitrogen <strong>content<\/strong><\/h3>\n\t<p>Nitrogen is an element that plays an <strong>essential physiological role<\/strong> in the plant in terms of protein synthesis, photosynthesis and the plant\u2019s metabolism in general (synthesis of amino acids, hormone messengers, etc.). <strong>Assimilable nitrogen also plays an oenological role<\/strong> because it has an impact on the fermentability of the must. The level of nitrogen is therefore an important factor to be measured as soon as the grapes close.<\/p>\n<p>Plots treated with the Oenoterris\u00ae Programmes have <strong>higher nitrogen content<\/strong>, which seems to indicate <strong>better nitrogen uptake<\/strong>, as shown by its dosage at the veraison stage. The box and whisker graph opposite shows medians (lines in the middle of the box) and means (crosses in the middle of the box) higher on the Oenoterris\u00ae modality, thus illustrating this trend.<\/p>\n\t\t\t\t<img loading=\"lazy\" decoding=\"async\" src=\"https:\/\/oenoterris.com\/wp-content\/uploads\/2022\/08\/Teneur-en-azote-EN.png\" alt=\"Nitrogen content\" itemprop=\"image\" height=\"1364\" width=\"2048\" title=\"Nitrogen content\" onerror=\"this.style.display='none'\"  \/>\n\t<p>Nitrogen content measured in the petioles at veraison of plots following or not the Oenoterris\u00ae Programme. The extremes (LUV+ or LUV-) indicate a nutritional imbalance (excess or deficit of assimilation).<\/p>\n\t<h3>The index<strong> index<\/strong><\/h3>\n\t<p>By reading <strong>MaturOx<\/strong>A specific index optimised for maturity control allows, based on an expert rule, to establish <strong>harvest window according to predefined<\/strong> wine aroma profiles.<\/p>\n<p>Based on a voltammetric measurement, the index gives a <strong>footprint of the grapes<\/strong> as they evolve during maturation (quantity of sugar per berry). The lowest value corresponds to the <strong>stopping the loading of sugars<\/strong>.<\/p>\n\t\t\t\t<img loading=\"lazy\" decoding=\"async\" src=\"https:\/\/oenoterris.com\/wp-content\/uploads\/2022\/08\/MaturOx-1.png\" alt=\"MaturOx\" itemprop=\"image\" height=\"1509\" width=\"2048\" title=\"MaturOx\" onerror=\"this.style.display='none'\"  \/>\n\t<p>Monitoring of maturity and visualisation of the aroma window with the NomaSense\u2122 Polyscan 200 tool.<\/p>\n\t\t\t<h2>Measurement indicators and tools for the vineyard<\/h2>\t\t\t\n\t\t\t\t<p>The Oenoterris\u00ae programmes include rigorous agronomic monitoring from the plot to maturity with the use of differentiating sensors.<\/p>\n<p>Among the tools, Oenoterris\u00ae offers a range of products to meet oenological goals by targeting problems in the vineyard.<\/p>\n\t<a href=\"https:\/\/oenoterris.com\/en\/the-biostimulants\/\" target=\"_self\" role=\"button\" aria-label=\"Discover our range of products\" rel=\"noopener\">\n\t\t\t\t\t\tDiscover our range of products\n\t\t\t\t\t<\/a>\n\t\t\t\t<img decoding=\"async\" src=\"https:\/\/oenoterris.com\/wp-content\/uploads\/2024\/03\/OT_Programme_Fraicheur_couleur_ENUK.png\" alt=\"OT_Programme_Fra\u00eecheur_couleur_FR\" title=\"OT_Programme_Fra\u00eecheur_couleur_FR\" itemprop=\"image\"\/>\n\t\t\t\t<p><strong>Valoriser l&rsquo;expression du profil aromatique intense et frais des vins blancs et ros\u00e9s<\/strong><\/p>\n\t\t\t<h3>Must analysis<\/h3>\t\t\t\n\t\t\t\t<p>The <strong>Freshness Programme<\/strong> allows, thanks to the Oenoterris\u00ae Fleur and Oenoterris\u00ae Ar\u00f4me products to<strong> promote the synthesis of thiol precursors<\/strong> by strengthening the plant's resistance to stress and limiting asynchrony problems.<\/p>\n<p>The figure opposite illustrates the increase in these levels and shows that the medians and means of the<strong> concentrations of cysteine precursors<\/strong> observed in Sauvignon Blanc must are globally <strong>superior if this Programme is applied<\/strong>.<\/p>\n\t\t\t\t<img loading=\"lazy\" decoding=\"async\" src=\"https:\/\/oenoterris.com\/wp-content\/uploads\/2022\/08\/Mouts-blancs-EN.png\" alt=\"White musts\" itemprop=\"image\" height=\"1484\" width=\"2048\" title=\"White musts\" onerror=\"this.style.display='none'\"  \/>\n\t<p>Concentration of cysteine precursors measured in Sauvignon Blanc must originating from plots following\/not following the Oenoterris\u00ae Freshness Programme.<\/p>\n\t\t\t<h3>Wine analysis<\/h3>\t\t\t\n\t\t\t\t<p>Higher medians and averages of the three molecules (3SH, 3SHA and 4SMP) were found in Sauvignon Blanc wines that followed the Oenoterris\u00ae Freshness Programme, illustrating <strong>a good conversion of precursor potential<\/strong>.<\/p>\n<p>These results are confirmed by the sensory analysis. The wines tasted have <strong>an intense aromatic profile that is fresher and less bitter<\/strong> et r\u00e9pondent \u00e0 l&rsquo;objectif de profil aromatique cibl\u00e9 par le Programme Fra\u00eecheur.<\/p>\n\t\t\t\t<a href=\"https:\/\/oenoterris.com\/wp-content\/uploads\/2022\/08\/Vins-blancs-EN.png\" target=\"_self\" itemprop=\"url\" rel=\"noopener\">\n\t\t\t\t<img loading=\"lazy\" decoding=\"async\" src=\"https:\/\/oenoterris.com\/wp-content\/uploads\/2022\/08\/Vins-blancs-EN.png\" alt=\"White wines\" itemprop=\"image\" height=\"1407\" width=\"1892\" title=\"White wines\" onerror=\"this.style.display='none'\"  \/>\n\t\t\t\t<\/a>\n\t<p>Thiol concentrations measured in Sauvignon Blanc wines from plots following\/not following the Oenoterris\u00ae Freshness Programme.<\/p>\n\t\t\t\t<img loading=\"lazy\" decoding=\"async\" src=\"https:\/\/oenoterris.com\/wp-content\/uploads\/2022\/08\/Degustation-blancs-EN.png\" alt=\"White wines\" itemprop=\"image\" height=\"1471\" width=\"1892\" title=\"White wines\" onerror=\"this.style.display='none'\"  \/>\n\t<p>Sensory analysis of Sauvignon Blanc wines that followed\/did not follow the Oenoterris\u00ae Freshness Programme.<\/p>\n\t\t\t<h4>Measurement indicators and tools for the cellar<\/h4>\t\t\t\n\t\t\t\t<p>Each stage of the production process is taken into account, starting with the reception of the must. The classic parameters are analysed and innovative indicators such as fermentability and organoleptic potential are measured. For wine, we are interested in the analysis of aromas (esters, thiols) and polyphenols.<\/p>\n<p>The Oenoterris\u00ae programmes offer various tools such as the Smart'App Collage, a new decision support tool that allows the classification of musts at the end of the pressing process in order to apply the appropriate fining.<br \/>The approach also includes tailor-made protocols to manage the chosen oenological route.<\/p>\n\t<a href=\"https:\/\/oenoterris.com\/en\/la-smartapp-collage\/\" target=\"_blank\" role=\"button\" rel=\"noopener\" aria-label=\"Discover the Smart&#039;App\">\n\t\t\t\t\t\tDiscover the Smart'App\n\t\t\t\t\t<\/a>\n\t\t\t\t<img decoding=\"async\" src=\"https:\/\/oenoterris.com\/wp-content\/uploads\/2024\/03\/OT_Programme_Buvabilite_couleur_ENUK.png\" alt=\"OT_Programme_Buvabilit\u00e9_couleur_FR\" title=\"OT_Programme_Buvabilit\u00e9_couleur_FR\" itemprop=\"image\"\/>\n\t\t\t\t<p><strong>To enhance the expression of the fruity, fresh and gourmet aromatic profile of red wines<\/strong><\/p>\n\t\t\t<h3>Must analysis<\/h3>\t\t\t\n\t\t\t\t<p>The <strong>Drinkability Programme <\/strong>allows, thanks to the nutritional biostimulants Oenoterris\u00ae Fleur and Oenoterris\u00ae Expression to<strong>ensure the homogeneity of the phenolic maturity<\/strong> by strengthening the plant's resistance to stress and limiting asynchrony problems.<\/p>\n<p>L&rsquo;application du Programme Buvabilit\u00e9 se traduit par une <strong>higher polyphenol concentration in the musts<\/strong> (tannins and total anthocyanins). The graph on the right shows that there are more tannins overall and in particular a higher level of \"intermediate\" tannins, which implies a higher level of tannins. <strong>increased \u201cstructure\u201d potential<\/strong>.<\/p>\n\t\t\t\t<img loading=\"lazy\" decoding=\"async\" src=\"https:\/\/oenoterris.com\/wp-content\/uploads\/2022\/08\/Mouts-rouges-EN.png\" alt=\"Red musts\" itemprop=\"image\" height=\"1407\" width=\"1892\" title=\"Red musts\" onerror=\"this.style.display='none'\"  \/>\n\t<p>Distribution of tannin fractions in Syrah musts from plots following \/ not following the Oenoterris\u00ae Drinkability Programme.<\/p>\n\t\t\t<h3>Wine analysis<\/h3>\t\t\t\n\t\t\t\t<p>La production d&rsquo;esters et leur niveau de concentration dans les vins d\u00e9pend du m\u00e9tabolisme levurien et du choix d&rsquo;acides amin\u00e9s pr\u00e9sents. Le Programme Buvabilit\u00e9 Oenoterris\u00ae permet d&rsquo;obtenir des <strong>higher ester concentrations<\/strong> , as shown on the opposite graph.<\/p>\n<p>The wines that were tasted have a <strong>more intense, fresher and rounder aromatic profile<\/strong> et r\u00e9pondent \u00e0 l&rsquo;objectif de profil aromatique cibl\u00e9 par le Programme Buvabilit\u00e9.<\/p>\n\t\t\t\t<a href=\"https:\/\/oenoterris.com\/wp-content\/uploads\/2022\/08\/Vins-rouges-EN.png\" target=\"_self\" itemprop=\"url\" rel=\"noopener\">\n\t\t\t\t<img loading=\"lazy\" decoding=\"async\" src=\"https:\/\/oenoterris.com\/wp-content\/uploads\/2022\/08\/Vins-rouges-EN.png\" alt=\"Red wines\" itemprop=\"image\" height=\"1407\" width=\"1892\" title=\"Red wines\" onerror=\"this.style.display='none'\"  \/>\n\t\t\t\t<\/a>\n\t<p>Ester concentrations measured in Syrah wines from plots following \/ not following the Oenoterris\u00ae Drinkability Programme.<\/p>\n\t\t\t\t<img loading=\"lazy\" decoding=\"async\" src=\"https:\/\/oenoterris.com\/wp-content\/uploads\/2022\/08\/Degustation-rouges-EN.png\" alt=\"Red tasting\" itemprop=\"image\" height=\"1603\" width=\"1892\" title=\"Red tasting\" onerror=\"this.style.display='none'\"  \/>\n\t<p>Sensory analysis of Syrah wines that followed\/did not follow the Oenoterris\u00ae Drinkability Programme.<\/p>","protected":false},"excerpt":{"rendered":"<p>A la vigne L&rsquo;un des premiers leviers de r\u00e9ponses aux attentes oenologiques ou des march\u00e9s se situe dans [&hellip;]<\/p>\n","protected":false},"author":5,"featured_media":0,"parent":0,"menu_order":0,"comment_status":"closed","ping_status":"closed","template":"","meta":{"_seopress_robots_primary_cat":"","_seopress_titles_title":"","_seopress_titles_desc":"","_seopress_robots_index":"","inline_featured_image":false,"site-sidebar-layout":"no-sidebar","site-content-layout":"page-builder","ast-site-content-layout":"default","site-content-style":"default","site-sidebar-style":"default","ast-global-header-display":"","ast-banner-title-visibility":"","ast-main-header-display":"","ast-hfb-above-header-display":"","ast-hfb-below-header-display":"","ast-hfb-mobile-header-display":"","site-post-title":"disabled","ast-breadcrumbs-content":"","ast-featured-img":"disabled","footer-sml-layout":"","ast-disable-related-posts":"","theme-transparent-header-meta":"default","adv-header-id-meta":"","stick-header-meta":"default","header-above-stick-meta":"","header-main-stick-meta":"","header-below-stick-meta":"","astra-migrate-meta-layouts":"default","ast-page-background-enabled":"default","ast-page-background-meta":{"desktop":{"background-color":"","background-image":"","background-repeat":"repeat","background-position":"center center","background-size":"auto","background-attachment":"scroll","background-type":"","background-media":"","overlay-type":"","overlay-color":"","overlay-opacity":"","overlay-gradient":""},"tablet":{"background-color":"","background-image":"","background-repeat":"repeat","background-position":"center center","background-size":"auto","background-attachment":"scroll","background-type":"","background-media":"","overlay-type":"","overlay-color":"","overlay-opacity":"","overlay-gradient":""},"mobile":{"background-color":"","background-image":"","background-repeat":"repeat","background-position":"center center","background-size":"auto","background-attachment":"scroll","background-type":"","background-media":"","overlay-type":"","overlay-color":"","overlay-opacity":"","overlay-gradient":""}},"ast-content-background-meta":{"desktop":{"background-color":"var(--ast-global-color-5)","background-image":"","background-repeat":"repeat","background-position":"center center","background-size":"auto","background-attachment":"scroll","background-type":"","background-media":"","overlay-type":"","overlay-color":"","overlay-opacity":"","overlay-gradient":""},"tablet":{"background-color":"var(--ast-global-color-5)","background-image":"","background-repeat":"repeat","background-position":"center center","background-size":"auto","background-attachment":"scroll","background-type":"","background-media":"","overlay-type":"","overlay-color":"","overlay-opacity":"","overlay-gradient":""},"mobile":{"background-color":"var(--ast-global-color-5)","background-image":"","background-repeat":"repeat","background-position":"center center","background-size":"auto","background-attachment":"scroll","background-type":"","background-media":"","overlay-type":"","overlay-color":"","overlay-opacity":"","overlay-gradient":""}},"footnotes":""},"class_list":["post-2449","page","type-page","status-publish","hentry"],"yoast_head":"<!-- This site is optimized with the Yoast SEO plugin v27.5 - https:\/\/yoast.com\/product\/yoast-seo-wordpress\/ -->\n<title>Les r\u00e9sultats - Oenoterris<\/title>\n<meta name=\"robots\" content=\"index, follow, max-snippet:-1, max-image-preview:large, max-video-preview:-1\" \/>\n<link rel=\"canonical\" href=\"https:\/\/oenoterris.com\/en\/the-results\/\" \/>\n<meta property=\"og:locale\" content=\"en_GB\" \/>\n<meta property=\"og:type\" content=\"article\" \/>\n<meta property=\"og:title\" content=\"Les r\u00e9sultats - Oenoterris\" \/>\n<meta property=\"og:description\" content=\"A la vigne L&rsquo;un des premiers leviers de r\u00e9ponses aux attentes oenologiques ou des march\u00e9s se situe dans [&hellip;]\" \/>\n<meta property=\"og:url\" content=\"https:\/\/oenoterris.com\/en\/the-results\/\" \/>\n<meta property=\"og:site_name\" content=\"Oenoterris\" \/>\n<meta property=\"article:modified_time\" content=\"2024-03-01T14:44:31+00:00\" \/>\n<meta property=\"og:image\" content=\"https:\/\/oenoterris.com\/wp-content\/uploads\/2022\/08\/Teneur-en-azote-1.png\" \/>\n<meta name=\"twitter:card\" content=\"summary_large_image\" \/>\n<meta name=\"twitter:label1\" content=\"Estimated reading time\" \/>\n\t<meta name=\"twitter:data1\" content=\"5 minutes\" \/>\n<script type=\"application\/ld+json\" class=\"yoast-schema-graph\">{\"@context\":\"https:\\\/\\\/schema.org\",\"@graph\":[{\"@type\":\"WebPage\",\"@id\":\"https:\\\/\\\/oenoterris.com\\\/oenoterris-les-resultats\\\/\",\"url\":\"https:\\\/\\\/oenoterris.com\\\/oenoterris-les-resultats\\\/\",\"name\":\"Les r\u00e9sultats - Oenoterris\",\"isPartOf\":{\"@id\":\"https:\\\/\\\/oenoterris.com\\\/#website\"},\"primaryImageOfPage\":{\"@id\":\"https:\\\/\\\/oenoterris.com\\\/oenoterris-les-resultats\\\/#primaryimage\"},\"image\":{\"@id\":\"https:\\\/\\\/oenoterris.com\\\/oenoterris-les-resultats\\\/#primaryimage\"},\"thumbnailUrl\":\"https:\\\/\\\/oenoterris.com\\\/wp-content\\\/uploads\\\/2022\\\/08\\\/Teneur-en-azote-1.png\",\"datePublished\":\"2022-08-05T14:13:30+00:00\",\"dateModified\":\"2024-03-01T14:44:31+00:00\",\"breadcrumb\":{\"@id\":\"https:\\\/\\\/oenoterris.com\\\/oenoterris-les-resultats\\\/#breadcrumb\"},\"inLanguage\":\"en-GB\",\"potentialAction\":[{\"@type\":\"ReadAction\",\"target\":[\"https:\\\/\\\/oenoterris.com\\\/oenoterris-les-resultats\\\/\"]}]},{\"@type\":\"ImageObject\",\"inLanguage\":\"en-GB\",\"@id\":\"https:\\\/\\\/oenoterris.com\\\/oenoterris-les-resultats\\\/#primaryimage\",\"url\":\"https:\\\/\\\/oenoterris.com\\\/wp-content\\\/uploads\\\/2022\\\/08\\\/Teneur-en-azote-1.png\",\"contentUrl\":\"https:\\\/\\\/oenoterris.com\\\/wp-content\\\/uploads\\\/2022\\\/08\\\/Teneur-en-azote-1.png\"},{\"@type\":\"BreadcrumbList\",\"@id\":\"https:\\\/\\\/oenoterris.com\\\/oenoterris-les-resultats\\\/#breadcrumb\",\"itemListElement\":[{\"@type\":\"ListItem\",\"position\":1,\"name\":\"Accueil\",\"item\":\"https:\\\/\\\/oenoterris.com\\\/\"},{\"@type\":\"ListItem\",\"position\":2,\"name\":\"Les r\u00e9sultats\"}]},{\"@type\":\"WebSite\",\"@id\":\"https:\\\/\\\/oenoterris.com\\\/#website\",\"url\":\"https:\\\/\\\/oenoterris.com\\\/\",\"name\":\"Oenoterris\",\"description\":\"De la vigne au vin\",\"publisher\":{\"@id\":\"https:\\\/\\\/oenoterris.com\\\/#organization\"},\"potentialAction\":[{\"@type\":\"SearchAction\",\"target\":{\"@type\":\"EntryPoint\",\"urlTemplate\":\"https:\\\/\\\/oenoterris.com\\\/?s={search_term_string}\"},\"query-input\":{\"@type\":\"PropertyValueSpecification\",\"valueRequired\":true,\"valueName\":\"search_term_string\"}}],\"inLanguage\":\"en-GB\"},{\"@type\":\"Organization\",\"@id\":\"https:\\\/\\\/oenoterris.com\\\/#organization\",\"name\":\"Oenoterris\",\"url\":\"https:\\\/\\\/oenoterris.com\\\/\",\"logo\":{\"@type\":\"ImageObject\",\"inLanguage\":\"en-GB\",\"@id\":\"https:\\\/\\\/oenoterris.com\\\/#\\\/schema\\\/logo\\\/image\\\/\",\"url\":\"https:\\\/\\\/oenoterris.com\\\/wp-content\\\/uploads\\\/2023\\\/09\\\/oenoterris-logo.png\",\"contentUrl\":\"https:\\\/\\\/oenoterris.com\\\/wp-content\\\/uploads\\\/2023\\\/09\\\/oenoterris-logo.png\",\"width\":600,\"height\":242,\"caption\":\"Oenoterris\"},\"image\":{\"@id\":\"https:\\\/\\\/oenoterris.com\\\/#\\\/schema\\\/logo\\\/image\\\/\"}}]}<\/script>\n<!-- \/ Yoast SEO plugin. -->","yoast_head_json":{"title":"Results - Oenoterris","robots":{"index":"index","follow":"follow","max-snippet":"max-snippet:-1","max-image-preview":"max-image-preview:large","max-video-preview":"max-video-preview:-1"},"canonical":"https:\/\/oenoterris.com\/en\/the-results\/","og_locale":"en_GB","og_type":"article","og_title":"Les r\u00e9sultats - Oenoterris","og_description":"A la vigne L&rsquo;un des premiers leviers de r\u00e9ponses aux attentes oenologiques ou des march\u00e9s se situe dans [&hellip;]","og_url":"https:\/\/oenoterris.com\/en\/the-results\/","og_site_name":"Oenoterris","article_modified_time":"2024-03-01T14:44:31+00:00","og_image":[{"url":"https:\/\/oenoterris.com\/wp-content\/uploads\/2022\/08\/Teneur-en-azote-1.png","type":"","width":"","height":""}],"twitter_card":"summary_large_image","twitter_misc":{"Estimated reading time":"5 minutes"},"schema":{"@context":"https:\/\/schema.org","@graph":[{"@type":"WebPage","@id":"https:\/\/oenoterris.com\/oenoterris-les-resultats\/","url":"https:\/\/oenoterris.com\/oenoterris-les-resultats\/","name":"Results - Oenoterris","isPartOf":{"@id":"https:\/\/oenoterris.com\/#website"},"primaryImageOfPage":{"@id":"https:\/\/oenoterris.com\/oenoterris-les-resultats\/#primaryimage"},"image":{"@id":"https:\/\/oenoterris.com\/oenoterris-les-resultats\/#primaryimage"},"thumbnailUrl":"https:\/\/oenoterris.com\/wp-content\/uploads\/2022\/08\/Teneur-en-azote-1.png","datePublished":"2022-08-05T14:13:30+00:00","dateModified":"2024-03-01T14:44:31+00:00","breadcrumb":{"@id":"https:\/\/oenoterris.com\/oenoterris-les-resultats\/#breadcrumb"},"inLanguage":"en-GB","potentialAction":[{"@type":"ReadAction","target":["https:\/\/oenoterris.com\/oenoterris-les-resultats\/"]}]},{"@type":"ImageObject","inLanguage":"en-GB","@id":"https:\/\/oenoterris.com\/oenoterris-les-resultats\/#primaryimage","url":"https:\/\/oenoterris.com\/wp-content\/uploads\/2022\/08\/Teneur-en-azote-1.png","contentUrl":"https:\/\/oenoterris.com\/wp-content\/uploads\/2022\/08\/Teneur-en-azote-1.png"},{"@type":"BreadcrumbList","@id":"https:\/\/oenoterris.com\/oenoterris-les-resultats\/#breadcrumb","itemListElement":[{"@type":"ListItem","position":1,"name":"Accueil","item":"https:\/\/oenoterris.com\/"},{"@type":"ListItem","position":2,"name":"Les r\u00e9sultats"}]},{"@type":"WebSite","@id":"https:\/\/oenoterris.com\/#website","url":"https:\/\/oenoterris.com\/","name":"Oenoterris","description":"From grapevine to wine","publisher":{"@id":"https:\/\/oenoterris.com\/#organization"},"potentialAction":[{"@type":"SearchAction","target":{"@type":"EntryPoint","urlTemplate":"https:\/\/oenoterris.com\/?s={search_term_string}"},"query-input":{"@type":"PropertyValueSpecification","valueRequired":true,"valueName":"search_term_string"}}],"inLanguage":"en-GB"},{"@type":"Organization","@id":"https:\/\/oenoterris.com\/#organization","name":"Oenoterris","url":"https:\/\/oenoterris.com\/","logo":{"@type":"ImageObject","inLanguage":"en-GB","@id":"https:\/\/oenoterris.com\/#\/schema\/logo\/image\/","url":"https:\/\/oenoterris.com\/wp-content\/uploads\/2023\/09\/oenoterris-logo.png","contentUrl":"https:\/\/oenoterris.com\/wp-content\/uploads\/2023\/09\/oenoterris-logo.png","width":600,"height":242,"caption":"Oenoterris"},"image":{"@id":"https:\/\/oenoterris.com\/#\/schema\/logo\/image\/"}}]}},"_links":{"self":[{"href":"https:\/\/oenoterris.com\/en\/wp-json\/wp\/v2\/pages\/2449","targetHints":{"allow":["GET"]}}],"collection":[{"href":"https:\/\/oenoterris.com\/en\/wp-json\/wp\/v2\/pages"}],"about":[{"href":"https:\/\/oenoterris.com\/en\/wp-json\/wp\/v2\/types\/page"}],"author":[{"embeddable":true,"href":"https:\/\/oenoterris.com\/en\/wp-json\/wp\/v2\/users\/5"}],"replies":[{"embeddable":true,"href":"https:\/\/oenoterris.com\/en\/wp-json\/wp\/v2\/comments?post=2449"}],"version-history":[{"count":7,"href":"https:\/\/oenoterris.com\/en\/wp-json\/wp\/v2\/pages\/2449\/revisions"}],"predecessor-version":[{"id":3056,"href":"https:\/\/oenoterris.com\/en\/wp-json\/wp\/v2\/pages\/2449\/revisions\/3056"}],"wp:attachment":[{"href":"https:\/\/oenoterris.com\/en\/wp-json\/wp\/v2\/media?parent=2449"}],"curies":[{"name":"wp","href":"https:\/\/api.w.org\/{rel}","templated":true}]}}