{"id":11,"date":"2020-03-05T14:11:54","date_gmt":"2020-03-05T13:11:54","guid":{"rendered":"http:\/\/cgt-cic-sofr.lesoukdemma.fr\/?page_id=11"},"modified":"2025-09-03T09:55:56","modified_gmt":"2025-09-03T07:55:56","slug":"agro-oenologie-raisonnee-programmes-oenologiques","status":"publish","type":"page","link":"https:\/\/oenoterris.com\/en\/","title":{"rendered":"Home"},"content":{"rendered":"<h2>The culmination of 5 years <br \/>of research<\/h2>\t\t\t\n\t\t\t\t<p>The result of work initiated since\u00a0<strong>5 years of research and development<\/strong> OENOTERRIS is a milestone in the history of the SOFRALAB Group, which aims to improve the quality of wine by developing nutrition and stimulation programmes for vines and Decision Support Tools to manage must fining programmes in the cellar. <strong>aims to respond in an innovative way to the oenological challenges<\/strong>\u00a0of today and tomorrow.<\/p>\n\t\t\t\t<img decoding=\"async\" src=\"https:\/\/oenoterris.com\/wp-content\/uploads\/2021\/04\/home-recherche.jpg\" alt=\"Vats in the OENOTERRIS cellar - Agro-oenological vinification\" itemprop=\"image\" height=\"606\" width=\"979\" title=\"Vats in the OENOTERRIS cellar\" onerror=\"this.style.display='none'\" loading=\"lazy\" \/>\n\t\t\t<h3>Sustainable agriculture, an innovative concept<\/h3>\t\t\t\n\t\t\t\t<p>Since today's <strong>viticulture and vinification techniques<\/strong> such as rising temperatures and the number of climatic accidents, early vine development and harvest dates, and acid\/alcohol imbalance in wines, the <strong>climate changes<\/strong> such as <strong>temperature rise and climate-related incidents, grapevines that develop or are harvested prematurely, or acid\/alcohol imbalances in wines<\/strong> of today's world are being led to <strong>need to evolve<\/strong> in this regard in order to <strong>better meet consumer requirements<\/strong>.<\/p>\n<p><strong>Reasoned agro-oenology<\/strong> seek to provide improved analysis and understanding of issues, so as to <strong>promote diversity<\/strong> and the \"right\" choice of technological itineraries from the vine to the bottle <strong>preserving the quality<\/strong> of the wines.<\/p>\n\t\t\t<h4>The objectives of Oenoterris <\/h4>\t\t\t\n\t\t\t\t<p>OENOTERRIS\u00ae is a <strong>personalised support approach<\/strong> that offers reasoned programs to meet <strong>oenological aims<\/strong>. It uses tools to provide effective solutions to the problems encountered in the vineyard and the winery.<\/p>\n<h3>\n\t\t\tFrom grapevine to wine\t<\/h3>\n\t\t\t\t<img decoding=\"async\" src=\"https:\/\/oenoterris.com\/wp-content\/uploads\/2024\/03\/OT_Programme_Fraicheur_blanc_ENUK.png\" alt=\"OT_Programme_Fra\u00eecheur_blanc_FR\" itemprop=\"image\" height=\"1108\" width=\"3327\" title=\"OT_Programme_Fra\u00eecheur_blanc_FR\" onerror=\"this.style.display='none'\" loading=\"lazy\" \/>\n\t<p>The <strong>Freshness Programme<\/strong> permet de valoriser l&rsquo;expression du profil aromatique intense et frais des vins blancs et ros\u00e9s.<\/p>\n\t\t\t\t<img decoding=\"async\" src=\"https:\/\/oenoterris.com\/wp-content\/uploads\/2022\/02\/EN.png\" alt=\"reasoned-programmes-logo-white\" itemprop=\"image\" height=\"0\" width=\"0\" title=\"reasoned-programmes-logo-white\" onerror=\"this.style.display='none'\" loading=\"lazy\" \/>\n\t\t\t\t<img decoding=\"async\" src=\"https:\/\/oenoterris.com\/wp-content\/uploads\/2024\/03\/OT_Programme_Buvabilite_blanc_ENUK.png\" alt=\"OT_Programme_Buvabilit\u00e9_blanc_FR\" itemprop=\"image\" height=\"1108\" width=\"3327\" title=\"OT_Programme_Buvabilit\u00e9_blanc_FR\" onerror=\"this.style.display='none'\" loading=\"lazy\" \/>\n\t<p>The <strong>Drinkability Programme<\/strong> permet de valoriser l&rsquo;expression du profil aromatique fruit\u00e9, frais et gourmand des vins rouges.<\/p>\n\t<a href=\"https:\/\/oenoterris.com\/en\/the-programs\/\" target=\"_self\" role=\"button\" aria-label=\"Read more\">\n\t\t\t\t\t\tRead more\n\t\t\t\t\t<\/a>\n\t<a href=\"https:\/\/oenoterris.com\/en\/the-biostimulants\/\" target=\"_self\" role=\"button\" aria-label=\"Read more\">\n\t\t\t\t\t\tRead more\n\t\t\t\t\t<\/a>\n\t\t\t\t<img decoding=\"async\" src=\"https:\/\/oenoterris.com\/wp-content\/uploads\/2021\/09\/cellar-lever-white.svg\" alt=\"lever-cave-white\" title=\"lever-cave-white\" itemprop=\"image\"\/>\n\t\t<h4>Managing your fining strategy<\/h4>\t\t\t\n\t\t\t\t<p>SMART'APP Fining is a decision-making tool that allows better use and reasoning of must fining to preserve its characteristics, increase juice quality and optimise production costs.<\/p>\n\t<a href=\"https:\/\/oenoterris.com\/en\/la-smartapp-collage\/\" target=\"_self\" role=\"button\" aria-label=\"Read more\">\n\t\t\t\t\t\tRead more\n\t\t\t\t\t<\/a>\n\t\t\t\t<img decoding=\"async\" src=\"https:\/\/oenoterris.com\/wp-content\/uploads\/2023\/08\/MaturOx-postit-HD.png\" alt=\"PolyScan and MaturOx - Integrated agro-oenology and oenology programmes\" itemprop=\"image\" height=\"2011\" width=\"2764\" title=\"PolyScan and MaturOx - Tools for integrated agro-oenology\" onerror=\"this.style.display='none'\" loading=\"lazy\" \/>\n\t<p>Photo credits - Anaka\u00a9 \/ Vinventions WQS \u00a9<\/p>\n\t<p>Determining the harvest date<\/p>\n\t\t\t\t<p>MaturOx, a specific NOMASense\u2122 PolyScan index, targets an aromatic window.<\/p>\n\t<a href=\"https:\/\/oenoterris.com\/en\/indice-maturox\/\" target=\"_self\" role=\"button\" aria-label=\"Read more\">\n\t\t\t\t\t\tRead more\n\t\t\t\t\t<\/a>\n\t\t\t<h2>News<\/h2>\t\t\t\n\t<!-- Elfsight LinkedIn Feed | Untitled LinkedIn Feed -->","protected":false},"excerpt":{"rendered":"<p>L&rsquo;aboutissement de 5 ann\u00e9es de recherche R\u00e9sultat d&rsquo;un travail initi\u00e9 depuis\u00a05 ann\u00e9es en recherche et d\u00e9veloppement sur des [&hellip;]<\/p>\n","protected":false},"author":1,"featured_media":0,"parent":0,"menu_order":0,"comment_status":"closed","ping_status":"closed","template":"","meta":{"_seopress_robots_primary_cat":"","_seopress_titles_title":"","_seopress_titles_desc":"","_seopress_robots_index":"","inline_featured_image":false,"site-sidebar-layout":"no-sidebar","site-content-layout":"page-builder","ast-site-content-layout":"full-width-container","site-content-style":"unboxed","site-sidebar-style":"unboxed","ast-global-header-display":"","ast-banner-title-visibility":"","ast-main-header-display":"","ast-hfb-above-header-display":"","ast-hfb-below-header-display":"","ast-hfb-mobile-header-display":"","site-post-title":"disabled","ast-breadcrumbs-content":"","ast-featured-img":"disabled","footer-sml-layout":"","ast-disable-related-posts":"","theme-transparent-header-meta":"default","adv-header-id-meta":"","stick-header-meta":"default","header-above-stick-meta":"","header-main-stick-meta":"","header-below-stick-meta":"","astra-migrate-meta-layouts":"set","ast-page-background-enabled":"default","ast-page-background-meta":{"desktop":{"background-color":"","background-image":"","background-repeat":"repeat","background-position":"center center","background-size":"auto","background-attachment":"scroll","background-type":"","background-media":"","overlay-type":"","overlay-color":"","overlay-opacity":"","overlay-gradient":""},"tablet":{"background-color":"","background-image":"","background-repeat":"repeat","background-position":"center center","background-size":"auto","background-attachment":"scroll","background-type":"","background-media":"","overlay-type":"","overlay-color":"","overlay-opacity":"","overlay-gradient":""},"mobile":{"background-color":"","background-image":"","background-repeat":"repeat","background-position":"center center","background-size":"auto","background-attachment":"scroll","background-type":"","background-media":"","overlay-type":"","overlay-color":"","overlay-opacity":"","overlay-gradient":""}},"ast-content-background-meta":{"desktop":{"background-color":"var(--ast-global-color-5)","background-image":"","background-repeat":"repeat","background-position":"center center","background-size":"auto","background-attachment":"scroll","background-type":"","background-media":"","overlay-type":"","overlay-color":"","overlay-opacity":"","overlay-gradient":""},"tablet":{"background-color":"var(--ast-global-color-5)","background-image":"","background-repeat":"repeat","background-position":"center center","background-size":"auto","background-attachment":"scroll","background-type":"","background-media":"","overlay-type":"","overlay-color":"","overlay-opacity":"","overlay-gradient":""},"mobile":{"background-color":"var(--ast-global-color-5)","background-image":"","background-repeat":"repeat","background-position":"center center","background-size":"auto","background-attachment":"scroll","background-type":"","background-media":"","overlay-type":"","overlay-color":"","overlay-opacity":"","overlay-gradient":""}},"footnotes":""},"class_list":["post-11","page","type-page","status-publish","hentry"],"yoast_head":"<!-- This site is optimized with the Yoast SEO plugin v27.5 - https:\/\/yoast.com\/product\/yoast-seo-wordpress\/ -->\n<title>Agro-\u0153nologie raisonn\u00e9e et programmes \u0153nologiques - Accueil Oenoterris<\/title>\n<meta name=\"description\" content=\"D\u00e9couvrez l&#039;agro-\u0153nologie raisonn\u00e9e et nos programmes \u0153nologiques pour am\u00e9liorer la qualit\u00e9 des vins. Explorez OENOTERRIS d\u00e8s aujourd&#039;hui !\" \/>\n<meta name=\"robots\" content=\"index, follow, max-snippet:-1, max-image-preview:large, max-video-preview:-1\" \/>\n<link rel=\"canonical\" href=\"https:\/\/oenoterris.com\/en\/\" \/>\n<meta property=\"og:locale\" content=\"en_GB\" \/>\n<meta property=\"og:type\" content=\"article\" \/>\n<meta property=\"og:title\" content=\"Agro-\u0153nologie raisonn\u00e9e et programmes \u0153nologiques - Accueil Oenoterris\" \/>\n<meta property=\"og:description\" content=\"D\u00e9couvrez l&#039;agro-\u0153nologie raisonn\u00e9e et nos programmes \u0153nologiques pour am\u00e9liorer la qualit\u00e9 des vins. Explorez OENOTERRIS d\u00e8s aujourd&#039;hui !\" \/>\n<meta property=\"og:url\" content=\"https:\/\/oenoterris.com\/en\/\" \/>\n<meta property=\"og:site_name\" content=\"Oenoterris\" \/>\n<meta property=\"article:modified_time\" content=\"2025-09-03T07:55:56+00:00\" \/>\n<meta property=\"og:image\" content=\"https:\/\/oenoterris.com\/wp-content\/uploads\/2021\/04\/home-recherche.jpg\" \/>\n<meta name=\"twitter:card\" content=\"summary_large_image\" \/>\n<meta name=\"twitter:label1\" content=\"Estimated reading time\" \/>\n\t<meta name=\"twitter:data1\" content=\"9 minutes\" \/>\n<script type=\"application\/ld+json\" class=\"yoast-schema-graph\">{\"@context\":\"https:\\\/\\\/schema.org\",\"@graph\":[{\"@type\":\"WebPage\",\"@id\":\"https:\\\/\\\/oenoterris.com\\\/\",\"url\":\"https:\\\/\\\/oenoterris.com\\\/\",\"name\":\"Agro-\u0153nologie raisonn\u00e9e et programmes \u0153nologiques - Accueil Oenoterris\",\"isPartOf\":{\"@id\":\"https:\\\/\\\/oenoterris.com\\\/#website\"},\"primaryImageOfPage\":{\"@id\":\"https:\\\/\\\/oenoterris.com\\\/#primaryimage\"},\"image\":{\"@id\":\"https:\\\/\\\/oenoterris.com\\\/#primaryimage\"},\"thumbnailUrl\":\"https:\\\/\\\/oenoterris.com\\\/wp-content\\\/uploads\\\/2021\\\/04\\\/home-recherche.jpg\",\"datePublished\":\"2020-03-05T13:11:54+00:00\",\"dateModified\":\"2025-09-03T07:55:56+00:00\",\"description\":\"D\u00e9couvrez l'agro-\u0153nologie raisonn\u00e9e et nos programmes \u0153nologiques pour am\u00e9liorer la qualit\u00e9 des vins. Explorez OENOTERRIS d\u00e8s aujourd'hui !\",\"breadcrumb\":{\"@id\":\"https:\\\/\\\/oenoterris.com\\\/#breadcrumb\"},\"inLanguage\":\"en-GB\",\"potentialAction\":[{\"@type\":\"ReadAction\",\"target\":[\"https:\\\/\\\/oenoterris.com\\\/\"]}]},{\"@type\":\"ImageObject\",\"inLanguage\":\"en-GB\",\"@id\":\"https:\\\/\\\/oenoterris.com\\\/#primaryimage\",\"url\":\"https:\\\/\\\/oenoterris.com\\\/wp-content\\\/uploads\\\/2021\\\/04\\\/home-recherche.jpg\",\"contentUrl\":\"https:\\\/\\\/oenoterris.com\\\/wp-content\\\/uploads\\\/2021\\\/04\\\/home-recherche.jpg\"},{\"@type\":\"BreadcrumbList\",\"@id\":\"https:\\\/\\\/oenoterris.com\\\/#breadcrumb\",\"itemListElement\":[{\"@type\":\"ListItem\",\"position\":1,\"name\":\"Accueil\",\"item\":\"https:\\\/\\\/oenoterris.com\\\/\"},{\"@type\":\"ListItem\",\"position\":2,\"name\":\"Accueil\"}]},{\"@type\":\"WebSite\",\"@id\":\"https:\\\/\\\/oenoterris.com\\\/#website\",\"url\":\"https:\\\/\\\/oenoterris.com\\\/\",\"name\":\"Oenoterris\",\"description\":\"De la vigne au vin\",\"publisher\":{\"@id\":\"https:\\\/\\\/oenoterris.com\\\/#organization\"},\"potentialAction\":[{\"@type\":\"SearchAction\",\"target\":{\"@type\":\"EntryPoint\",\"urlTemplate\":\"https:\\\/\\\/oenoterris.com\\\/?s={search_term_string}\"},\"query-input\":{\"@type\":\"PropertyValueSpecification\",\"valueRequired\":true,\"valueName\":\"search_term_string\"}}],\"inLanguage\":\"en-GB\"},{\"@type\":\"Organization\",\"@id\":\"https:\\\/\\\/oenoterris.com\\\/#organization\",\"name\":\"Oenoterris\",\"url\":\"https:\\\/\\\/oenoterris.com\\\/\",\"logo\":{\"@type\":\"ImageObject\",\"inLanguage\":\"en-GB\",\"@id\":\"https:\\\/\\\/oenoterris.com\\\/#\\\/schema\\\/logo\\\/image\\\/\",\"url\":\"https:\\\/\\\/oenoterris.com\\\/wp-content\\\/uploads\\\/2023\\\/09\\\/oenoterris-logo.png\",\"contentUrl\":\"https:\\\/\\\/oenoterris.com\\\/wp-content\\\/uploads\\\/2023\\\/09\\\/oenoterris-logo.png\",\"width\":600,\"height\":242,\"caption\":\"Oenoterris\"},\"image\":{\"@id\":\"https:\\\/\\\/oenoterris.com\\\/#\\\/schema\\\/logo\\\/image\\\/\"}}]}<\/script>\n<!-- \/ Yoast SEO plugin. -->","yoast_head_json":{"title":"Sustainable agriculture and oenology programmes - Oenoterris home page","description":"Discover integrated agro-oenology and our oenological programmes to improve wine quality. Explore OENOTERRIS today!","robots":{"index":"index","follow":"follow","max-snippet":"max-snippet:-1","max-image-preview":"max-image-preview:large","max-video-preview":"max-video-preview:-1"},"canonical":"https:\/\/oenoterris.com\/en\/","og_locale":"en_GB","og_type":"article","og_title":"Agro-\u0153nologie raisonn\u00e9e et programmes \u0153nologiques - Accueil Oenoterris","og_description":"D\u00e9couvrez l'agro-\u0153nologie raisonn\u00e9e et nos programmes \u0153nologiques pour am\u00e9liorer la qualit\u00e9 des vins. Explorez OENOTERRIS d\u00e8s aujourd'hui !","og_url":"https:\/\/oenoterris.com\/en\/","og_site_name":"Oenoterris","article_modified_time":"2025-09-03T07:55:56+00:00","og_image":[{"url":"https:\/\/oenoterris.com\/wp-content\/uploads\/2021\/04\/home-recherche.jpg","type":"","width":"","height":""}],"twitter_card":"summary_large_image","twitter_misc":{"Estimated reading time":"9 minutes"},"schema":{"@context":"https:\/\/schema.org","@graph":[{"@type":"WebPage","@id":"https:\/\/oenoterris.com\/","url":"https:\/\/oenoterris.com\/","name":"Sustainable agriculture and oenology programmes - Oenoterris home page","isPartOf":{"@id":"https:\/\/oenoterris.com\/#website"},"primaryImageOfPage":{"@id":"https:\/\/oenoterris.com\/#primaryimage"},"image":{"@id":"https:\/\/oenoterris.com\/#primaryimage"},"thumbnailUrl":"https:\/\/oenoterris.com\/wp-content\/uploads\/2021\/04\/home-recherche.jpg","datePublished":"2020-03-05T13:11:54+00:00","dateModified":"2025-09-03T07:55:56+00:00","description":"Discover integrated agro-oenology and our oenological programmes to improve wine quality. Explore OENOTERRIS today!","breadcrumb":{"@id":"https:\/\/oenoterris.com\/#breadcrumb"},"inLanguage":"en-GB","potentialAction":[{"@type":"ReadAction","target":["https:\/\/oenoterris.com\/"]}]},{"@type":"ImageObject","inLanguage":"en-GB","@id":"https:\/\/oenoterris.com\/#primaryimage","url":"https:\/\/oenoterris.com\/wp-content\/uploads\/2021\/04\/home-recherche.jpg","contentUrl":"https:\/\/oenoterris.com\/wp-content\/uploads\/2021\/04\/home-recherche.jpg"},{"@type":"BreadcrumbList","@id":"https:\/\/oenoterris.com\/#breadcrumb","itemListElement":[{"@type":"ListItem","position":1,"name":"Accueil","item":"https:\/\/oenoterris.com\/"},{"@type":"ListItem","position":2,"name":"Accueil"}]},{"@type":"WebSite","@id":"https:\/\/oenoterris.com\/#website","url":"https:\/\/oenoterris.com\/","name":"Oenoterris","description":"From grapevine to wine","publisher":{"@id":"https:\/\/oenoterris.com\/#organization"},"potentialAction":[{"@type":"SearchAction","target":{"@type":"EntryPoint","urlTemplate":"https:\/\/oenoterris.com\/?s={search_term_string}"},"query-input":{"@type":"PropertyValueSpecification","valueRequired":true,"valueName":"search_term_string"}}],"inLanguage":"en-GB"},{"@type":"Organization","@id":"https:\/\/oenoterris.com\/#organization","name":"Oenoterris","url":"https:\/\/oenoterris.com\/","logo":{"@type":"ImageObject","inLanguage":"en-GB","@id":"https:\/\/oenoterris.com\/#\/schema\/logo\/image\/","url":"https:\/\/oenoterris.com\/wp-content\/uploads\/2023\/09\/oenoterris-logo.png","contentUrl":"https:\/\/oenoterris.com\/wp-content\/uploads\/2023\/09\/oenoterris-logo.png","width":600,"height":242,"caption":"Oenoterris"},"image":{"@id":"https:\/\/oenoterris.com\/#\/schema\/logo\/image\/"}}]}},"_links":{"self":[{"href":"https:\/\/oenoterris.com\/en\/wp-json\/wp\/v2\/pages\/11","targetHints":{"allow":["GET"]}}],"collection":[{"href":"https:\/\/oenoterris.com\/en\/wp-json\/wp\/v2\/pages"}],"about":[{"href":"https:\/\/oenoterris.com\/en\/wp-json\/wp\/v2\/types\/page"}],"author":[{"embeddable":true,"href":"https:\/\/oenoterris.com\/en\/wp-json\/wp\/v2\/users\/1"}],"replies":[{"embeddable":true,"href":"https:\/\/oenoterris.com\/en\/wp-json\/wp\/v2\/comments?post=11"}],"version-history":[{"count":26,"href":"https:\/\/oenoterris.com\/en\/wp-json\/wp\/v2\/pages\/11\/revisions"}],"predecessor-version":[{"id":3129,"href":"https:\/\/oenoterris.com\/en\/wp-json\/wp\/v2\/pages\/11\/revisions\/3129"}],"wp:attachment":[{"href":"https:\/\/oenoterris.com\/en\/wp-json\/wp\/v2\/media?parent=11"}],"curies":[{"name":"wp","href":"https:\/\/api.w.org\/{rel}","templated":true}]}}