{"id":560,"date":"2021-04-28T13:38:57","date_gmt":"2021-04-28T11:38:57","guid":{"rendered":"https:\/\/oenoterris.com\/?page_id=560"},"modified":"2022-03-30T12:03:45","modified_gmt":"2022-03-30T10:03:45","slug":"politique-de-confidentialite","status":"publish","type":"page","link":"https:\/\/oenoterris.com\/de\/politique-de-confidentialite\/","title":{"rendered":"Datenschutzerkl\u00e4rung"},"content":{"rendered":"<p>Gem\u00e4\u00df Artikel 13 der Europ\u00e4ischen Datenschutzverordnung Nr. 2016\/679\/EU vom 27. April 2016 verpflichtet sich SOFRALAB im Rahmen seiner Gesch\u00e4ftst\u00e4tigkeit, den Schutz, die Vertraulichkeit und die Sicherheit der personenbezogenen Daten der Nutzer seiner Dienste zu gew\u00e4hrleisten und deren Privatsph\u00e4re zu respektieren.<\/p>\n<p>Diese Richtlinie gilt insbesondere f\u00fcr Kunden und Nutzer von Angeboten und Dienstleistungen sowie f\u00fcr Besucher der Websites der SOFRALAB-Gruppe.<\/p>\n<p>Diese Richtlinie informiert Sie \u00fcber :<\/p>\n<ul>\n<li>Die Identit\u00e4t des f\u00fcr die Verarbeitung Verantwortlichen<\/li>\n<li>Die Art der erhobenen personenbezogenen Daten und die Art und Weise, wie SOFRALAB diese Daten erhebt<\/li>\n<li>Die Erhebung und Verwendung dieser personenbezogenen Daten<\/li>\n<li>Die Verarbeitung und Weitergabe von personenbezogenen Daten<\/li>\n<li>Die Politik der Website in Bezug auf \"Cookie\"-Dateien<\/li>\n<li>Die Rechte der Nutzer in Bezug auf diese personenbezogenen Daten<\/li>\n<\/ul>\n<p>Diese Datenschutzrichtlinie erg\u00e4nzt die Allgemeinen Gesch\u00e4ftsbedingungen, die auf Anfrage oder auf unserer Website erh\u00e4ltlich sind.<\/p>\n<h3>1) Der Verantwortliche f\u00fcr die Verarbeitung<\/h3>\n<p>Der Verantwortliche f\u00fcr die Verarbeitung personenbezogener Daten ist SOFRALAB mit Sitz in 79 avenue A.A. Th\u00e9venet - CS11031 - 51530 MAGENTA - Frankreich.<\/p>\n<p>Er kann unter der E-Mail-Adresse <a href=\"mailto:compta-clients@sofralab.com\">compta-clients@sofralab.com<\/a>.<\/p>\n<h3>2) Die gesammelten Daten<\/h3>\n<p>Die personenbezogenen Daten, die auf der Website von SOFRALAB gesammelt und gespeichert werden k\u00f6nnen, sind die folgenden:<\/p>\n<ul>\n<li>Identifikationsdaten: Name, Vorname, Kennung, SIREN...<\/li>\n<li>Kontaktdaten: Postanschrift, E-Mail-Adresse, Telefonnummer und andere personenbezogene Daten, die von der betreffenden Person spontan \u00fcber die Seite \"Kontakte\" auf den Websites angegeben werden<\/li>\n<li>Profile, die eine Kundensegmentierung erm\u00f6glichen<\/li>\n<\/ul>\nGem\u00e4\u00df Artikel 8 der oben genannten Verordnung akzeptiert SOFRALAB keine<br \/>\nDaten von Personen unter 16 Jahren sammeln oder speichern.\n<p>Diese personenbezogenen Daten k\u00f6nnen erfasst werden, wenn der Nutzer ein Formular f\u00fcr eine Kontaktanfrage ausf\u00fcllt oder eine Bestellung aufgibt.<\/p>\n<h3>3) Die Erhebung und Nutzung der erhobenen Daten<\/h3>\n<p>SOFRALAB verarbeitet personenbezogene Daten nur f\u00fcr bestimmte, eindeutige und rechtm\u00e4\u00dfige Zwecke.<\/p>\n<p><strong>Die von SOFRALAB verfolgten Zwecke sind die folgenden:<\/strong><\/p>\n<ul>\n<li>Die Identit\u00e4t des Kunden oder Nutzers verwalten und ihn authentifizieren<\/li>\n<li>Beschwerden bearbeiten<\/li>\n<li>Kommunikation im Rahmen des Kundenmanagements (z. B. Mailings, Organisation von Veranstaltungen, Einladungen usw.).<\/li>\n<li>Eingehende Post verwalten<\/li>\n<\/ul>\n<p>Die Daten werden nur so lange gespeichert, wie es f\u00fcr die oben genannten Zwecke erforderlich ist, d. h. Sie k\u00f6nnen sich jederzeit abmelden.<\/p>\n<p><strong>SOFRALAB verarbeitet Ihre Daten auch, um seinen gesetzlichen Verpflichtungen nachzukommen <\/strong><strong>oder gesetzlichen Vorschriften.<\/strong><\/p>\n<p>Zu diesem Zweck werden von SOFRALAB folgende Zwecke verfolgt:<\/p>\n<ul>\n<li>Daten aufbewahren, die erforderlich sind, um gesetzlichen Verpflichtungen nachkommen zu k\u00f6nnen<\/li>\n<li>Verwaltung von Antr\u00e4gen auf Daten\u00fcbermittlung von berechtigten Beh\u00f6rden<\/li>\n<\/ul>\n<p>Ihre Daten k\u00f6nnen so lange aufbewahrt werden, wie es f\u00fcr SOFRALAB notwendig ist, um seinen gesetzlichen Verpflichtungen nachzukommen.<\/p>\n<p>SOFRALAB verarbeitet Daten oder Datenkategorien nur, wenn sie f\u00fcr den verfolgten Zweck unbedingt erforderlich sind.<\/p>\n<h3>4) Die Verarbeitung und Weitergabe von Daten<\/h3>\n<p>SOFRALAB stellt sicher, dass Ihre personenbezogenen Daten sicher und vertraulich behandelt werden. Zu diesem Zweck werden geeignete technische und organisatorische Ma\u00dfnahmen ergriffen, um den Verlust, den Missbrauch, die Ver\u00e4nderung und die L\u00f6schung Ihrer personenbezogenen Daten zu verhindern. Diese Ma\u00dfnahmen werden je nach Sensibilit\u00e4tsgrad der verarbeiteten Daten und je nach Risikoniveau, das die Verarbeitung oder ihre Durchf\u00fchrung mit sich bringt, angepasst.<\/p>\n<p>Die gesammelten Daten sind f\u00fcr die internen Abteilungen von SOFRALAB bestimmt.<\/p>\n<p>Die verarbeiteten Daten k\u00f6nnen schlie\u00dflich an die zust\u00e4ndigen Beh\u00f6rden weitergeleitet werden, wenn diese es verlangen, im Rahmen von Auskunftsersuchen der Beh\u00f6rden oder um anderen gesetzlichen Verpflichtungen nachzukommen.<\/p>\n<p>Es ist nicht wahrscheinlich, dass die gesammelten Daten au\u00dferhalb der Europ\u00e4ischen Union verarbeitet werden.<\/p>\n<p>Die gesammelten Informationen k\u00f6nnen eventuell an Dritte weitergegeben werden, die vertraglich mit dem Unternehmen verbunden sind, um untervertraglich Aufgaben auszuf\u00fchren, die f\u00fcr die Verwaltung der Bestellung erforderlich sind, ohne dass die Zustimmung des Kunden erforderlich ist. Es wird darauf hingewiesen, dass Dritte im Rahmen der Ausf\u00fchrung ihrer Leistungen nur einen begrenzten Zugang zu den Daten haben und vertraglich verpflichtet sind, diese in \u00dcbereinstimmung mit den Bestimmungen der geltenden Gesetzgebung zum Schutz personenbezogener Daten zu verwenden. Au\u00dferhalb der oben genannten F\u00e4lle verpflichtet sich der Anbieter, die Daten ohne vorherige Zustimmung des Kunden nicht zu verkaufen, zu vermieten, abzutreten oder Dritten Zugang zu den Daten zu gew\u00e4hren, es sei denn, er ist aufgrund eines legitimen Grundes dazu gezwungen (gesetzliche Verpflichtung, Bek\u00e4mpfung von Betrug oder Missbrauch usw.).<\/p>\n<h3>5) Verwendung von Cookie-Dateien<\/h3>\n<p>Ein Cookie ist eine kleine Datei, die von der Website auf der Festplatte des Nutzers gespeichert wird und Informationen \u00fcber die Surfgewohnheiten des Nutzers enth\u00e4lt.<\/p>\n<p>Diese Website verwendet Google Analytics, um Informationen \u00fcber die Navigation des Nutzers zu sammeln.<\/p>\n<p>Die Datenschutzrichtlinie von Google f\u00fcr den Dienst Google Analytics finden Sie unter :\u00a0<a href=\"http:\/\/www.google.com\/intl\/en\/analytics\/privacyoverview.html\">http:\/\/www.google.com\/intl\/en\/analytics\/privacyoverview.html<\/a><\/p>\n<p>Die Datenschutzbestimmungen von Google finden Sie unter :\u00a0<a href=\"http:\/\/www.google.com\/intl\/en\/privacy\/privacy-policy.html\">http:\/\/www.google.com\/intl\/en\/privacy\/privacy-policy.html<\/a><\/p>\n<p>Der Nutzer kann die Google Analytics-Cookies deaktivieren, indem er ein Plugin herunterl\u00e4dt, das unter folgender URL verf\u00fcgbar ist: <a href=\"https:\/\/tools.google.com\/dlpage\/gaoptout\">https:\/\/tools.google.com\/dlpage\/gaoptout<\/a><\/p>\n<p>Der Nutzer kann die Speicherung von Cookies durch die Konfiguration seiner Browser-Software (Internet Explorer, Mozilla Firefox, Opera, Safari usw. ...) ablehnen. Falls der Nutzer sich entscheidet, die Cookies zu deaktivieren, kann er seine Navigation auf der Website fortsetzen. Jedoch kann eine durch diese Manipulation verursachte Funktionsst\u00f6rung der Website nicht als vom Herausgeber der Website verursacht angesehen werden.<\/p>\n<h3>6) Recht der Nutzer<\/h3>\n<p>Gem\u00e4\u00df den Vorschriften \u00fcber die Verarbeitung personenbezogener Daten haben die Nutzer das Recht, auf die sie betreffenden Daten zuzugreifen, sie zu berichtigen und zu l\u00f6schen. Sie haben auch das Recht, sich den durchgef\u00fchrten Verarbeitungen zu widersetzen oder deren Einschr\u00e4nkung zu verlangen.<\/p>\n<p>Die Nutzer k\u00f6nnen ihre Zustimmung jederzeit widerrufen, indem sie auf die Abmeldelinks am Ende unserer E-Mailings klicken oder eine Anfrage an die Adresse : <a href=\"mailto:marketing@sofralab.com\">marketing@sofralab.com<\/a><\/p>\nEine Antwort wird ihnen innerhalb eines Monats nach Erhalt ihrer Anfrage zugesandt. Wenn SOFRALAB nicht antwortet, oder wenn Nutzer eine Entscheidung anfechten m\u00f6chten, oder wenn sie der Meinung sind, dass eines ihrer oben aufgef\u00fchrten Rechte verletzt wurde, haben sie das Recht, sich an die CNIL (Commission Nationale de l'Informatique et des Libert\u00e9s) oder einen zust\u00e4ndigen Richter zu wenden.<br \/>\nDiese Richtlinie zum Schutz personenbezogener Daten kann sich \u00e4ndern.\n<p>Zuletzt aktualisiert am 10\/03\/2020<\/p>","protected":false},"excerpt":{"rendered":"<p>Conform\u00e9ment \u00e0 l&rsquo;article 13 du R\u00e8glement Europ\u00e9en sur la Protection des Donn\u00e9es Personnelle n\u00b0 2016\/679\/EU du 27 avril [&hellip;]<\/p>\n","protected":false},"author":2,"featured_media":0,"parent":0,"menu_order":0,"comment_status":"closed","ping_status":"closed","template":"","meta":{"_seopress_robots_primary_cat":"","_seopress_titles_title":"","_seopress_titles_desc":"","_seopress_robots_index":"","inline_featured_image":false,"site-sidebar-layout":"no-sidebar","site-content-layout":"page-builder","ast-site-content-layout":"default","site-content-style":"default","site-sidebar-style":"default","ast-global-header-display":"","ast-banner-title-visibility":"","ast-main-header-display":"","ast-hfb-above-header-display":"","ast-hfb-below-header-display":"","ast-hfb-mobile-header-display":"","site-post-title":"disabled","ast-breadcrumbs-content":"","ast-featured-img":"disabled","footer-sml-layout":"","ast-disable-related-posts":"","theme-transparent-header-meta":"default","adv-header-id-meta":"","stick-header-meta":"default","header-above-stick-meta":null,"header-main-stick-meta":"","header-below-stick-meta":null,"astra-migrate-meta-layouts":"default","ast-page-background-enabled":"default","ast-page-background-meta":{"desktop":{"background-color":"","background-image":"","background-repeat":"repeat","background-position":"center center","background-size":"auto","background-attachment":"scroll","background-type":"","background-media":"","overlay-type":"","overlay-color":"","overlay-opacity":"","overlay-gradient":""},"tablet":{"background-color":"","background-image":"","background-repeat":"repeat","background-position":"center center","background-size":"auto","background-attachment":"scroll","background-type":"","background-media":"","overlay-type":"","overlay-color":"","overlay-opacity":"","overlay-gradient":""},"mobile":{"background-color":"","background-image":"","background-repeat":"repeat","background-position":"center center","background-size":"auto","background-attachment":"scroll","background-type":"","background-media":"","overlay-type":"","overlay-color":"","overlay-opacity":"","overlay-gradient":""}},"ast-content-background-meta":{"desktop":{"background-color":"var(--ast-global-color-5)","background-image":"","background-repeat":"repeat","background-position":"center center","background-size":"auto","background-attachment":"scroll","background-type":"","background-media":"","overlay-type":"","overlay-color":"","overlay-opacity":"","overlay-gradient":""},"tablet":{"background-color":"var(--ast-global-color-5)","background-image":"","background-repeat":"repeat","background-position":"center center","background-size":"auto","background-attachment":"scroll","background-type":"","background-media":"","overlay-type":"","overlay-color":"","overlay-opacity":"","overlay-gradient":""},"mobile":{"background-color":"var(--ast-global-color-5)","background-image":"","background-repeat":"repeat","background-position":"center center","background-size":"auto","background-attachment":"scroll","background-type":"","background-media":"","overlay-type":"","overlay-color":"","overlay-opacity":"","overlay-gradient":""}},"footnotes":""},"class_list":["post-560","page","type-page","status-publish","hentry"],"yoast_head":"<!-- This site is optimized with the Yoast SEO plugin v27.5 - https:\/\/yoast.com\/product\/yoast-seo-wordpress\/ -->\n<title>Politique de confidentialit\u00e9 - Oenoterris<\/title>\n<meta name=\"robots\" content=\"index, follow, max-snippet:-1, max-image-preview:large, max-video-preview:-1\" \/>\n<link rel=\"canonical\" href=\"https:\/\/oenoterris.com\/de\/politique-de-confidentialite\/\" \/>\n<meta property=\"og:locale\" content=\"de_DE\" \/>\n<meta property=\"og:type\" content=\"article\" \/>\n<meta property=\"og:title\" content=\"Politique de confidentialit\u00e9 - Oenoterris\" \/>\n<meta property=\"og:description\" content=\"Conform\u00e9ment \u00e0 l&rsquo;article 13 du R\u00e8glement Europ\u00e9en sur la Protection des Donn\u00e9es Personnelle n\u00b0 2016\/679\/EU du 27 avril [&hellip;]\" \/>\n<meta property=\"og:url\" content=\"https:\/\/oenoterris.com\/de\/politique-de-confidentialite\/\" \/>\n<meta property=\"og:site_name\" content=\"Oenoterris\" \/>\n<meta property=\"article:modified_time\" content=\"2022-03-30T10:03:45+00:00\" \/>\n<meta name=\"twitter:card\" content=\"summary_large_image\" \/>\n<meta name=\"twitter:label1\" content=\"Gesch\u00e4tzte Lesezeit\" \/>\n\t<meta name=\"twitter:data1\" content=\"6\u00a0Minuten\" \/>\n<script type=\"application\/ld+json\" class=\"yoast-schema-graph\">{\"@context\":\"https:\\\/\\\/schema.org\",\"@graph\":[{\"@type\":\"WebPage\",\"@id\":\"https:\\\/\\\/oenoterris.com\\\/politique-de-confidentialite\\\/\",\"url\":\"https:\\\/\\\/oenoterris.com\\\/politique-de-confidentialite\\\/\",\"name\":\"Politique de confidentialit\u00e9 - Oenoterris\",\"isPartOf\":{\"@id\":\"https:\\\/\\\/oenoterris.com\\\/#website\"},\"datePublished\":\"2021-04-28T11:38:57+00:00\",\"dateModified\":\"2022-03-30T10:03:45+00:00\",\"breadcrumb\":{\"@id\":\"https:\\\/\\\/oenoterris.com\\\/politique-de-confidentialite\\\/#breadcrumb\"},\"inLanguage\":\"de\",\"potentialAction\":[{\"@type\":\"ReadAction\",\"target\":[\"https:\\\/\\\/oenoterris.com\\\/politique-de-confidentialite\\\/\"]}]},{\"@type\":\"BreadcrumbList\",\"@id\":\"https:\\\/\\\/oenoterris.com\\\/politique-de-confidentialite\\\/#breadcrumb\",\"itemListElement\":[{\"@type\":\"ListItem\",\"position\":1,\"name\":\"Accueil\",\"item\":\"https:\\\/\\\/oenoterris.com\\\/\"},{\"@type\":\"ListItem\",\"position\":2,\"name\":\"Politique de confidentialit\u00e9\"}]},{\"@type\":\"WebSite\",\"@id\":\"https:\\\/\\\/oenoterris.com\\\/#website\",\"url\":\"https:\\\/\\\/oenoterris.com\\\/\",\"name\":\"Oenoterris\",\"description\":\"De la vigne au vin\",\"publisher\":{\"@id\":\"https:\\\/\\\/oenoterris.com\\\/#organization\"},\"potentialAction\":[{\"@type\":\"SearchAction\",\"target\":{\"@type\":\"EntryPoint\",\"urlTemplate\":\"https:\\\/\\\/oenoterris.com\\\/?s={search_term_string}\"},\"query-input\":{\"@type\":\"PropertyValueSpecification\",\"valueRequired\":true,\"valueName\":\"search_term_string\"}}],\"inLanguage\":\"de\"},{\"@type\":\"Organization\",\"@id\":\"https:\\\/\\\/oenoterris.com\\\/#organization\",\"name\":\"Oenoterris\",\"url\":\"https:\\\/\\\/oenoterris.com\\\/\",\"logo\":{\"@type\":\"ImageObject\",\"inLanguage\":\"de\",\"@id\":\"https:\\\/\\\/oenoterris.com\\\/#\\\/schema\\\/logo\\\/image\\\/\",\"url\":\"https:\\\/\\\/oenoterris.com\\\/wp-content\\\/uploads\\\/2023\\\/09\\\/oenoterris-logo.png\",\"contentUrl\":\"https:\\\/\\\/oenoterris.com\\\/wp-content\\\/uploads\\\/2023\\\/09\\\/oenoterris-logo.png\",\"width\":600,\"height\":242,\"caption\":\"Oenoterris\"},\"image\":{\"@id\":\"https:\\\/\\\/oenoterris.com\\\/#\\\/schema\\\/logo\\\/image\\\/\"}}]}<\/script>\n<!-- \/ Yoast SEO plugin. -->","yoast_head_json":{"title":"Datenschutzrichtlinie - Oenoterris","robots":{"index":"index","follow":"follow","max-snippet":"max-snippet:-1","max-image-preview":"max-image-preview:large","max-video-preview":"max-video-preview:-1"},"canonical":"https:\/\/oenoterris.com\/de\/politique-de-confidentialite\/","og_locale":"de_DE","og_type":"article","og_title":"Politique de confidentialit\u00e9 - Oenoterris","og_description":"Conform\u00e9ment \u00e0 l&rsquo;article 13 du R\u00e8glement Europ\u00e9en sur la Protection des Donn\u00e9es Personnelle n\u00b0 2016\/679\/EU du 27 avril [&hellip;]","og_url":"https:\/\/oenoterris.com\/de\/politique-de-confidentialite\/","og_site_name":"Oenoterris","article_modified_time":"2022-03-30T10:03:45+00:00","twitter_card":"summary_large_image","twitter_misc":{"Gesch\u00e4tzte Lesezeit":"6\u00a0Minuten"},"schema":{"@context":"https:\/\/schema.org","@graph":[{"@type":"WebPage","@id":"https:\/\/oenoterris.com\/politique-de-confidentialite\/","url":"https:\/\/oenoterris.com\/politique-de-confidentialite\/","name":"Datenschutzrichtlinie - Oenoterris","isPartOf":{"@id":"https:\/\/oenoterris.com\/#website"},"datePublished":"2021-04-28T11:38:57+00:00","dateModified":"2022-03-30T10:03:45+00:00","breadcrumb":{"@id":"https:\/\/oenoterris.com\/politique-de-confidentialite\/#breadcrumb"},"inLanguage":"de","potentialAction":[{"@type":"ReadAction","target":["https:\/\/oenoterris.com\/politique-de-confidentialite\/"]}]},{"@type":"BreadcrumbList","@id":"https:\/\/oenoterris.com\/politique-de-confidentialite\/#breadcrumb","itemListElement":[{"@type":"ListItem","position":1,"name":"Accueil","item":"https:\/\/oenoterris.com\/"},{"@type":"ListItem","position":2,"name":"Politique de confidentialit\u00e9"}]},{"@type":"WebSite","@id":"https:\/\/oenoterris.com\/#website","url":"https:\/\/oenoterris.com\/","name":"Oenoterris","description":"Von der Rebe bis zum Wein","publisher":{"@id":"https:\/\/oenoterris.com\/#organization"},"potentialAction":[{"@type":"SearchAction","target":{"@type":"EntryPoint","urlTemplate":"https:\/\/oenoterris.com\/?s={search_term_string}"},"query-input":{"@type":"PropertyValueSpecification","valueRequired":true,"valueName":"search_term_string"}}],"inLanguage":"de"},{"@type":"Organization","@id":"https:\/\/oenoterris.com\/#organization","name":"Oenoterris","url":"https:\/\/oenoterris.com\/","logo":{"@type":"ImageObject","inLanguage":"de","@id":"https:\/\/oenoterris.com\/#\/schema\/logo\/image\/","url":"https:\/\/oenoterris.com\/wp-content\/uploads\/2023\/09\/oenoterris-logo.png","contentUrl":"https:\/\/oenoterris.com\/wp-content\/uploads\/2023\/09\/oenoterris-logo.png","width":600,"height":242,"caption":"Oenoterris"},"image":{"@id":"https:\/\/oenoterris.com\/#\/schema\/logo\/image\/"}}]}},"_links":{"self":[{"href":"https:\/\/oenoterris.com\/de\/wp-json\/wp\/v2\/pages\/560","targetHints":{"allow":["GET"]}}],"collection":[{"href":"https:\/\/oenoterris.com\/de\/wp-json\/wp\/v2\/pages"}],"about":[{"href":"https:\/\/oenoterris.com\/de\/wp-json\/wp\/v2\/types\/page"}],"author":[{"embeddable":true,"href":"https:\/\/oenoterris.com\/de\/wp-json\/wp\/v2\/users\/2"}],"replies":[{"embeddable":true,"href":"https:\/\/oenoterris.com\/de\/wp-json\/wp\/v2\/comments?post=560"}],"version-history":[{"count":5,"href":"https:\/\/oenoterris.com\/de\/wp-json\/wp\/v2\/pages\/560\/revisions"}],"predecessor-version":[{"id":2287,"href":"https:\/\/oenoterris.com\/de\/wp-json\/wp\/v2\/pages\/560\/revisions\/2287"}],"wp:attachment":[{"href":"https:\/\/oenoterris.com\/de\/wp-json\/wp\/v2\/media?parent=560"}],"curies":[{"name":"wp","href":"https:\/\/api.w.org\/{rel}","templated":true}]}}