{"id":554,"date":"2021-04-28T13:26:27","date_gmt":"2021-04-28T11:26:27","guid":{"rendered":"https:\/\/oenoterris.com\/?page_id=554"},"modified":"2022-03-30T12:02:10","modified_gmt":"2022-03-30T10:02:10","slug":"mentions-legales","status":"publish","type":"page","link":"https:\/\/oenoterris.com\/de\/mentions-legales\/","title":{"rendered":"Impressum"},"content":{"rendered":"<h2>Rechtliche Informationen<\/h2>\n<h3>1. Vorstellung der Website.<\/h3>\n<p>Gem\u00e4\u00df Artikel 6 des Gesetzes Nr. 2004-575 vom 21. Juni 2004 \u00fcber das Vertrauen in die digitale Wirtschaft wird den Nutzern der Website Folgendes mitgeteilt <a href=\"http:\/\/www.oenoterris.fr\/\">www.oenoterris.fr<\/a> die Identit\u00e4t der verschiedenen Personen, die an seiner Durchf\u00fchrung und Nachbereitung beteiligt sind :<\/p>\n<strong>Eigent\u00fcmer<\/strong> : Sofralab - SAS (SIRET-Nummer: 57222486300041) - 79 AV A.A THEVENET 51530 MAGENTA<br \/>\n<strong>Sch\u00f6pfer<\/strong>  : <a href=\"\/de\/www.receptive.biz\/\">Agence R\u00e9ceptive\u00a0<\/a><br \/>\n<strong>Verantwortlich f\u00fcr die Ver\u00f6ffentlichung<\/strong> : CAILLIEAUDEAUX Robin - rcaillieaudeaux@sofralab.com<br \/>\nDer Verantwortliche f\u00fcr die Ver\u00f6ffentlichung ist eine nat\u00fcrliche Person oder eine juristische Person.<br \/>\n<strong>Webmaster<\/strong> : Agence R\u00e9ceptive - agence@receptive.biz<br \/>\n<strong>Hoster<\/strong> : O2switch - 222 Boulevard Gustave Flaubert, 63000 Clermont-Ferrand<br \/>\nCredits: <br \/>\nDie Vorlage f\u00fcr das Impressum wird von Subdelirium.com angeboten. <a target=\"_blank\" href=\"https:\/\/www.subdelirium.com\/generateur-de-mentions-legales\/\" alt=\"generateur de mentions l\u00e9gales\" rel=\"noopener\">Impressum-Generator<\/a>\n<h3>2. Allgemeine Bedingungen f\u00fcr die Nutzung der Website und der angebotenen Dienste.<\/h3>\n<p>Die Nutzung der Seite <a href=\"http:\/\/www.oenoterris.fr\/\">www.oenoterris.fr<\/a> bedeutet die vollst\u00e4ndige und uneingeschr\u00e4nkte Annahme der nachstehend beschriebenen allgemeinen Nutzungsbedingungen. Diese Nutzungsbedingungen k\u00f6nnen jederzeit ge\u00e4ndert oder erg\u00e4nzt werden, wobei die Nutzer der Website <a href=\"http:\/\/www.oenoterris.fr\/\">www.oenoterris.fr<\/a> sind daher aufgefordert, sie regelm\u00e4\u00dfig zu konsultieren.<\/p>\n<p>Diese Website ist normalerweise jederzeit f\u00fcr die Nutzer zug\u00e4nglich. Sofralab wird sich jedoch bem\u00fchen, die Nutzer vorab \u00fcber die Daten und Zeiten des Eingriffs zu informieren.<\/p>\n<p>Die Seite <a href=\"http:\/\/www.oenoterris.fr\/\">www.oenoterris.fr<\/a> wird regelm\u00e4\u00dfig von CAILLIEAUDEAUX Robin aktualisiert. Ebenso k\u00f6nnen die rechtlichen Hinweise jederzeit ge\u00e4ndert werden: Sie sind dennoch f\u00fcr den Nutzer verbindlich, der aufgefordert wird, so oft wie m\u00f6glich auf sie zu verweisen, um sie zur Kenntnis zu nehmen.<\/p>\n<h3>3. Beschreibung der erbrachten Dienstleistungen.<\/h3>\n<p>Die Seite <a href=\"http:\/\/www.oenoterris.fr\/\">www.oenoterris.fr<\/a> hat zum Ziel, Informationen \u00fcber alle Aktivit\u00e4ten des Unternehmens bereitzustellen.<\/p>\n<p>Sofralab bem\u00fcht sich, auf der Website Folgendes zur Verf\u00fcgung zu stellen <a href=\"http:\/\/www.oenoterris.fr\/\">www.oenoterris.fr<\/a> so genaue Informationen wie m\u00f6glich. Er kann jedoch nicht f\u00fcr Auslassungen, Ungenauigkeiten und M\u00e4ngel in der Aktualisierung haftbar gemacht werden, unabh\u00e4ngig davon, ob diese durch ihn oder durch dritte Partner, die ihm diese Informationen zur Verf\u00fcgung stellen, verursacht wurden.<\/p>\n<p>Alle auf der Seite angegebenen Informationen <a href=\"http:\/\/www.oenoterris.fr\/\">www.oenoterris.fr<\/a> sind unverbindlich und k\u00f6nnen sich \u00e4ndern. Dar\u00fcber hinaus sind die Informationen auf der Website <a href=\"http:\/\/www.oenoterris.fr\/\">www.oenoterris.fr<\/a> sind nicht ersch\u00f6pfend. Sie werden vorbehaltlich der \u00c4nderungen gegeben, die seit ihrer Online-Ver\u00f6ffentlichung vorgenommen wurden.<\/p>\n<h3>4. Vertragliche Einschr\u00e4nkungen der technischen Daten.<\/h3>\n<p>Die Website verwendet die JavaScript-Technologie.<\/p>\n<p>Die Website kann nicht f\u00fcr materielle Sch\u00e4den im Zusammenhang mit der Nutzung der Website haftbar gemacht werden. Dar\u00fcber hinaus verpflichtet sich der Nutzer der Website, auf die Website mit einer aktuellen Hardware zuzugreifen, die keine Viren enth\u00e4lt und \u00fcber einen Browser der neuesten Generation verf\u00fcgt, der auf dem neuesten Stand ist.<\/p>\n<h3>5. Geistiges Eigentum und F\u00e4lschungen.<\/h3>\n<p>Sofralab ist Eigent\u00fcmer der Rechte am geistigen Eigentum oder besitzt die Nutzungsrechte f\u00fcr alle auf der Website zug\u00e4nglichen Elemente, insbesondere Texte, Bilder, Grafiken, Logos, Icons, Sounds und Software.<\/p>\n<p>Jede Reproduktion, Darstellung, \u00c4nderung, Ver\u00f6ffentlichung und Anpassung aller oder eines Teils der Elemente der Website, unabh\u00e4ngig von den verwendeten Mitteln oder Verfahren, ist untersagt, es sei denn, es liegt eine vorherige schriftliche Genehmigung von : Sofralab.<\/p>\n<p>Jede nicht genehmigte Nutzung der Website oder eines ihrer Elemente wird als F\u00e4lschung angesehen und gem\u00e4\u00df den Bestimmungen der Artikel L.335-2 ff. des franz\u00f6sischen Gesetzbuchs \u00fcber geistiges Eigentum (Code de Propri\u00e9t\u00e9 Intellectuelle) verfolgt.<\/p>\n<h3>6. Haftungsbeschr\u00e4nkungen.<\/h3>\n<p>Sofralab kann nicht f\u00fcr direkte und indirekte Sch\u00e4den an der Hardware des Nutzers beim Zugriff auf die Website www.oenoterris.fr haftbar gemacht werden, die entweder aus der Verwendung einer Hardware resultieren, die nicht den in Punkt 4 angegebenen Spezifikationen entspricht, oder aus dem Auftreten eines Bugs oder einer Inkompatibilit\u00e4t.<\/p>\n<p>Sofralab kann auch nicht f\u00fcr indirekte Sch\u00e4den (wie z.B. Marktverlust oder Verlust einer Chance) haftbar gemacht werden, die durch die Nutzung der Website entstehen. <a href=\"http:\/\/www.oenoterris.fr\/\">www.oenoterris.fr<\/a>.<\/p>\n<p>Interaktive Bereiche (M\u00f6glichkeit, Fragen im Kontaktbereich zu stellen) stehen den Nutzern zur Verf\u00fcgung. Sofralab beh\u00e4lt sich das Recht vor, ohne vorherige Mahnung jeden in diesem Bereich abgelegten Inhalt zu l\u00f6schen, der gegen die in Frankreich geltenden Gesetze und insbesondere gegen die Bestimmungen zum Datenschutz verst\u00f6\u00dft. Gegebenenfalls beh\u00e4lt sich Sofralab auch die M\u00f6glichkeit vor, den Nutzer zivil- und\/oder strafrechtlich haftbar zu machen, insbesondere bei rassistischen, beleidigenden, diffamierenden oder pornografischen Mitteilungen, unabh\u00e4ngig von den verwendeten Medien (Text, Fotografie...).<\/p>\n<h3>7. Umgang mit pers\u00f6nlichen Daten.<\/h3>\n<p>In Frankreich sind personenbezogene Daten insbesondere durch das Gesetz Nr. 78-87 vom 6. Januar 1978, das Gesetz Nr. 2004-801 vom 6. August 2004, Artikel L. 226-13 des Strafgesetzbuches und die Europ\u00e4ische Richtlinie vom 24. Oktober 1995 gesch\u00fctzt.<\/p>\n<p>Anl\u00e4sslich der Nutzung der Website <a href=\"http:\/\/www.oenoterris.fr\/\">www.oenoterris.fr<\/a>Die URL der Links, \u00fcber die der Nutzer auf die Website gelangt ist, kann gesammelt werden. <a href=\"http:\/\/www.oenoterris.fr\/\">www.oenoterris.fr<\/a>Die Daten des Nutzers werden in einer Datenbank gespeichert, in der alle Daten des Nutzers, wie z. B. die IP-Adresse des Nutzers, der Zugangsanbieter des Nutzers und die Internetprotokoll-Adresse (IP) des Nutzers, enthalten sind.<\/p>\n<p> In jedem Fall sammelt Sofralab pers\u00f6nliche Informationen \u00fcber den Nutzer nur f\u00fcr die Zwecke bestimmter Dienstleistungen, die auf der Website angeboten werden. <a href=\"http:\/\/www.oenoterris.fr\/\">www.oenoterris.fr<\/a>. Der Nutzer stellt diese Informationen in voller Kenntnis der Sachlage zur Verf\u00fcgung, insbesondere wenn er sie selbst eingibt. Dem Nutzer der Website wird dann mitgeteilt, dass er die folgenden Angaben machen kann <a href=\"http:\/\/www.oenoterris.fr\/\">www.oenoterris.fr<\/a> die Verpflichtung oder Nichtverpflichtung zur Bereitstellung dieser Informationen.<\/p>\n<p>Gem\u00e4\u00df den Bestimmungen der Artikel 38 ff. des Gesetzes 78-17 vom 6. Januar 1978 \u00fcber Informatik, Dateien und Freiheiten hat jeder Nutzer ein Recht auf Zugang, Berichtigung und Widerspruch zu den ihn betreffenden pers\u00f6nlichen Daten. Dazu muss er einen schriftlichen und unterschriebenen Antrag stellen, dem eine Kopie des Personalausweises mit Unterschrift des Inhabers des Dokuments beiliegt, und die Adresse angeben, an die die Antwort gesendet werden soll.<\/p>\n<p>Keine pers\u00f6nlichen Informationen des Nutzers der Seite <a href=\"http:\/\/www.oenoterris.fr\/\">www.oenoterris.fr<\/a> wird ohne Wissen des Nutzers ver\u00f6ffentlicht, ausgetauscht, \u00fcbertragen, abgetreten oder auf einem beliebigen Datentr\u00e4ger an Dritte verkauft. Nur wenn Sofralab und seine Rechte \u00fcbernommen werden, k\u00f6nnen diese Informationen an einen eventuellen Erwerber weitergegeben werden, der seinerseits die gleiche Verpflichtung zur Aufbewahrung und \u00c4nderung der Daten gegen\u00fcber dem Nutzer der Website hat. <a href=\"http:\/\/www.oenoterris.fr\/\">www.oenoterris.fr<\/a>.<\/p>\n<p>Die Datenbanken sind durch die Bestimmungen des Gesetzes vom 1. Juli 1998 zur Umsetzung der Richtlinie 96\/9 vom 11. M\u00e4rz 1996 \u00fcber den rechtlichen Schutz von Datenbanken gesch\u00fctzt.<\/p>\n<h3>8. Hyperlinks und Cookies.<\/h3>\n<p>Die Seite <a href=\"http:\/\/www.oenoterris.fr\/\">www.oenoterris.fr<\/a> enth\u00e4lt eine Reihe von Hypertext-Links zu anderen Websites, die mit der Genehmigung von Sofralab eingerichtet wurden. Sofralab hat jedoch nicht die M\u00f6glichkeit, den Inhalt der so besuchten Seiten zu \u00fcberpr\u00fcfen und \u00fcbernimmt dementsprechend keine Verantwortung daf\u00fcr.<\/p>\n<p>Die Navigation auf der Seite <a href=\"http:\/\/www.oenoterris.fr\/\">www.oenoterris.fr<\/a> kann dazu f\u00fchren, dass auf dem Computer des Nutzers ein Cookie(s) installiert wird. Ein Cookie ist eine kleine Datei, die keine Identifizierung des Nutzers erm\u00f6glicht, aber Informationen \u00fcber die Navigation eines Computers auf einer Website speichert. Die so erhaltenen Daten sollen die sp\u00e4tere Navigation auf der Website erleichtern und dienen auch dazu, verschiedene Messungen der Besucherzahlen zu erm\u00f6glichen.<\/p>\n<p>Die Verweigerung der Installation eines Cookies kann dazu f\u00fchren, dass der Zugang zu bestimmten Diensten nicht m\u00f6glich ist. Der Nutzer kann seinen Computer jedoch wie folgt konfigurieren, um die Installation von Cookies abzulehnen:<\/p>\n<p>Im Internet Explorer: Registerkarte Werkzeuge (Zahnrad-Piktogramm oben rechts) \/ Internetoptionen. Klicken Sie auf Datenschutz und w\u00e4hlen Sie Alle Cookies blockieren. Best\u00e4tigen Sie mit Ok.<\/p>\nUnter Firefox: Klicken Sie oben im Browserfenster auf die Firefox-Schaltfl\u00e4che und gehen Sie dann auf die Registerkarte Optionen. Klicken Sie auf die Registerkarte Datenschutz.\n  Stellen Sie die Aufbewahrungsregeln auf: Benutzerdefinierte Einstellungen f\u00fcr den Verlauf verwenden. Entfernen Sie schlie\u00dflich das H\u00e4kchen, um Cookies zu deaktivieren.\n<p>Unter Safari: Klicken Sie oben rechts im Browser auf das Men\u00fc-Piktogramm (symbolisiert durch ein Zahnrad). W\u00e4hlen Sie Einstellungen aus. Klicken Sie auf Erweiterte Einstellungen anzeigen. Klicken Sie im Abschnitt \"Datenschutz\" auf Inhaltseinstellungen. Im Abschnitt \"Cookies\" k\u00f6nnen Sie Cookies blockieren.<\/p>\n<p>Unter Chrome: Klicken Sie oben rechts im Browser auf das Men\u00fc-Piktogramm (symbolisiert durch drei horizontale Linien). W\u00e4hlen Sie Einstellungen aus. Klicken Sie auf Erweiterte Einstellungen anzeigen. Klicken Sie im Abschnitt \"Datenschutz\" auf Einstellungen.  Auf der Registerkarte \"Datenschutz\" k\u00f6nnen Sie Cookies blockieren.<\/p>\n<h3>9. Anwendbares Recht und Gerichtsbarkeit.<\/h3>\n<p>Alle Streitigkeiten im Zusammenhang mit der Nutzung der Website <a href=\"http:\/\/www.oenoterris.fr\/\">www.oenoterris.fr<\/a> unterliegt dem franz\u00f6sischen Recht. Die ausschlie\u00dfliche Zust\u00e4ndigkeit liegt bei den zust\u00e4ndigen Gerichten in Paris.<\/p>\n<h3>10. Die wichtigsten betroffenen Gesetze.<\/h3>\n<p>Gesetz Nr. 78-17 vom 6. Januar 1978, insbesondere ge\u00e4ndert durch das Gesetz Nr. 2004-801 vom 6. August 2004 \u00fcber Informatik, Dateien und Freiheitsrechte.<\/p>\n<p> Gesetz Nr. 2004-575 vom 21. Juni 2004 f\u00fcr das Vertrauen in die digitale Wirtschaft.<\/p>\n<h3>11. Lexikon.<\/h3>\n<p>Nutzer: Internetnutzer, der sich einloggt und die oben genannte Website nutzt.<\/p>\n<p>Pers\u00f6nliche Informationen: \"Informationen, die in jeglicher Form, direkt oder indirekt, die Identifizierung der nat\u00fcrlichen Personen erm\u00f6glichen, auf die sie sich beziehen\" (Artikel 4 des Gesetzes Nr. 78-17 vom 6. Januar 1978).<\/p>","protected":false},"excerpt":{"rendered":"<p>Informations l\u00e9gales 1. Pr\u00e9sentation du site. En vertu de l&rsquo;article 6 de la loi n\u00b0 2004-575 du 21 [&hellip;]<\/p>\n","protected":false},"author":2,"featured_media":0,"parent":0,"menu_order":0,"comment_status":"closed","ping_status":"closed","template":"","meta":{"_seopress_robots_primary_cat":"","_seopress_titles_title":"","_seopress_titles_desc":"","_seopress_robots_index":"","inline_featured_image":false,"site-sidebar-layout":"no-sidebar","site-content-layout":"page-builder","ast-site-content-layout":"default","site-content-style":"default","site-sidebar-style":"default","ast-global-header-display":"","ast-banner-title-visibility":"","ast-main-header-display":"","ast-hfb-above-header-display":"","ast-hfb-below-header-display":"","ast-hfb-mobile-header-display":"","site-post-title":"disabled","ast-breadcrumbs-content":"","ast-featured-img":"disabled","footer-sml-layout":"","ast-disable-related-posts":"","theme-transparent-header-meta":"default","adv-header-id-meta":"","stick-header-meta":"default","header-above-stick-meta":"","header-main-stick-meta":"","header-below-stick-meta":"","astra-migrate-meta-layouts":"default","ast-page-background-enabled":"default","ast-page-background-meta":{"desktop":{"background-color":"","background-image":"","background-repeat":"repeat","background-position":"center center","background-size":"auto","background-attachment":"scroll","background-type":"","background-media":"","overlay-type":"","overlay-color":"","overlay-opacity":"","overlay-gradient":""},"tablet":{"background-color":"","background-image":"","background-repeat":"repeat","background-position":"center center","background-size":"auto","background-attachment":"scroll","background-type":"","background-media":"","overlay-type":"","overlay-color":"","overlay-opacity":"","overlay-gradient":""},"mobile":{"background-color":"","background-image":"","background-repeat":"repeat","background-position":"center center","background-size":"auto","background-attachment":"scroll","background-type":"","background-media":"","overlay-type":"","overlay-color":"","overlay-opacity":"","overlay-gradient":""}},"ast-content-background-meta":{"desktop":{"background-color":"var(--ast-global-color-5)","background-image":"","background-repeat":"repeat","background-position":"center center","background-size":"auto","background-attachment":"scroll","background-type":"","background-media":"","overlay-type":"","overlay-color":"","overlay-opacity":"","overlay-gradient":""},"tablet":{"background-color":"var(--ast-global-color-5)","background-image":"","background-repeat":"repeat","background-position":"center center","background-size":"auto","background-attachment":"scroll","background-type":"","background-media":"","overlay-type":"","overlay-color":"","overlay-opacity":"","overlay-gradient":""},"mobile":{"background-color":"var(--ast-global-color-5)","background-image":"","background-repeat":"repeat","background-position":"center center","background-size":"auto","background-attachment":"scroll","background-type":"","background-media":"","overlay-type":"","overlay-color":"","overlay-opacity":"","overlay-gradient":""}},"footnotes":""},"class_list":["post-554","page","type-page","status-publish","hentry"],"yoast_head":"<!-- This site is optimized with the Yoast SEO plugin v27.5 - https:\/\/yoast.com\/product\/yoast-seo-wordpress\/ -->\n<title>Mentions l\u00e9gales - Oenoterris<\/title>\n<meta name=\"robots\" content=\"index, follow, max-snippet:-1, max-image-preview:large, max-video-preview:-1\" \/>\n<link rel=\"canonical\" href=\"https:\/\/oenoterris.com\/de\/mentions-legales\/\" \/>\n<meta property=\"og:locale\" content=\"de_DE\" \/>\n<meta property=\"og:type\" content=\"article\" \/>\n<meta property=\"og:title\" content=\"Mentions l\u00e9gales - Oenoterris\" \/>\n<meta property=\"og:description\" content=\"Informations l\u00e9gales 1. Pr\u00e9sentation du site. En vertu de l&rsquo;article 6 de la loi n\u00b0 2004-575 du 21 [&hellip;]\" \/>\n<meta property=\"og:url\" content=\"https:\/\/oenoterris.com\/de\/mentions-legales\/\" \/>\n<meta property=\"og:site_name\" content=\"Oenoterris\" \/>\n<meta property=\"article:modified_time\" content=\"2022-03-30T10:02:10+00:00\" \/>\n<meta name=\"twitter:card\" content=\"summary_large_image\" \/>\n<meta name=\"twitter:label1\" content=\"Gesch\u00e4tzte Lesezeit\" \/>\n\t<meta name=\"twitter:data1\" content=\"8\u00a0Minuten\" \/>\n<script type=\"application\/ld+json\" class=\"yoast-schema-graph\">{\"@context\":\"https:\\\/\\\/schema.org\",\"@graph\":[{\"@type\":\"WebPage\",\"@id\":\"https:\\\/\\\/oenoterris.com\\\/mentions-legales\\\/\",\"url\":\"https:\\\/\\\/oenoterris.com\\\/mentions-legales\\\/\",\"name\":\"Mentions l\u00e9gales - Oenoterris\",\"isPartOf\":{\"@id\":\"https:\\\/\\\/oenoterris.com\\\/#website\"},\"datePublished\":\"2021-04-28T11:26:27+00:00\",\"dateModified\":\"2022-03-30T10:02:10+00:00\",\"breadcrumb\":{\"@id\":\"https:\\\/\\\/oenoterris.com\\\/mentions-legales\\\/#breadcrumb\"},\"inLanguage\":\"de\",\"potentialAction\":[{\"@type\":\"ReadAction\",\"target\":[\"https:\\\/\\\/oenoterris.com\\\/mentions-legales\\\/\"]}]},{\"@type\":\"BreadcrumbList\",\"@id\":\"https:\\\/\\\/oenoterris.com\\\/mentions-legales\\\/#breadcrumb\",\"itemListElement\":[{\"@type\":\"ListItem\",\"position\":1,\"name\":\"Accueil\",\"item\":\"https:\\\/\\\/oenoterris.com\\\/\"},{\"@type\":\"ListItem\",\"position\":2,\"name\":\"Mentions l\u00e9gales\"}]},{\"@type\":\"WebSite\",\"@id\":\"https:\\\/\\\/oenoterris.com\\\/#website\",\"url\":\"https:\\\/\\\/oenoterris.com\\\/\",\"name\":\"Oenoterris\",\"description\":\"De la vigne au vin\",\"publisher\":{\"@id\":\"https:\\\/\\\/oenoterris.com\\\/#organization\"},\"potentialAction\":[{\"@type\":\"SearchAction\",\"target\":{\"@type\":\"EntryPoint\",\"urlTemplate\":\"https:\\\/\\\/oenoterris.com\\\/?s={search_term_string}\"},\"query-input\":{\"@type\":\"PropertyValueSpecification\",\"valueRequired\":true,\"valueName\":\"search_term_string\"}}],\"inLanguage\":\"de\"},{\"@type\":\"Organization\",\"@id\":\"https:\\\/\\\/oenoterris.com\\\/#organization\",\"name\":\"Oenoterris\",\"url\":\"https:\\\/\\\/oenoterris.com\\\/\",\"logo\":{\"@type\":\"ImageObject\",\"inLanguage\":\"de\",\"@id\":\"https:\\\/\\\/oenoterris.com\\\/#\\\/schema\\\/logo\\\/image\\\/\",\"url\":\"https:\\\/\\\/oenoterris.com\\\/wp-content\\\/uploads\\\/2023\\\/09\\\/oenoterris-logo.png\",\"contentUrl\":\"https:\\\/\\\/oenoterris.com\\\/wp-content\\\/uploads\\\/2023\\\/09\\\/oenoterris-logo.png\",\"width\":600,\"height\":242,\"caption\":\"Oenoterris\"},\"image\":{\"@id\":\"https:\\\/\\\/oenoterris.com\\\/#\\\/schema\\\/logo\\\/image\\\/\"}}]}<\/script>\n<!-- \/ Yoast SEO plugin. -->","yoast_head_json":{"title":"Rechtliche Hinweise - Oenoterris","robots":{"index":"index","follow":"follow","max-snippet":"max-snippet:-1","max-image-preview":"max-image-preview:large","max-video-preview":"max-video-preview:-1"},"canonical":"https:\/\/oenoterris.com\/de\/mentions-legales\/","og_locale":"de_DE","og_type":"article","og_title":"Mentions l\u00e9gales - Oenoterris","og_description":"Informations l\u00e9gales 1. Pr\u00e9sentation du site. En vertu de l&rsquo;article 6 de la loi n\u00b0 2004-575 du 21 [&hellip;]","og_url":"https:\/\/oenoterris.com\/de\/mentions-legales\/","og_site_name":"Oenoterris","article_modified_time":"2022-03-30T10:02:10+00:00","twitter_card":"summary_large_image","twitter_misc":{"Gesch\u00e4tzte Lesezeit":"8\u00a0Minuten"},"schema":{"@context":"https:\/\/schema.org","@graph":[{"@type":"WebPage","@id":"https:\/\/oenoterris.com\/mentions-legales\/","url":"https:\/\/oenoterris.com\/mentions-legales\/","name":"Rechtliche Hinweise - Oenoterris","isPartOf":{"@id":"https:\/\/oenoterris.com\/#website"},"datePublished":"2021-04-28T11:26:27+00:00","dateModified":"2022-03-30T10:02:10+00:00","breadcrumb":{"@id":"https:\/\/oenoterris.com\/mentions-legales\/#breadcrumb"},"inLanguage":"de","potentialAction":[{"@type":"ReadAction","target":["https:\/\/oenoterris.com\/mentions-legales\/"]}]},{"@type":"BreadcrumbList","@id":"https:\/\/oenoterris.com\/mentions-legales\/#breadcrumb","itemListElement":[{"@type":"ListItem","position":1,"name":"Accueil","item":"https:\/\/oenoterris.com\/"},{"@type":"ListItem","position":2,"name":"Mentions l\u00e9gales"}]},{"@type":"WebSite","@id":"https:\/\/oenoterris.com\/#website","url":"https:\/\/oenoterris.com\/","name":"Oenoterris","description":"Von der Rebe bis zum Wein","publisher":{"@id":"https:\/\/oenoterris.com\/#organization"},"potentialAction":[{"@type":"SearchAction","target":{"@type":"EntryPoint","urlTemplate":"https:\/\/oenoterris.com\/?s={search_term_string}"},"query-input":{"@type":"PropertyValueSpecification","valueRequired":true,"valueName":"search_term_string"}}],"inLanguage":"de"},{"@type":"Organization","@id":"https:\/\/oenoterris.com\/#organization","name":"Oenoterris","url":"https:\/\/oenoterris.com\/","logo":{"@type":"ImageObject","inLanguage":"de","@id":"https:\/\/oenoterris.com\/#\/schema\/logo\/image\/","url":"https:\/\/oenoterris.com\/wp-content\/uploads\/2023\/09\/oenoterris-logo.png","contentUrl":"https:\/\/oenoterris.com\/wp-content\/uploads\/2023\/09\/oenoterris-logo.png","width":600,"height":242,"caption":"Oenoterris"},"image":{"@id":"https:\/\/oenoterris.com\/#\/schema\/logo\/image\/"}}]}},"_links":{"self":[{"href":"https:\/\/oenoterris.com\/de\/wp-json\/wp\/v2\/pages\/554","targetHints":{"allow":["GET"]}}],"collection":[{"href":"https:\/\/oenoterris.com\/de\/wp-json\/wp\/v2\/pages"}],"about":[{"href":"https:\/\/oenoterris.com\/de\/wp-json\/wp\/v2\/types\/page"}],"author":[{"embeddable":true,"href":"https:\/\/oenoterris.com\/de\/wp-json\/wp\/v2\/users\/2"}],"replies":[{"embeddable":true,"href":"https:\/\/oenoterris.com\/de\/wp-json\/wp\/v2\/comments?post=554"}],"version-history":[{"count":5,"href":"https:\/\/oenoterris.com\/de\/wp-json\/wp\/v2\/pages\/554\/revisions"}],"predecessor-version":[{"id":2286,"href":"https:\/\/oenoterris.com\/de\/wp-json\/wp\/v2\/pages\/554\/revisions\/2286"}],"wp:attachment":[{"href":"https:\/\/oenoterris.com\/de\/wp-json\/wp\/v2\/media?parent=554"}],"curies":[{"name":"wp","href":"https:\/\/api.w.org\/{rel}","templated":true}]}}