{"id":277,"date":"2021-04-15T15:21:45","date_gmt":"2021-04-15T13:21:45","guid":{"rendered":"https:\/\/oenoterris.com\/?page_id=277"},"modified":"2023-12-14T11:33:25","modified_gmt":"2023-12-14T10:33:25","slug":"pourquoi-oenoterris","status":"publish","type":"page","link":"https:\/\/oenoterris.com\/de\/pourquoi-oenoterris\/","title":{"rendered":"Warum Oenoterris ?"},"content":{"rendered":"<h2>Unsere Umwelt<\/h2>\t\t\t\n\t\t\t\t<p>Der Klimawandel wird nun schon seit mehreren Jahrzehnten untersucht und die Schlussfolgerung aus den gemachten Beobachtungen ist eindeutig: <strong>sich in unseren Weinbergen tiefgreifende Ver\u00e4nderungen vollziehen<\/strong>. Diese Umweltbelastungen sowie die gesellschaftliche Entwicklung der Verbrauchererwartungen erfordern von Winzern, Weinbauern und \u00d6nologen eine multidisziplin\u00e4re Anpassung, um immer komplexere Antworten zu finden.<\/p>\n\t<p><strong>Die Verringerung der Wasserbilanz<\/strong> um nahezu 200\u00a0mm in 60\u00a0Jahren (Daten: Saint-Emilion, nebenstehend) veranschaulicht <strong>die Zunahme der Trockenheit<\/strong> .<\/p>\n\t\t\t\t<img loading=\"lazy\" decoding=\"async\" src=\"https:\/\/oenoterris.com\/wp-content\/uploads\/2022\/04\/Bilan-hydrique-DE.png\" alt=\"Abbildung1-po\" itemprop=\"image\" height=\"606\" width=\"979\" title=\"Abbildung1-po\" onerror=\"this.style.display='none'\"  \/>\n\t<p>Entwicklung der klimatischen Wasserbilanz von 1952 bis 2012 durch Modellierung der klimatischen Wasserbilanz, die zwischen dem 1. April und dem 30. September f\u00fcr die Region Saint-Emilion berechnet wurde. Wasserbilanz berechnet nach Lebon et al., 2003; Parametrisierung: RU = 0 mm und keine Stomaregulierung).<\/p>\n\t<p>Aufgrund der <strong>steigenden Temperaturen<\/strong>entwickelt sich die Rebe immer <strong>fr\u00fcher<\/strong> und folglich wird immer <strong>fr\u00fcher gelesen<\/strong>.<\/p>\n\t\t\t\t<img loading=\"lazy\" decoding=\"async\" src=\"https:\/\/oenoterris.com\/wp-content\/uploads\/2021\/04\/figure2-po.jpg\" alt=\"abbildung2-po\" itemprop=\"image\" height=\"606\" width=\"979\" title=\"abbildung2-po\" onerror=\"this.style.display='none'\"  \/>\n\t<p>Entwicklung der Lesetermine in Ch\u00e2teauneuf du Pape zwischen 1945 und 2013. Quelle: Franz\u00f6sische Stelle zur Beobachtung der Auswirkungen des Klimawandels (ONERC) 2014.<\/p>\n\t<p>Die <strong>Vervielfachung der Zahl der klimabedingten Unf\u00e4lle<\/strong> (starke Regenf\u00e4lle im Fr\u00fchjahr, gro\u00dfe Hitze und Trockenstress im Sommer) <strong>hat Auswirkungen auf die physikalische und chemische Zusammensetzung der Traube<\/strong> (Gehalt an Polyphenolen und Aromavorstufen, heterogene Reife, Bittert\u00f6ne oder unausgewogene Struktur), die <strong>sich in den Weinen wiederfindet<\/strong> (H\u00e4rte, Bitterkeit, Instabilit\u00e4t der Farbe oder Maskierung der aromatischen Intensit\u00e4t).<\/p>\n\t\t\t\t<img loading=\"lazy\" decoding=\"async\" src=\"https:\/\/oenoterris.com\/wp-content\/uploads\/2023\/12\/figure3-po.jpg\" alt=\"abbildung3-po\" itemprop=\"image\" height=\"682\" width=\"979\" title=\"abbildung3-po\" onerror=\"this.style.display='none'\"  \/>\n\t\t\t\t<img loading=\"lazy\" decoding=\"async\" src=\"https:\/\/oenoterris.com\/wp-content\/uploads\/2022\/04\/Desequilibre-degre-acidite-DE.png\" alt=\"abbildung4-po\" itemprop=\"image\" height=\"682\" width=\"979\" title=\"abbildung4-po\" onerror=\"this.style.display='none'\"  \/>\n\t<p>Entwicklung des voraussichtlichen Alkoholgehalts, des S\u00e4uregehalts und des pH-Werts von Traubenmost in den Weinbergen des Languedoc zwischen 1984 und 2013.<\/p>\n\t<p>Die vinifizierten Weine werden <strong>immer unausgewogener<\/strong>. Es ist n\u00e4mlich eine <strong>Erh\u00f6hung des Alkoholpotenzials<\/strong> Potenzials und des pH-Werts begleitet von einer <strong>Verringerung des S\u00e4uregehalts<\/strong> zu beobachten (Daten: Languedoc, nebenstehend).<\/p>\n\t\t\t<h2>Die Ergebnisse von 5 Jahren Forschung<\/h2>\t\t\t\n\t\t\t\t<p>Einer der ersten Hebel, um auf die Erwartungen der \u00d6nologie oder der M\u00e4rkte zu reagieren, befindet sich im Weinberg. Diese Feststellung f\u00fchrte ab 2014 zu einer Studie und im Laufe der <strong>f\u00fcnf nachfolgenden Jahrg\u00e4ngen<\/strong> folgende. Die Bewertung verschiedener Protokolle im Weinberg und im Keller, die auf einer aminos\u00e4urereichen organischen Ern\u00e4hrung basieren, hat somit zu signifikanten Ergebnissen auf analytischer und sensorischer Ebene gef\u00fchrt.<\/p>\n\t<a href=\"https:\/\/oenoterris.com\/de\/die-programme\/\" target=\"_self\" role=\"button\" aria-label=\"Unsere Programme entdecken\" rel=\"noopener\">\n\t\t\t\t\t\tUnsere Programme entdecken\n\t\t\t\t\t<\/a>\n\t\t\t\t<img decoding=\"async\" src=\"https:\/\/oenoterris.com\/wp-content\/uploads\/2022\/02\/levier_vigne-3.png\" alt=\"ansatzpunkt-rebe\" title=\"ansatzpunkt-rebe\" itemprop=\"image\"\/>\n\t\t<h3>Die L\u00f6sung im Weinberg<\/h3>\t\t\t\n\t\t\t\t<p>Eine der ersten agrar\u00f6kologischen Ma\u00dfnahmen ist die Ern\u00e4hrung der Reben. Sie beeinflusst die Auswirkungen von Anbau und Klima und ist neben dem Wasserhaushalt eines der wichtigen und entscheidenden Themen f\u00fcr das Gleichgewicht von Ertrag, Beerenbildung, Mostzusammensetzung und schlie\u00dflich f\u00fcr die Qualit\u00e4t und das gew\u00fcnschte Profil des Weins.<\/p>\n\t\t\t<h3>Pr\u00e4zisionsprogramme<\/h3>\t\t\t\n\t\t\t\t<p>Auf einer Syrah-Parzelle in der Einzellage Crest Petit (66) mit Boden- und Klimaverh\u00e4ltnissen, denen gegen\u00fcber diese Rebsorte empfindlich ist, wurde ein agronomisches Pr\u00e4zisionsprogramm entwickelt und umgesetzt. Die Parzelle wurde in zwei Bereiche unterteilt: Vergleich und Programm zur N\u00e4hrstoffversorgung und Stimulation (PNS).<\/p>\n\t\t\t\t<img loading=\"lazy\" decoding=\"async\" src=\"https:\/\/oenoterris.com\/wp-content\/uploads\/2021\/04\/crest-oenoterris.jpg\" alt=\"crest-oenoterris\" itemprop=\"image\" height=\"682\" width=\"979\" title=\"crest-oenoterris\" onerror=\"this.style.display='none'\"  \/>\n\t<p>Syrah-Parzelle Crest Petit - Nord-\/S\u00fcdhanglage - Kalkhaltiger Garrigue-Rodeboden mit anstehendem Substrat von geringer Fruchtbarkeit, ein gebrochener Kalksteinboden mit sehr geringem Feinerdeanteil, mit hohem ph-Wert (8,2) und dem Risiko einer Eisenchlorose.<\/p>\n\t\t\t\t<a href=\"https:\/\/oenoterris.com\/wp-content\/uploads\/2022\/04\/Rendement-DE.png\" target=\"_self\" itemprop=\"url\" rel=\"noopener\">\n\t\t\t\t<img loading=\"lazy\" decoding=\"async\" src=\"https:\/\/oenoterris.com\/wp-content\/uploads\/2022\/04\/Rendement-DE.png\" alt=\"ertrag-oenoterris\" itemprop=\"image\" height=\"682\" width=\"979\" title=\"ertrag-oenoterris\" onerror=\"this.style.display='none'\"  \/>\n\t\t\t\t<\/a>\n\t<p>Entwicklung des Ertrags in kg\/ha auf den Syrah-Parzellen Crest Petit Vergleich und PNS von 2011 bis 2019 (Jahrgang 2019, PNS-Zone: + 35 %; Schnitt 2011-2019, PNS-Zone: + 22 %).<\/p>\n\t\t\t<h3>Die \u00dcberwachung von agronomischen Indikatoren<\/h3>\t\t\t\n\t\t\t\t<p>Seit 2011 werden bei der Traubenernte agronomische Produktionsmessungen durchgef\u00fchrt. Diese Messungen sind agronomische Indikatoren hinsichtlich des Ertrags der beiden Teile der Parzelle: Kontrolle und Ern\u00e4hrungs- und Stimulationsprogramm (PNS). F\u00fcr den Jahrgang 2019 ist eine durchschnittliche Ertragssteigerung von 35% zu beobachten. Diese Steigerung betr\u00e4gt 22% \u00fcber die gesamte Studie.<\/p>\n\t\t\t<h4>Unsere Expertise f\u00fcr Sie<\/h4>\t\t\t\n\t\t\t\t<p>Sie interessieren sich f\u00fcr unsere Programme zur nachhaltigen \u00d6nologie und m\u00f6chten wissen, ob Ihre Parzellen daf\u00fcr in Frage kommen? Kontaktieren Sie uns und profitieren Sie von der Expertise unserer \u00d6nologen.<\/p>\n\t<a href=\"https:\/\/oenoterris.com\/de\/kontakt\/\" target=\"_self\" role=\"button\" aria-label=\"Kontaktieren Sie uns\" rel=\"noopener\">\n\t\t\t\t\t\tKontaktieren Sie uns\n\t\t\t\t\t<\/a>\n\t\t\t\t<img decoding=\"async\" src=\"https:\/\/oenoterris.com\/wp-content\/uploads\/2022\/02\/levier_cave-3.png\" alt=\"ansatzpunkt-keller\" title=\"ansatzpunkt-keller\" itemprop=\"image\"\/>\n\t\t<h3>Die L\u00f6sung im Keller<\/h3>\t\t\t\n\t\t\t\t<p>Um die Auswirkungen der Weinbauprotokolle auf das Mostgleichgewicht und die organoleptischen Eigenschaften der Weine zu messen, wurden zwei Weinbereitungsprotokolle verglichen: eines mit klassischer Ern\u00e4hrung (klassische Weinbereitung) und einem neutralen Hefestamm, das andere mit komplexer Ern\u00e4hrung (organische Weinbereitung) und einem Hefestamm, der als Aromaentwickler bezeichnet wird. Die Weinbereitung wurde in der Versuchskellerei des \u00f6nologischen Campus der Sofralab-Gruppe in Montagnac (34) durchgef\u00fchrt.<\/p>\n\t\t\t\t<img loading=\"lazy\" decoding=\"async\" src=\"https:\/\/oenoterris.com\/wp-content\/uploads\/2021\/04\/campus-montagnac.svg\" alt=\"campus-montagnac\" itemprop=\"image\" height=\"0\" width=\"0\" title=\"campus-montagnac\" onerror=\"this.style.display='none'\"  \/>\n\t<p>Die Ergebnisse der Mostanalysen aus den Kontroll- und PNS-Parzellen zeigten, dass es keine signifikanten Unterschiede bei den untersuchten chemischen Parametern (fl\u00fcchtige S\u00e4ure, Alkoholgehalt, Gesamts\u00e4ure, pH-Wert) gibt, was best\u00e4tigt, dass die \u00f6nologischen Qualit\u00e4ten des Mostes trotz der Ertragssteigerung erhalten bleiben.<\/p>\n\t\t\t<h3>Analyse-Ergebnisse<\/h3>\t\t\t\n\t\t\t\t<p>Die Zusammensetzung der fl\u00fcchtigen Verbindungen vom Typ Thiol und Ester wurde ebenfalls bei den Weinen nach der Abf\u00fcllung analysiert. Die beiden Weine, die aus dem Most der PNS-Parzelle stammen (klassische Vinifizierung und organische Vinifizierung), weisen im Durchschnitt h\u00f6here Konzentrationen an fl\u00fcchtigen Verbindungen vom Typ Thiol auf als der Wein aus der Kontrollparzelle. Dieser Anstieg ist umso ausgepr\u00e4gter zwischen der Kontrolle und dem Wein, der mit dem Hefestamm, der die Aromen enth\u00fcllt, vinifiziert wurde.<\/p>\n\t\t\t\t<img loading=\"lazy\" decoding=\"async\" src=\"https:\/\/oenoterris.com\/wp-content\/uploads\/2022\/04\/Thiols-vins-DE.png\" alt=\"graph1\" itemprop=\"image\" height=\"682\" width=\"979\" title=\"graph1\" onerror=\"this.style.display='none'\"  \/>\n\t<p>Durchschnittliche Konzentrationen an fl\u00fcchtigen Verbindungen vom Typ Thiole (ng\/L) bei Weinen nach der Abf\u00fcllung, festgestellt in den Jahrg\u00e4ngen 2015 bis 2018.<\/p>\n\t\t\t\t<a href=\"https:\/\/oenoterris.com\/wp-content\/uploads\/2022\/04\/Radar-degust-DE.png\" target=\"_self\" itemprop=\"url\" rel=\"noopener\">\n\t\t\t\t<img loading=\"lazy\" decoding=\"async\" src=\"https:\/\/oenoterris.com\/wp-content\/uploads\/2022\/04\/Radar-degust-DE.png\" alt=\"graph2\" itemprop=\"image\" height=\"682\" width=\"979\" title=\"graph2\" onerror=\"this.style.display='none'\"  \/>\n\t\t\t\t<\/a>\n\t<p>Spinnendiagramm der Durchschnittswerte der Jahrg\u00e4nge 2015 bis 2018 bei der Verkostung der 3 Modalit\u00e4ten: Vergleich Klassische Vinifikation, PNS + Klassische Vinifikation und PNS + Organische Vinifikation.<\/p>\n\t\t\t<h3>Sensorische Analyse<\/h3>\t\t\t\n\t\t\t\t<p>Die Verkostungsergebnisse zeigen, dass die Weine aus den PNS-Parzellen bei den Verkostungen mehr gesch\u00e4tzt werden (h\u00f6here Gesamtnoten). Sie werden als fruchtiger, intensiver und mit einem Thiol-Profil vom Zitrusfr\u00fcchte-Typ bewertet. Es ist ein Synergie-Effekt des Programms zur organischen N\u00e4hrstoffversorgung und Stimulation im Weinberg mit der organischen N\u00e4hrstoffversorgung im Keller festzustellen.<\/p>\n\t\t\t<h4>Die Geburtsstunde der Oenoterris-Programme<\/h4>\t\t\t\n\t\t\t\t<p>Nach f\u00fcnf Jahrg\u00e4ngen belegen die Ergebnisse eine Synergie zwischen einem Ern\u00e4hrungs-\/Stimulationsprogramm im Weinberg und einem organischen Programm bei der Weinbereitung. Trotz der Jahrgangseffekte bei den Most- und Weinanalysen zeigen die organoleptischen Ergebnisse signifikante Unterschiede zwischen den verschiedenen Modalit\u00e4ten, und dies wiederholt im Laufe der f\u00fcnf untersuchten Jahrg\u00e4nge. Die gleichen Tendenzen wurden auch auf anderen Versuchsparzellen (verschiedene Rebsorten) beobachtet, sowohl bei den agronomischen als auch bei den \u00f6nologischen Ergebnissen zu den fl\u00fcchtigen und organoleptischen Verbindungen.<br \/><strong>Diese \u00fcber mehrere Jahre durchgef\u00fchrten Versuche erm\u00f6glichten die Entstehung der durchdachten Oenoterris-Programme.<\/strong><\/p>","protected":false},"excerpt":{"rendered":"<p>Notre environnement Les changements climatiques sont \u00e9tudi\u00e9s depuis maintenant plusieurs dizaines d&rsquo;ann\u00e9es et la conclusion des observations faites [&hellip;]<\/p>\n","protected":false},"author":2,"featured_media":0,"parent":0,"menu_order":0,"comment_status":"closed","ping_status":"closed","template":"","meta":{"_seopress_robots_primary_cat":"","_seopress_titles_title":"","_seopress_titles_desc":"","_seopress_robots_index":"","inline_featured_image":false,"site-sidebar-layout":"no-sidebar","site-content-layout":"page-builder","ast-site-content-layout":"default","site-content-style":"default","site-sidebar-style":"default","ast-global-header-display":"","ast-banner-title-visibility":"","ast-main-header-display":"","ast-hfb-above-header-display":"","ast-hfb-below-header-display":"","ast-hfb-mobile-header-display":"","site-post-title":"disabled","ast-breadcrumbs-content":"","ast-featured-img":"disabled","footer-sml-layout":"","ast-disable-related-posts":"","theme-transparent-header-meta":"default","adv-header-id-meta":"","stick-header-meta":"default","header-above-stick-meta":"","header-main-stick-meta":"","header-below-stick-meta":"","astra-migrate-meta-layouts":"default","ast-page-background-enabled":"default","ast-page-background-meta":{"desktop":{"background-color":"","background-image":"","background-repeat":"repeat","background-position":"center center","background-size":"auto","background-attachment":"scroll","background-type":"","background-media":"","overlay-type":"","overlay-color":"","overlay-opacity":"","overlay-gradient":""},"tablet":{"background-color":"","background-image":"","background-repeat":"repeat","background-position":"center center","background-size":"auto","background-attachment":"scroll","background-type":"","background-media":"","overlay-type":"","overlay-color":"","overlay-opacity":"","overlay-gradient":""},"mobile":{"background-color":"","background-image":"","background-repeat":"repeat","background-position":"center center","background-size":"auto","background-attachment":"scroll","background-type":"","background-media":"","overlay-type":"","overlay-color":"","overlay-opacity":"","overlay-gradient":""}},"ast-content-background-meta":{"desktop":{"background-color":"var(--ast-global-color-5)","background-image":"","background-repeat":"repeat","background-position":"center center","background-size":"auto","background-attachment":"scroll","background-type":"","background-media":"","overlay-type":"","overlay-color":"","overlay-opacity":"","overlay-gradient":""},"tablet":{"background-color":"var(--ast-global-color-5)","background-image":"","background-repeat":"repeat","background-position":"center center","background-size":"auto","background-attachment":"scroll","background-type":"","background-media":"","overlay-type":"","overlay-color":"","overlay-opacity":"","overlay-gradient":""},"mobile":{"background-color":"var(--ast-global-color-5)","background-image":"","background-repeat":"repeat","background-position":"center center","background-size":"auto","background-attachment":"scroll","background-type":"","background-media":"","overlay-type":"","overlay-color":"","overlay-opacity":"","overlay-gradient":""}},"footnotes":""},"class_list":["post-277","page","type-page","status-publish","hentry"],"yoast_head":"<!-- This site is optimized with the Yoast SEO plugin v27.5 - https:\/\/yoast.com\/product\/yoast-seo-wordpress\/ -->\n<title>Pourquoi Oenoterris ? - Oenoterris<\/title>\n<meta name=\"robots\" content=\"index, follow, max-snippet:-1, max-image-preview:large, max-video-preview:-1\" \/>\n<link rel=\"canonical\" href=\"https:\/\/oenoterris.com\/de\/pourquoi-oenoterris\/\" \/>\n<meta property=\"og:locale\" content=\"de_DE\" \/>\n<meta property=\"og:type\" content=\"article\" \/>\n<meta property=\"og:title\" content=\"Pourquoi Oenoterris ? - Oenoterris\" \/>\n<meta property=\"og:description\" content=\"Notre environnement Les changements climatiques sont \u00e9tudi\u00e9s depuis maintenant plusieurs dizaines d&rsquo;ann\u00e9es et la conclusion des observations faites [&hellip;]\" \/>\n<meta property=\"og:url\" content=\"https:\/\/oenoterris.com\/de\/pourquoi-oenoterris\/\" \/>\n<meta property=\"og:site_name\" content=\"Oenoterris\" \/>\n<meta property=\"article:modified_time\" content=\"2023-12-14T10:33:25+00:00\" \/>\n<meta property=\"og:image\" content=\"https:\/\/oenoterris.com\/wp-content\/uploads\/2021\/04\/figure1-po.jpg\" \/>\n<meta name=\"twitter:card\" content=\"summary_large_image\" \/>\n<meta name=\"twitter:label1\" content=\"Gesch\u00e4tzte Lesezeit\" \/>\n\t<meta name=\"twitter:data1\" content=\"6\u00a0Minuten\" \/>\n<script type=\"application\/ld+json\" class=\"yoast-schema-graph\">{\"@context\":\"https:\\\/\\\/schema.org\",\"@graph\":[{\"@type\":\"WebPage\",\"@id\":\"https:\\\/\\\/oenoterris.com\\\/pourquoi-oenoterris\\\/\",\"url\":\"https:\\\/\\\/oenoterris.com\\\/pourquoi-oenoterris\\\/\",\"name\":\"Pourquoi Oenoterris ? - Oenoterris\",\"isPartOf\":{\"@id\":\"https:\\\/\\\/oenoterris.com\\\/#website\"},\"primaryImageOfPage\":{\"@id\":\"https:\\\/\\\/oenoterris.com\\\/pourquoi-oenoterris\\\/#primaryimage\"},\"image\":{\"@id\":\"https:\\\/\\\/oenoterris.com\\\/pourquoi-oenoterris\\\/#primaryimage\"},\"thumbnailUrl\":\"https:\\\/\\\/oenoterris.com\\\/wp-content\\\/uploads\\\/2021\\\/04\\\/figure1-po.jpg\",\"datePublished\":\"2021-04-15T13:21:45+00:00\",\"dateModified\":\"2023-12-14T10:33:25+00:00\",\"breadcrumb\":{\"@id\":\"https:\\\/\\\/oenoterris.com\\\/pourquoi-oenoterris\\\/#breadcrumb\"},\"inLanguage\":\"de\",\"potentialAction\":[{\"@type\":\"ReadAction\",\"target\":[\"https:\\\/\\\/oenoterris.com\\\/pourquoi-oenoterris\\\/\"]}]},{\"@type\":\"ImageObject\",\"inLanguage\":\"de\",\"@id\":\"https:\\\/\\\/oenoterris.com\\\/pourquoi-oenoterris\\\/#primaryimage\",\"url\":\"https:\\\/\\\/oenoterris.com\\\/wp-content\\\/uploads\\\/2021\\\/04\\\/figure1-po.jpg\",\"contentUrl\":\"https:\\\/\\\/oenoterris.com\\\/wp-content\\\/uploads\\\/2021\\\/04\\\/figure1-po.jpg\"},{\"@type\":\"BreadcrumbList\",\"@id\":\"https:\\\/\\\/oenoterris.com\\\/pourquoi-oenoterris\\\/#breadcrumb\",\"itemListElement\":[{\"@type\":\"ListItem\",\"position\":1,\"name\":\"Accueil\",\"item\":\"https:\\\/\\\/oenoterris.com\\\/\"},{\"@type\":\"ListItem\",\"position\":2,\"name\":\"Pourquoi Oenoterris ?\"}]},{\"@type\":\"WebSite\",\"@id\":\"https:\\\/\\\/oenoterris.com\\\/#website\",\"url\":\"https:\\\/\\\/oenoterris.com\\\/\",\"name\":\"Oenoterris\",\"description\":\"De la vigne au vin\",\"publisher\":{\"@id\":\"https:\\\/\\\/oenoterris.com\\\/#organization\"},\"potentialAction\":[{\"@type\":\"SearchAction\",\"target\":{\"@type\":\"EntryPoint\",\"urlTemplate\":\"https:\\\/\\\/oenoterris.com\\\/?s={search_term_string}\"},\"query-input\":{\"@type\":\"PropertyValueSpecification\",\"valueRequired\":true,\"valueName\":\"search_term_string\"}}],\"inLanguage\":\"de\"},{\"@type\":\"Organization\",\"@id\":\"https:\\\/\\\/oenoterris.com\\\/#organization\",\"name\":\"Oenoterris\",\"url\":\"https:\\\/\\\/oenoterris.com\\\/\",\"logo\":{\"@type\":\"ImageObject\",\"inLanguage\":\"de\",\"@id\":\"https:\\\/\\\/oenoterris.com\\\/#\\\/schema\\\/logo\\\/image\\\/\",\"url\":\"https:\\\/\\\/oenoterris.com\\\/wp-content\\\/uploads\\\/2023\\\/09\\\/oenoterris-logo.png\",\"contentUrl\":\"https:\\\/\\\/oenoterris.com\\\/wp-content\\\/uploads\\\/2023\\\/09\\\/oenoterris-logo.png\",\"width\":600,\"height\":242,\"caption\":\"Oenoterris\"},\"image\":{\"@id\":\"https:\\\/\\\/oenoterris.com\\\/#\\\/schema\\\/logo\\\/image\\\/\"}}]}<\/script>\n<!-- \/ Yoast SEO plugin. -->","yoast_head_json":{"title":"Warum Oenoterris? - Oenoterris","robots":{"index":"index","follow":"follow","max-snippet":"max-snippet:-1","max-image-preview":"max-image-preview:large","max-video-preview":"max-video-preview:-1"},"canonical":"https:\/\/oenoterris.com\/de\/pourquoi-oenoterris\/","og_locale":"de_DE","og_type":"article","og_title":"Pourquoi Oenoterris ? - Oenoterris","og_description":"Notre environnement Les changements climatiques sont \u00e9tudi\u00e9s depuis maintenant plusieurs dizaines d&rsquo;ann\u00e9es et la conclusion des observations faites [&hellip;]","og_url":"https:\/\/oenoterris.com\/de\/pourquoi-oenoterris\/","og_site_name":"Oenoterris","article_modified_time":"2023-12-14T10:33:25+00:00","og_image":[{"url":"https:\/\/oenoterris.com\/wp-content\/uploads\/2021\/04\/figure1-po.jpg","type":"","width":"","height":""}],"twitter_card":"summary_large_image","twitter_misc":{"Gesch\u00e4tzte Lesezeit":"6\u00a0Minuten"},"schema":{"@context":"https:\/\/schema.org","@graph":[{"@type":"WebPage","@id":"https:\/\/oenoterris.com\/pourquoi-oenoterris\/","url":"https:\/\/oenoterris.com\/pourquoi-oenoterris\/","name":"Warum Oenoterris? - Oenoterris","isPartOf":{"@id":"https:\/\/oenoterris.com\/#website"},"primaryImageOfPage":{"@id":"https:\/\/oenoterris.com\/pourquoi-oenoterris\/#primaryimage"},"image":{"@id":"https:\/\/oenoterris.com\/pourquoi-oenoterris\/#primaryimage"},"thumbnailUrl":"https:\/\/oenoterris.com\/wp-content\/uploads\/2021\/04\/figure1-po.jpg","datePublished":"2021-04-15T13:21:45+00:00","dateModified":"2023-12-14T10:33:25+00:00","breadcrumb":{"@id":"https:\/\/oenoterris.com\/pourquoi-oenoterris\/#breadcrumb"},"inLanguage":"de","potentialAction":[{"@type":"ReadAction","target":["https:\/\/oenoterris.com\/pourquoi-oenoterris\/"]}]},{"@type":"ImageObject","inLanguage":"de","@id":"https:\/\/oenoterris.com\/pourquoi-oenoterris\/#primaryimage","url":"https:\/\/oenoterris.com\/wp-content\/uploads\/2021\/04\/figure1-po.jpg","contentUrl":"https:\/\/oenoterris.com\/wp-content\/uploads\/2021\/04\/figure1-po.jpg"},{"@type":"BreadcrumbList","@id":"https:\/\/oenoterris.com\/pourquoi-oenoterris\/#breadcrumb","itemListElement":[{"@type":"ListItem","position":1,"name":"Accueil","item":"https:\/\/oenoterris.com\/"},{"@type":"ListItem","position":2,"name":"Pourquoi Oenoterris ?"}]},{"@type":"WebSite","@id":"https:\/\/oenoterris.com\/#website","url":"https:\/\/oenoterris.com\/","name":"Oenoterris","description":"Von der Rebe bis zum Wein","publisher":{"@id":"https:\/\/oenoterris.com\/#organization"},"potentialAction":[{"@type":"SearchAction","target":{"@type":"EntryPoint","urlTemplate":"https:\/\/oenoterris.com\/?s={search_term_string}"},"query-input":{"@type":"PropertyValueSpecification","valueRequired":true,"valueName":"search_term_string"}}],"inLanguage":"de"},{"@type":"Organization","@id":"https:\/\/oenoterris.com\/#organization","name":"Oenoterris","url":"https:\/\/oenoterris.com\/","logo":{"@type":"ImageObject","inLanguage":"de","@id":"https:\/\/oenoterris.com\/#\/schema\/logo\/image\/","url":"https:\/\/oenoterris.com\/wp-content\/uploads\/2023\/09\/oenoterris-logo.png","contentUrl":"https:\/\/oenoterris.com\/wp-content\/uploads\/2023\/09\/oenoterris-logo.png","width":600,"height":242,"caption":"Oenoterris"},"image":{"@id":"https:\/\/oenoterris.com\/#\/schema\/logo\/image\/"}}]}},"_links":{"self":[{"href":"https:\/\/oenoterris.com\/de\/wp-json\/wp\/v2\/pages\/277","targetHints":{"allow":["GET"]}}],"collection":[{"href":"https:\/\/oenoterris.com\/de\/wp-json\/wp\/v2\/pages"}],"about":[{"href":"https:\/\/oenoterris.com\/de\/wp-json\/wp\/v2\/types\/page"}],"author":[{"embeddable":true,"href":"https:\/\/oenoterris.com\/de\/wp-json\/wp\/v2\/users\/2"}],"replies":[{"embeddable":true,"href":"https:\/\/oenoterris.com\/de\/wp-json\/wp\/v2\/comments?post=277"}],"version-history":[{"count":6,"href":"https:\/\/oenoterris.com\/de\/wp-json\/wp\/v2\/pages\/277\/revisions"}],"predecessor-version":[{"id":2970,"href":"https:\/\/oenoterris.com\/de\/wp-json\/wp\/v2\/pages\/277\/revisions\/2970"}],"wp:attachment":[{"href":"https:\/\/oenoterris.com\/de\/wp-json\/wp\/v2\/media?parent=277"}],"curies":[{"name":"wp","href":"https:\/\/api.w.org\/{rel}","templated":true}]}}